{"id":764844,"date":"2025-08-28T11:23:36","date_gmt":"2025-08-28T08:23:36","guid":{"rendered":"https:\/\/roveyayinevi.com.tr\/index.php\/urun\/eksiliyorum-gitgide\/"},"modified":"2026-04-15T03:30:47","modified_gmt":"2026-04-15T00:30:47","slug":"eksiliyorum-gitgide","status":"publish","type":"product","link":"https:\/\/roveyayinevi.com.tr\/index.php\/urun\/eksiliyorum-gitgide\/","title":{"rendered":"Eksiliyorum Gitgide"},"content":{"rendered":"<p>Ya\u015fam\u0131n ola\u011fan ak\u0131\u015f\u0131ndan\u2026 Bir zaman, bir yerde duymu\u015fuz da hemen o an unutuvermi\u015fiz gibi\u2026 Tan\u0131d\u0131k ama bir o kadar da uzak\u2026 \u00dczerine d\u00fc\u015f\u00fcn\u00fclmemi\u015fleri d\u00fc\u015f\u00fcnmeye, unutulmu\u015flar\u0131 hat\u0131rlamaya, sessiz kalanlar\u0131 \u00e7\u0131\u011fl\u0131k atmaya iten \u00f6yk\u00fcler\u2026 Gitgide eksilenlerin hik\u00e2yeleri\u2026     \u201c\u00c7ocuk sesleri de gidince pazar kasveti ya\u011fmurla birlikte iyice bast\u0131. Balkondan sandalyemi i\u00e7eri ald\u0131m. \u00c7ay\u0131m da bitmi\u015fti zaten. Sohbetlerimize e\u015flik eden ince beller k\u0131r\u0131ld\u0131 \u00e7oktan. Son kalan \u00e7ay taba\u011f\u0131 da k\u00fcll\u00fck g\u00f6revinde, onun da kenar\u0131 \u00e7atlam\u0131\u015f. \u0130\u00e7inde izmaritler, biraz da su.\u201d<\/p>\n","protected":false},"excerpt":{"rendered":"<p>Ya\u015fam\u0131n ola\u011fan ak\u0131\u015f\u0131ndan\u2026 Bir zaman, bir yerde duymu\u015fuz da hemen o an unutuvermi\u015fiz gibi\u2026 Tan\u0131d\u0131k ama bir o kadar da uzak\u2026 \u00dczerine d\u00fc\u015f\u00fcn\u00fclmemi\u015fleri d\u00fc\u015f\u00fcnmeye, unutulmu\u015flar\u0131 hat\u0131rlamaya,<span class=\"excerpt-hellip\"> [\u2026]<\/span><\/p>\n","protected":false},"featured_media":0,"template":"","meta":{"_monsterinsights_skip_tracking":false,"_monsterinsights_sitenote_active":false,"_monsterinsights_sitenote_note":"","_monsterinsights_sitenote_category":0},"product_brand":[],"product_cat":[12291,18202],"product_tag":[],"class_list":{"0":"post-764844","1":"product","2":"type-product","3":"status-publish","5":"product_cat-edebiyat","6":"product_cat-hikaye","7":"pa_cilt-ciltsiz","8":"pa_tur-kitap","9":"pa_yayinevi-luna-yayinlari","10":"pa_yazar-secil-erginler","12":"first","13":"instock","14":"sale","15":"shipping-taxable","16":"purchasable","17":"product-type-simple"},"_links":{"self":[{"href":"https:\/\/roveyayinevi.com.tr\/index.php\/wp-json\/wp\/v2\/product\/764844","targetHints":{"allow":["GET"]}}],"collection":[{"href":"https:\/\/roveyayinevi.com.tr\/index.php\/wp-json\/wp\/v2\/product"}],"about":[{"href":"https:\/\/roveyayinevi.com.tr\/index.php\/wp-json\/wp\/v2\/types\/product"}],"wp:attachment":[{"href":"https:\/\/roveyayinevi.com.tr\/index.php\/wp-json\/wp\/v2\/media?parent=764844"}],"wp:term":[{"taxonomy":"product_brand","embeddable":true,"href":"https:\/\/roveyayinevi.com.tr\/index.php\/wp-json\/wp\/v2\/product_brand?post=764844"},{"taxonomy":"product_cat","embeddable":true,"href":"https:\/\/roveyayinevi.com.tr\/index.php\/wp-json\/wp\/v2\/product_cat?post=764844"},{"taxonomy":"product_tag","embeddable":true,"href":"https:\/\/roveyayinevi.com.tr\/index.php\/wp-json\/wp\/v2\/product_tag?post=764844"}],"curies":[{"name":"wp","href":"https:\/\/api.w.org\/{rel}","templated":true}]}}