{"id":764841,"date":"2025-08-28T11:23:30","date_gmt":"2025-08-28T08:23:30","guid":{"rendered":"https:\/\/roveyayinevi.com.tr\/index.php\/urun\/dus-pesime-2\/"},"modified":"2026-04-13T03:26:13","modified_gmt":"2026-04-13T00:26:13","slug":"dus-pesime-2","status":"publish","type":"product","link":"https:\/\/roveyayinevi.com.tr\/index.php\/urun\/dus-pesime-2\/","title":{"rendered":"D\u00fc\u015f Pe\u015fime"},"content":{"rendered":"<p>Londra sosyetesinin b\u00fcy\u00fck mirasyedilerinden Olivia Kelly, alt\u0131 ay i\u00e7inde a\u015f\u0131k oldu\u011fu adam ile evlenmi\u015fti. O g\u00fcne dek hayat\u0131ndaki tek zorluk; aile servetini idare etmek ve pe\u015finde bir bas\u0131n ordusuyla gezmek olan Olivia sonunda yak\u0131\u015f\u0131kl\u0131 ve varl\u0131kl\u0131 bir adamla hayat\u0131n\u0131 birle\u015ftirmi\u015fti, ancak damad\u0131n d\u00fc\u011f\u00fcn gecesi esrarengiz bir \u015fekilde kaybolmas\u0131yla bu mutlulu\u011fu k\u0131sa s\u00fcrd\u00fc. Damat kay\u0131p gelin ise umutsuzdu&#8230; Skandal haber bas\u0131na s\u0131zmadan evvel kocas\u0131n\u0131 bulabilmek i\u00e7in tek yol \u00f6zel bir dedektiflik \u015firketiyle anla\u015fmakt\u0131. \u015eirketin \u00f6nerdi\u011fi adam ise kelimenin tam anlam\u0131yla bir ba\u015f belas\u0131yd\u0131. Ne yaz\u0131k ki Olivia&#8217;n\u0131n Max Walker denen bu adama ihtiyac\u0131 vard\u0131. Fakat bu, onun k\u00fcstahl\u0131klar\u0131n\u0131 kabul edece\u011fi ve her f\u0131rsatta ona haddini bildirmeyece\u011fi anlam\u0131na gelmiyordu. Biri; inat\u00e7\u0131, dik ba\u015fl\u0131, h\u0131r\u00e7\u0131n ve g\u00fczel. Di\u011feri; zeki, k\u00fcstah, kurnaz, \u00e7apk\u0131n ve yak\u0131\u015f\u0131kl\u0131. Peki, birbirlerine kutuplar kadar z\u0131t olan bu ikili, \u00e7\u0131kt\u0131klar\u0131 yoldan yara almadan geri d\u00f6nmeyi ba\u015farabilecek mi? &#8220;D\u00fc\u015f Pe\u015fime!&#8221; size s\u0131n\u0131rs\u0131z kahkaha, e\u011flence ve a\u015fk\u0131 bir arada sunuyor. &#8220;Bela m\u0131 ar\u0131yorsun? Hadi d\u00fc\u015f pe\u015fime!&#8221; <\/p>\n","protected":false},"excerpt":{"rendered":"<p>Londra sosyetesinin b\u00fcy\u00fck mirasyedilerinden Olivia Kelly, alt\u0131 ay i\u00e7inde a\u015f\u0131k oldu\u011fu adam ile evlenmi\u015fti. O g\u00fcne dek hayat\u0131ndaki tek zorluk; aile servetini idare etmek ve pe\u015finde<span class=\"excerpt-hellip\"> [\u2026]<\/span><\/p>\n","protected":false},"featured_media":0,"template":"","meta":{"_monsterinsights_skip_tracking":false,"_monsterinsights_sitenote_active":false,"_monsterinsights_sitenote_note":"","_monsterinsights_sitenote_category":0},"product_brand":[],"product_cat":[12291,12711],"product_tag":[],"class_list":{"0":"post-764841","1":"product","2":"type-product","3":"status-publish","5":"product_cat-edebiyat","6":"product_cat-roman-oyku","7":"pa_cilt-ciltsiz","8":"pa_tur-kitap","9":"pa_yayinevi-lolla-yayinlari","10":"pa_yazar-sage-taylors","12":"first","13":"instock","14":"sale","15":"shipping-taxable","16":"purchasable","17":"product-type-simple"},"_links":{"self":[{"href":"https:\/\/roveyayinevi.com.tr\/index.php\/wp-json\/wp\/v2\/product\/764841","targetHints":{"allow":["GET"]}}],"collection":[{"href":"https:\/\/roveyayinevi.com.tr\/index.php\/wp-json\/wp\/v2\/product"}],"about":[{"href":"https:\/\/roveyayinevi.com.tr\/index.php\/wp-json\/wp\/v2\/types\/product"}],"wp:attachment":[{"href":"https:\/\/roveyayinevi.com.tr\/index.php\/wp-json\/wp\/v2\/media?parent=764841"}],"wp:term":[{"taxonomy":"product_brand","embeddable":true,"href":"https:\/\/roveyayinevi.com.tr\/index.php\/wp-json\/wp\/v2\/product_brand?post=764841"},{"taxonomy":"product_cat","embeddable":true,"href":"https:\/\/roveyayinevi.com.tr\/index.php\/wp-json\/wp\/v2\/product_cat?post=764841"},{"taxonomy":"product_tag","embeddable":true,"href":"https:\/\/roveyayinevi.com.tr\/index.php\/wp-json\/wp\/v2\/product_tag?post=764841"}],"curies":[{"name":"wp","href":"https:\/\/api.w.org\/{rel}","templated":true}]}}