{"id":764837,"date":"2025-08-28T11:23:23","date_gmt":"2025-08-28T08:23:23","guid":{"rendered":"https:\/\/roveyayinevi.com.tr\/index.php\/urun\/oonanin-zamansiz-hayati\/"},"modified":"2026-04-15T03:30:47","modified_gmt":"2026-04-15T00:30:47","slug":"oonanin-zamansiz-hayati","status":"publish","type":"product","link":"https:\/\/roveyayinevi.com.tr\/index.php\/urun\/oonanin-zamansiz-hayati\/","title":{"rendered":"Oona&#8217;n\u0131n Zamans\u0131z Hayat\u0131"},"content":{"rendered":"<p>Amazon Edit\u00f6rlerinin Se\u00e7ti\u011fi Y\u0131l\u0131n En \u0130yi 20 Kitab\u0131ndan Biri   \u201cSay\u0131s\u0131z ayd\u0131nlanma \u00e2n\u0131 ve s\u00fcrprizleriyle, Oona\u2019y\u0131 elinizden d\u00fc\u015f\u00fcrmeniz \u00e7ok zor.\u201d  \u2013USA Today \u201cZaman zaman trajik ama zaferlerle dolu bu kitap, en nihayetinde mutluluk veren ve \u00f6zg\u00fcrle\u015ftiren bir hik\u00e2ye.\u201d  \u2013The Guardian \u201cLiane Moriarty\u2019nin Yeniden Ba\u015flamak \u0130\u00e7in G\u00fczel Bir G\u00fcn ve Kate Atkinson\u2019\u0131n Hayat, Sil Ba\u015ftan\u2019\u0131n\u0131 an\u0131msatan Oona&#8217;n\u0131n Zamans\u0131z Hayat\u0131 keyifli ve \u00f6zg\u00fcn bir eser.\u201d  \u2013Booklist   Her yeni y\u0131l beraberinde yeni umutlar getirir ancak 1982&#8217;nin yeni y\u0131l arifesinde 18 ya\u015f\u0131ndaki Oona Lockhart&#8217;\u0131n hissetti\u011fi \u015fey s\u0131radan bir heyecan de\u011fildir. Ekonomi okumak i\u00e7in Londra&#8217;ya m\u0131 gitmeli, yoksa Brooklyn&#8217;de kal\u0131p erkek arkada\u015f\u0131yla birlikte m\u00fczi\u011fe olan tutkusunun pe\u015fine mi d\u00fc\u015fmelidir? Yeni y\u0131l i\u00e7in geri say\u0131m ba\u015flarken, Oona bilincini yitirir; uyand\u0131\u011f\u0131ndaysa bir sonraki y\u0131l\u0131n ilk g\u00fcn\u00fcne uyanmam\u0131\u015ft\u0131r. Bunun yerine kendini otuz iki y\u0131l sonras\u0131nda, 51 ya\u015f\u0131ndaki bedeninde bulur. Her yeni y\u0131lda rasgele bir zamana atlayaca\u011f\u0131n\u0131 \u00f6\u011frenen Oona, ge\u00e7mi\u015fi ve gelece\u011fiyle y\u00fczle\u015fip zamans\u0131z bir hayat s\u00fcrerken her defas\u0131nda hayat\u0131n\u0131 yeniden ke\u015ffetmek zorundad\u0131r. Art\u0131k gelece\u011fe dair plan yaparken yaln\u0131zca 365 g\u00fcn\u00fc hesaplamas\u0131 gerekiyordur. Bir sonraki y\u0131l ka\u00e7 ya\u015f\u0131nda uyanacakt\u0131r? Daha da \u00f6nemlisi kim olacakt\u0131r?<\/p>\n","protected":false},"excerpt":{"rendered":"<p>Amazon Edit\u00f6rlerinin Se\u00e7ti\u011fi Y\u0131l\u0131n En \u0130yi 20 Kitab\u0131ndan Biri \u201cSay\u0131s\u0131z ayd\u0131nlanma \u00e2n\u0131 ve s\u00fcrprizleriyle, Oona\u2019y\u0131 elinizden d\u00fc\u015f\u00fcrmeniz \u00e7ok zor.\u201d \u2013USA Today \u201cZaman zaman trajik ama zaferlerle<span class=\"excerpt-hellip\"> [\u2026]<\/span><\/p>\n","protected":false},"featured_media":0,"template":"","meta":{"_monsterinsights_skip_tracking":false,"_monsterinsights_sitenote_active":false,"_monsterinsights_sitenote_note":"","_monsterinsights_sitenote_category":0},"product_brand":[],"product_cat":[12540,12291],"product_tag":[],"class_list":{"0":"post-764837","1":"product","2":"type-product","3":"status-publish","5":"product_cat-bilim-kurgu","6":"product_cat-edebiyat","7":"pa_cilt-ciltsiz","8":"pa_tur-kitap","9":"pa_yayinevi-epsilon-yayinlari","10":"pa_yazar-margarita-montimore","12":"first","13":"instock","14":"sale","15":"shipping-taxable","16":"purchasable","17":"product-type-simple"},"_links":{"self":[{"href":"https:\/\/roveyayinevi.com.tr\/index.php\/wp-json\/wp\/v2\/product\/764837","targetHints":{"allow":["GET"]}}],"collection":[{"href":"https:\/\/roveyayinevi.com.tr\/index.php\/wp-json\/wp\/v2\/product"}],"about":[{"href":"https:\/\/roveyayinevi.com.tr\/index.php\/wp-json\/wp\/v2\/types\/product"}],"wp:attachment":[{"href":"https:\/\/roveyayinevi.com.tr\/index.php\/wp-json\/wp\/v2\/media?parent=764837"}],"wp:term":[{"taxonomy":"product_brand","embeddable":true,"href":"https:\/\/roveyayinevi.com.tr\/index.php\/wp-json\/wp\/v2\/product_brand?post=764837"},{"taxonomy":"product_cat","embeddable":true,"href":"https:\/\/roveyayinevi.com.tr\/index.php\/wp-json\/wp\/v2\/product_cat?post=764837"},{"taxonomy":"product_tag","embeddable":true,"href":"https:\/\/roveyayinevi.com.tr\/index.php\/wp-json\/wp\/v2\/product_tag?post=764837"}],"curies":[{"name":"wp","href":"https:\/\/api.w.org\/{rel}","templated":true}]}}