{"id":764836,"date":"2025-08-28T11:23:21","date_gmt":"2025-08-28T08:23:21","guid":{"rendered":"https:\/\/roveyayinevi.com.tr\/index.php\/urun\/bilge-tarih-sohbetleri\/"},"modified":"2026-04-15T03:30:47","modified_gmt":"2026-04-15T00:30:47","slug":"bilge-tarih-sohbetleri","status":"publish","type":"product","link":"https:\/\/roveyayinevi.com.tr\/index.php\/urun\/bilge-tarih-sohbetleri\/","title":{"rendered":"Bilge Tarih Sohbetleri"},"content":{"rendered":"<p>Bilge Tarih Sohbetleri, gen\u00e7 ya\u015f\u0131nda kaybetti\u011fimiz tarih\u00e7i \u00d6mer Bilgehan Ayd\u0131n\u2019\u0131n derin bilgi birikiminin ve tutkusunun bir sonucu. Kitap, okurlar\u0131 tarihin \u00e7e\u015fitli d\u00f6nemlerinde bir yolculu\u011fa \u00e7\u0131kar\u0131yor ve Sel\u00e7uklu\u2019dan Osmanl\u0131\u2019ya, asker\u00ee tarihten minyat\u00fcr sanat\u0131na kadar geni\u015f bir yelpazede farkl\u0131 konular\u0131 ele al\u0131yor. Bilge Tarih Sohbetleri; \u0130smail Er\u00fcnsal, Erhan Afyoncu, Mehmet \u0130p\u015firli, Zeynep Tar\u0131m, Mehmet Akif Ayd\u0131n gibi alanlar\u0131nda yetkin bir\u00e7ok isimle yap\u0131lan r\u00f6portajlarla tarih severlere pek \u00e7ok kap\u0131y\u0131 aralayan bir kitap.\u00d6mer Bilgehan Ayd\u0131n, her bir r\u00f6portajda derinlemesine ve titizlikle haz\u0131rlad\u0131\u011f\u0131 sorular\u0131yla okurlar\u0131 d\u00fc\u015f\u00fcnd\u00fcr\u00fcyor ve bilgilendiriyor. B\u00f6ylece, her bir b\u00f6l\u00fcmde, okurlara yeni perspektifler sunan bu eser, tarih\u00ee olaylar\u0131n ve kavramlar\u0131n ard\u0131nda yatan anlamlar\u0131 g\u00fcn y\u00fcz\u00fcne \u00e7\u0131karmaya \u00e7al\u0131\u015f\u0131yor.Bilge Tarih Sohbetleri sadece tarihe ilgi duyanlar i\u00e7in de\u011fil, ayn\u0131 zamanda sorgulayan ve \u00f6\u011frenme hevesi bulunan herkes i\u00e7in bir rehber niteli\u011finde. Bilgehan Ayd\u0131n\u2019\u0131n an\u0131s\u0131na sayg\u0131yla haz\u0131rlanm\u0131\u015f bu eser, onun b\u0131rakt\u0131\u011f\u0131 derin izlerin ve katk\u0131lar\u0131n bir yans\u0131mas\u0131 olarak okurlar\u0131n\u0131 \u201cbilgece\u201d bir sohbete davet ediyor.<\/p>\n","protected":false},"excerpt":{"rendered":"<p>Bilge Tarih Sohbetleri, gen\u00e7 ya\u015f\u0131nda kaybetti\u011fimiz tarih\u00e7i \u00d6mer Bilgehan Ayd\u0131n\u2019\u0131n derin bilgi birikiminin ve tutkusunun bir sonucu. Kitap, okurlar\u0131 tarihin \u00e7e\u015fitli d\u00f6nemlerinde bir yolculu\u011fa \u00e7\u0131kar\u0131yor ve<span class=\"excerpt-hellip\"> [\u2026]<\/span><\/p>\n","protected":false},"featured_media":0,"template":"","meta":{"_monsterinsights_skip_tracking":false,"_monsterinsights_sitenote_active":false,"_monsterinsights_sitenote_note":"","_monsterinsights_sitenote_category":0},"product_brand":[],"product_cat":[12291,104362],"product_tag":[],"class_list":{"0":"post-764836","1":"product","2":"type-product","3":"status-publish","5":"product_cat-edebiyat","6":"product_cat-makale","7":"pa_cilt-ciltsiz","8":"pa_tur-kitap","9":"pa_yayinevi-otuken-nesriyat","10":"pa_yazar-omer-bilgehan-aydin","12":"first","13":"instock","14":"sale","15":"shipping-taxable","16":"purchasable","17":"product-type-simple"},"_links":{"self":[{"href":"https:\/\/roveyayinevi.com.tr\/index.php\/wp-json\/wp\/v2\/product\/764836","targetHints":{"allow":["GET"]}}],"collection":[{"href":"https:\/\/roveyayinevi.com.tr\/index.php\/wp-json\/wp\/v2\/product"}],"about":[{"href":"https:\/\/roveyayinevi.com.tr\/index.php\/wp-json\/wp\/v2\/types\/product"}],"wp:attachment":[{"href":"https:\/\/roveyayinevi.com.tr\/index.php\/wp-json\/wp\/v2\/media?parent=764836"}],"wp:term":[{"taxonomy":"product_brand","embeddable":true,"href":"https:\/\/roveyayinevi.com.tr\/index.php\/wp-json\/wp\/v2\/product_brand?post=764836"},{"taxonomy":"product_cat","embeddable":true,"href":"https:\/\/roveyayinevi.com.tr\/index.php\/wp-json\/wp\/v2\/product_cat?post=764836"},{"taxonomy":"product_tag","embeddable":true,"href":"https:\/\/roveyayinevi.com.tr\/index.php\/wp-json\/wp\/v2\/product_tag?post=764836"}],"curies":[{"name":"wp","href":"https:\/\/api.w.org\/{rel}","templated":true}]}}