{"id":764835,"date":"2025-08-28T11:23:20","date_gmt":"2025-08-28T08:23:20","guid":{"rendered":"https:\/\/roveyayinevi.com.tr\/index.php\/urun\/cografyanin-gucu\/"},"modified":"2026-04-15T03:30:47","modified_gmt":"2026-04-15T00:30:47","slug":"cografyanin-gucu","status":"publish","type":"product","link":"https:\/\/roveyayinevi.com.tr\/index.php\/urun\/cografyanin-gucu\/","title":{"rendered":"Co\u011frafyan\u0131n G\u00fcc\u00fc"},"content":{"rendered":"<p>On Farkl\u0131 B\u00f6lge, Bir Ortak Ger\u00e7ek: Co\u011frafya, Gelece\u011fimizi \u015eekillendirmeye Devam Ediyor. Tim Marshall\u2019\u0131n d\u00fcnya \u00e7ap\u0131nda \u00e7oksatan kitab\u0131 Co\u011frafya Mahk\u00fbmlar\u0131 da\u011flar, nehirler ve denizlerin bir \u00fclkenin kaderini nas\u0131l \u015fekillendirdi\u011fini g\u00f6sterdi. O zamandan beri co\u011frafya de\u011fi\u015fmedi ama d\u00fcnyam\u0131z de\u011fi\u015fti. Marshall yeni kitab\u0131 Co\u011frafyan\u0131n G\u00fcc\u00fc: D\u00fcnyam\u0131z\u0131n Gelece\u011fini G\u00f6steren On Harita ile bizi k\u00fcresel siyaseti ve g\u00fcc\u00fc elinde tutan \u00fclkelere do\u011fru bir yolculu\u011fa \u00e7\u0131kar\u0131yor. \u00b7                    Neden d\u00fcnya atmosferi bir sonraki sava\u015f alan\u0131 olacak?\u00b7                    Pasifik i\u00e7in m\u00fccade daha yeni mi ba\u015flad\u0131?\u00b7                    Avrupa bir sonraki m\u00fclteci krizine neden d\u00fc\u015f\u00fcn\u00fclenden daha yak\u0131n? Avustralya, Sahel, Yunanistan, T\u00fcrkiye, Birle\u015fik Krall\u0131k, \u0130ran, Etiyopya, Suudi Arabistan, \u0130spanya ve Uzay\u2019\u0131 kapsayan bu on b\u00f6l\u00fcml\u00fck kitap, k\u00fcresel d\u00fcnyam\u0131z\u0131 anlamada yol g\u00f6sterici bir rehber olma \u00f6zelli\u011fi ta\u015f\u0131yor. Marshall\u2019\u0131n kendine \u00f6zg\u00fc zek\u00e2s\u0131 ve i\u00e7g\u00f6r\u00fcs\u00fcyle kaleme ald\u0131\u011f\u0131 bu eser, co\u011frafyan\u0131n insanl\u0131\u011f\u0131n ge\u00e7mi\u015fini, bug\u00fcn\u00fcn\u00fc ve gelece\u011fini \u015fekillendirme g\u00fcc\u00fcne dair anla\u015f\u0131l\u0131r ve s\u00fcr\u00fckleyici bir ke\u015fif.<\/p>\n","protected":false},"excerpt":{"rendered":"<p>On Farkl\u0131 B\u00f6lge, Bir Ortak Ger\u00e7ek: Co\u011frafya, Gelece\u011fimizi \u015eekillendirmeye Devam Ediyor. Tim Marshall\u2019\u0131n d\u00fcnya \u00e7ap\u0131nda \u00e7oksatan kitab\u0131 Co\u011frafya Mahk\u00fbmlar\u0131 da\u011flar, nehirler ve denizlerin bir \u00fclkenin kaderini<span class=\"excerpt-hellip\"> [\u2026]<\/span><\/p>\n","protected":false},"featured_media":0,"template":"","meta":{"_monsterinsights_skip_tracking":false,"_monsterinsights_sitenote_active":false,"_monsterinsights_sitenote_note":"","_monsterinsights_sitenote_category":0},"product_brand":[],"product_cat":[13590,12337],"product_tag":[],"class_list":{"0":"post-764835","1":"product","2":"type-product","3":"status-publish","5":"product_cat-arastirma-inceleme-politika-siyaset","6":"product_cat-politika-siyaset","7":"pa_cilt-ciltsiz","8":"pa_tur-kitap","9":"pa_yayinevi-epsilon-yayinlari","10":"pa_yazar-tim-marshall","12":"first","13":"instock","14":"sale","15":"shipping-taxable","16":"purchasable","17":"product-type-simple"},"_links":{"self":[{"href":"https:\/\/roveyayinevi.com.tr\/index.php\/wp-json\/wp\/v2\/product\/764835","targetHints":{"allow":["GET"]}}],"collection":[{"href":"https:\/\/roveyayinevi.com.tr\/index.php\/wp-json\/wp\/v2\/product"}],"about":[{"href":"https:\/\/roveyayinevi.com.tr\/index.php\/wp-json\/wp\/v2\/types\/product"}],"wp:attachment":[{"href":"https:\/\/roveyayinevi.com.tr\/index.php\/wp-json\/wp\/v2\/media?parent=764835"}],"wp:term":[{"taxonomy":"product_brand","embeddable":true,"href":"https:\/\/roveyayinevi.com.tr\/index.php\/wp-json\/wp\/v2\/product_brand?post=764835"},{"taxonomy":"product_cat","embeddable":true,"href":"https:\/\/roveyayinevi.com.tr\/index.php\/wp-json\/wp\/v2\/product_cat?post=764835"},{"taxonomy":"product_tag","embeddable":true,"href":"https:\/\/roveyayinevi.com.tr\/index.php\/wp-json\/wp\/v2\/product_tag?post=764835"}],"curies":[{"name":"wp","href":"https:\/\/api.w.org\/{rel}","templated":true}]}}