{"id":764830,"date":"2025-08-28T11:23:09","date_gmt":"2025-08-28T08:23:09","guid":{"rendered":"https:\/\/roveyayinevi.com.tr\/index.php\/urun\/cumartesi-gecesi-hayalet-kulubu\/"},"modified":"2026-04-15T03:30:47","modified_gmt":"2026-04-15T00:30:47","slug":"cumartesi-gecesi-hayalet-kulubu","status":"publish","type":"product","link":"https:\/\/roveyayinevi.com.tr\/index.php\/urun\/cumartesi-gecesi-hayalet-kulubu\/","title":{"rendered":"Cumartesi Gecesi Hayalet Kul\u00fcb\u00fc"},"content":{"rendered":"<p>\u201cAnlatt\u0131\u011f\u0131m\u0131z hik\u00e2yeler, zehirli bir batakl\u0131\u011f\u0131n \u00fczerini kaplayan ince bir kire\u00e7 tabakas\u0131ndan ibaretse, bir \u015feylerin su y\u00fcz\u00fcne \u00e7\u0131kmas\u0131 ka\u00e7\u0131n\u0131lmazd\u0131r, de\u011fil mi? En korkun\u00e7 ger\u00e7ekler, gecenin en karanl\u0131k saatlerinde, en savunmas\u0131z oldu\u011fumuz anlarda ortaya \u00e7\u0131kacakt\u0131r.\u201d   S\u0131radan hayatlar\u0131n b\u00fcy\u00fck gizemlerle bulu\u015ftu\u011fu Niagara \u015eelaleleri\u2019ne ho\u015f geldiniz! \u0130konik \u015felalenin g\u00f6lgesinde b\u00fcy\u00fcyen k\u00fc\u00e7\u00fck bir \u00e7ocuk olan Jake i\u00e7in hayat, do\u011fa\u00fcst\u00fc hik\u00e2yelerle ve efsanelerin \u00fcrk\u00fct\u00fcc\u00fc yank\u0131lar\u0131yla doludur. Eksantrik day\u0131s\u0131 Calvin\u2019in rehberli\u011finde Jake, ke\u015ffetmenin heyecan\u0131yla b\u00fcy\u00fcmenin sanc\u0131lar\u0131n\u0131 harmanlayan bir dizi hayalet av\u0131 maceras\u0131na at\u0131l\u0131r. \u00d6d\u00fcll\u00fc yazar Craig Davidson, bu eserinde haf\u0131zan\u0131n k\u0131r\u0131lgan do\u011fas\u0131n\u0131 ve hayatlar\u0131m\u0131z\u0131 \u015fekillendiren hik\u00e2yeleri \u00fcrk\u00fct\u00fcc\u00fc derecede etkileyici bir dille anlat\u0131yor. Ger\u00e7eklik ve hayal aras\u0131ndaki bulan\u0131k \u00e7izgide gezinen ve s\u0131radan\u0131n \u00f6tesinde gizlenen s\u0131rlar\u0131 ortaya \u00e7\u0131karan Jake ve arkada\u015flar\u0131na kat\u0131l\u0131n!<\/p>\n","protected":false},"excerpt":{"rendered":"<p>\u201cAnlatt\u0131\u011f\u0131m\u0131z hik\u00e2yeler, zehirli bir batakl\u0131\u011f\u0131n \u00fczerini kaplayan ince bir kire\u00e7 tabakas\u0131ndan ibaretse, bir \u015feylerin su y\u00fcz\u00fcne \u00e7\u0131kmas\u0131 ka\u00e7\u0131n\u0131lmazd\u0131r, de\u011fil mi? En korkun\u00e7 ger\u00e7ekler, gecenin en karanl\u0131k<span class=\"excerpt-hellip\"> [\u2026]<\/span><\/p>\n","protected":false},"featured_media":0,"template":"","meta":{"_monsterinsights_skip_tracking":false,"_monsterinsights_sitenote_active":false,"_monsterinsights_sitenote_note":"","_monsterinsights_sitenote_category":0},"product_brand":[],"product_cat":[12291,18202],"product_tag":[],"class_list":{"0":"post-764830","1":"product","2":"type-product","3":"status-publish","5":"product_cat-edebiyat","6":"product_cat-hikaye","7":"pa_cilt-ciltsiz","8":"pa_tur-kitap","9":"pa_yayinevi-epsilon-yayinlari","10":"pa_yazar-craig-davidson","12":"first","13":"instock","14":"sale","15":"shipping-taxable","16":"purchasable","17":"product-type-simple"},"_links":{"self":[{"href":"https:\/\/roveyayinevi.com.tr\/index.php\/wp-json\/wp\/v2\/product\/764830","targetHints":{"allow":["GET"]}}],"collection":[{"href":"https:\/\/roveyayinevi.com.tr\/index.php\/wp-json\/wp\/v2\/product"}],"about":[{"href":"https:\/\/roveyayinevi.com.tr\/index.php\/wp-json\/wp\/v2\/types\/product"}],"wp:attachment":[{"href":"https:\/\/roveyayinevi.com.tr\/index.php\/wp-json\/wp\/v2\/media?parent=764830"}],"wp:term":[{"taxonomy":"product_brand","embeddable":true,"href":"https:\/\/roveyayinevi.com.tr\/index.php\/wp-json\/wp\/v2\/product_brand?post=764830"},{"taxonomy":"product_cat","embeddable":true,"href":"https:\/\/roveyayinevi.com.tr\/index.php\/wp-json\/wp\/v2\/product_cat?post=764830"},{"taxonomy":"product_tag","embeddable":true,"href":"https:\/\/roveyayinevi.com.tr\/index.php\/wp-json\/wp\/v2\/product_tag?post=764830"}],"curies":[{"name":"wp","href":"https:\/\/api.w.org\/{rel}","templated":true}]}}