{"id":764829,"date":"2025-08-28T11:22:39","date_gmt":"2025-08-28T08:22:39","guid":{"rendered":"https:\/\/roveyayinevi.com.tr\/index.php\/urun\/hatasiz-sinif\/"},"modified":"2026-04-07T03:25:05","modified_gmt":"2026-04-07T00:25:05","slug":"hatasiz-sinif","status":"publish","type":"product","link":"https:\/\/roveyayinevi.com.tr\/index.php\/urun\/hatasiz-sinif\/","title":{"rendered":"Hatas\u0131z S\u0131n\u0131f"},"content":{"rendered":"<p>\u00c7at\u0131\u015fmalar\u0131 \u00c7\u00f6zmek ve \u0130li\u015fki Zek\u00e2s\u0131n\u0131 Geli\u015ftirmek i\u00e7in \u015eiddetsiz \u0130leti\u015fim Temelli Ara\u00e7lar Hatas\u0131z S\u0131n\u0131f, \u00f6\u011fretmenler i\u00e7in s\u0131n\u0131f y\u00f6netiminde \u00e7\u0131\u011f\u0131r a\u00e7\u0131yor! \u015eiddet i\u00e7eren davran\u0131\u015flar\u0131 s\u0131n\u0131f\u0131n d\u0131\u015f\u0131na, oyun alan\u0131na veya okul d\u0131\u015f\u0131na ta\u015f\u0131maktan ibaret olan geleneksel disiplin y\u00f6ntemlerinden farkl\u0131 olarak Hatas\u0131z S\u0131n\u0131f \u00f6\u011frencilere \u00f6m\u00fcr boyu katk\u0131da bulunacak sorun \u00e7\u00f6zme, empatik dinleme ve \u00e7at\u0131\u015fmalar\u0131 d\u00f6n\u00fc\u015ft\u00fcrme becerileri geli\u015ftirme yolunda rehberlik ediyor. Ad\u0131m ad\u0131m birbirine \u00f6r\u00fclen yirmiden fazla ders, \u00f6\u011frencilerle birlikte haz\u0131rlanan materyaller ve kolay uyarlanabilir senaryolar, e\u011fitimcilerin s\u0131n\u0131fta d\u00fczen sa\u011flay\u0131p i\u015fbirli\u011fi ortam\u0131 kurmak ve \u00f6\u011frenmeye ilgi uyand\u0131rmak i\u00e7in ihtiya\u00e7 duyduklar\u0131 ara\u00e7lar sunuyor. M\u00fcfredatla ba\u011flant\u0131lar, \u00f6\u011fretmenlere ileti\u015fim ara\u00e7lar\u0131n\u0131 mevcut e\u011fitim sisteminin gereklili\u011fi olan akademik kazan\u0131mlar\u0131n edinilmesi yolunda nas\u0131l kullanacaklar\u0131 konusunda rehberlik ediyor. \u015eiddetsiz \u0130leti\u015fim temelli bu rehber kitab\u0131 kullanarak ilgililer, \u2022 \u00d6\u011frencileri kendi anla\u015fmazl\u0131klar\u0131n\u0131 \u00f6nlemek ve \u00e7\u00f6zmek konusunda g\u00fc\u00e7lendirebilir, \u2022 Empati ve sayg\u0131y\u0131 kolayla\u015ft\u0131ran bir ortam yaratabilir, \u2022 \u00c7ocuklar\u0131n\u0131z\u0131 g\u00f6n\u00fclden katk\u0131da bulunmaya motive edebilir, \u2022 \u00d6\u011frencilerin duygu kelime da\u011farc\u0131\u011f\u0131n\u0131 ve sosyal-duygusal becerilerini geli\u015ftirmelerini destekleyebilir, \u2022 S\u0131n\u0131fta sayg\u0131 ve ortakl\u0131k k\u00fclt\u00fcr\u00fc olu\u015fturabilir, \u2022 \u00d6\u011frenmeyi h\u0131zland\u0131r\u0131p akademik kazan\u0131mlar\u0131 destekleyebilir, \u2022 \u00d6\u011frencilerin \u00f6m\u00fcr boyu kullanacaklar\u0131 sorun \u00e7\u00f6zme becerileri geli\u015ftirmelerine yard\u0131mc\u0131 olabilirler.<\/p>\n","protected":false},"excerpt":{"rendered":"<p>\u00c7at\u0131\u015fmalar\u0131 \u00c7\u00f6zmek ve \u0130li\u015fki Zek\u00e2s\u0131n\u0131 Geli\u015ftirmek i\u00e7in \u015eiddetsiz \u0130leti\u015fim Temelli Ara\u00e7lar Hatas\u0131z S\u0131n\u0131f, \u00f6\u011fretmenler i\u00e7in s\u0131n\u0131f y\u00f6netiminde \u00e7\u0131\u011f\u0131r a\u00e7\u0131yor! \u015eiddet i\u00e7eren davran\u0131\u015flar\u0131 s\u0131n\u0131f\u0131n d\u0131\u015f\u0131na, oyun alan\u0131na<span class=\"excerpt-hellip\"> [\u2026]<\/span><\/p>\n","protected":false},"featured_media":0,"template":"","meta":{"_monsterinsights_skip_tracking":false,"_monsterinsights_sitenote_active":false,"_monsterinsights_sitenote_note":"","_monsterinsights_sitenote_category":0},"product_brand":[],"product_cat":[12364,12376],"product_tag":[],"class_list":{"0":"post-764829","1":"product","2":"type-product","3":"status-publish","5":"product_cat-genel-konular","6":"product_cat-kisisel-gelisim","7":"pa_cilt-ciltsiz","8":"pa_tur-kitap","9":"pa_yayinevi-remzi-kitabevi","10":"pa_yazar-sura-hart-victoria-kindle-hodson","12":"first","13":"instock","14":"sale","15":"shipping-taxable","16":"purchasable","17":"product-type-simple"},"_links":{"self":[{"href":"https:\/\/roveyayinevi.com.tr\/index.php\/wp-json\/wp\/v2\/product\/764829","targetHints":{"allow":["GET"]}}],"collection":[{"href":"https:\/\/roveyayinevi.com.tr\/index.php\/wp-json\/wp\/v2\/product"}],"about":[{"href":"https:\/\/roveyayinevi.com.tr\/index.php\/wp-json\/wp\/v2\/types\/product"}],"wp:attachment":[{"href":"https:\/\/roveyayinevi.com.tr\/index.php\/wp-json\/wp\/v2\/media?parent=764829"}],"wp:term":[{"taxonomy":"product_brand","embeddable":true,"href":"https:\/\/roveyayinevi.com.tr\/index.php\/wp-json\/wp\/v2\/product_brand?post=764829"},{"taxonomy":"product_cat","embeddable":true,"href":"https:\/\/roveyayinevi.com.tr\/index.php\/wp-json\/wp\/v2\/product_cat?post=764829"},{"taxonomy":"product_tag","embeddable":true,"href":"https:\/\/roveyayinevi.com.tr\/index.php\/wp-json\/wp\/v2\/product_tag?post=764829"}],"curies":[{"name":"wp","href":"https:\/\/api.w.org\/{rel}","templated":true}]}}