{"id":764827,"date":"2025-08-28T11:22:37","date_gmt":"2025-08-28T08:22:37","guid":{"rendered":"https:\/\/roveyayinevi.com.tr\/index.php\/urun\/bereketli-imparatorluk\/"},"modified":"2026-04-15T03:30:47","modified_gmt":"2026-04-15T00:30:47","slug":"bereketli-imparatorluk","status":"publish","type":"product","link":"https:\/\/roveyayinevi.com.tr\/index.php\/urun\/bereketli-imparatorluk\/","title":{"rendered":"Bereketli \u0130mparatorluk"},"content":{"rendered":"<p>Mutfak tarihi alan\u0131n\u0131n \u00f6nc\u00fc isimlerinden Priscilla Mary I\u015f\u0131n, vazge\u00e7ilmez ba\u015fvuru kaynaklar\u0131ndan kabul edilen \u00e7al\u0131\u015fmas\u0131 Bereketli \u0130mparatorluk: Osmanl\u0131 Mutfa\u011f\u0131 Tarihi\u2019nde, ar\u015fiv belgelerinden \u015fiirlere uzanan \u00e7e\u015fitli kaynaklara dayanarak Orta Asya T\u00fcrkleri, Abbasiler, Sel\u00e7uklular ve Bizansl\u0131lar gibi topluluklar\u0131n, Osmanl\u0131 mutfa\u011f\u0131n\u0131n k\u00f6klerini olu\u015fturan mutfak geleneklerini ortaya koyuyor. Bu temelin \u00fcst\u00fcne panoramik bir bak\u0131\u015fla Osmanl\u0131 tarihi boyunca mutfak k\u00fclt\u00fcr\u00fcn\u00fcn g\u00f6rg\u00fc kurallar\u0131, a\u015f\u00e7\u0131lar, restoranlar, askeri yemekler, g\u0131da yasalar\u0131 ve ticareti gibi \u00e7e\u015fitli y\u00f6nlerine \u0131\u015f\u0131k tutarken, mutfa\u011f\u0131n sosyal kimli\u011fin olu\u015fumuna sa\u011flad\u0131\u011f\u0131 katk\u0131y\u0131 da g\u00f6zler \u00f6n\u00fcne seriyor. Y\u00fcz\u00fcn \u00fczerinde renkli ill\u00fcstrasyon i\u00e7eren Bereketli \u0130mparatorluk: Osmanl\u0131 Mutfa\u011f\u0131 Tarihi, ara\u015ft\u0131rmac\u0131lar i\u00e7in oldu\u011fu kadar mutfakseverler i\u00e7in de kapsaml\u0131 bir k\u0131lavuz. Osmanl\u0131\u2019da misafirlere sunulan ikramlar, \u015fekerlemeler ve \u015ferbetin yan\u0131 s\u0131ra ge\u00e7 on alt\u0131nc\u0131 y\u00fczy\u0131ldan itibaren kahveden olu\u015fmaktayd\u0131. Osmanl\u0131 se\u00e7kinleri aras\u0131nda ellere ve y\u00fcze g\u00fclsuyu d\u00f6kme, sakal\u0131 buhurlama ve t\u00fct\u00fcn i\u00e7mek i\u00e7in \u00e7ubuk ikram etme, di\u011fer misafirperverlik seremonileri aras\u0131ndayd\u0131.<\/p>\n","protected":false},"excerpt":{"rendered":"<p>Mutfak tarihi alan\u0131n\u0131n \u00f6nc\u00fc isimlerinden Priscilla Mary I\u015f\u0131n, vazge\u00e7ilmez ba\u015fvuru kaynaklar\u0131ndan kabul edilen \u00e7al\u0131\u015fmas\u0131 Bereketli \u0130mparatorluk: Osmanl\u0131 Mutfa\u011f\u0131 Tarihi\u2019nde, ar\u015fiv belgelerinden \u015fiirlere uzanan \u00e7e\u015fitli kaynaklara dayanarak<span class=\"excerpt-hellip\"> [\u2026]<\/span><\/p>\n","protected":false},"featured_media":0,"template":"","meta":{"_monsterinsights_skip_tracking":false,"_monsterinsights_sitenote_active":false,"_monsterinsights_sitenote_note":"","_monsterinsights_sitenote_category":0},"product_brand":[],"product_cat":[12457],"product_tag":[],"class_list":{"0":"post-764827","1":"product","2":"type-product","3":"status-publish","5":"product_cat-yemek-kitaplari","6":"pa_cilt-ciltsiz","7":"pa_tur-kitap","8":"pa_yayinevi-everest-yayinlari","9":"pa_yazar-priscilla-mary-isin","11":"first","12":"instock","13":"sale","14":"shipping-taxable","15":"purchasable","16":"product-type-simple"},"_links":{"self":[{"href":"https:\/\/roveyayinevi.com.tr\/index.php\/wp-json\/wp\/v2\/product\/764827","targetHints":{"allow":["GET"]}}],"collection":[{"href":"https:\/\/roveyayinevi.com.tr\/index.php\/wp-json\/wp\/v2\/product"}],"about":[{"href":"https:\/\/roveyayinevi.com.tr\/index.php\/wp-json\/wp\/v2\/types\/product"}],"wp:attachment":[{"href":"https:\/\/roveyayinevi.com.tr\/index.php\/wp-json\/wp\/v2\/media?parent=764827"}],"wp:term":[{"taxonomy":"product_brand","embeddable":true,"href":"https:\/\/roveyayinevi.com.tr\/index.php\/wp-json\/wp\/v2\/product_brand?post=764827"},{"taxonomy":"product_cat","embeddable":true,"href":"https:\/\/roveyayinevi.com.tr\/index.php\/wp-json\/wp\/v2\/product_cat?post=764827"},{"taxonomy":"product_tag","embeddable":true,"href":"https:\/\/roveyayinevi.com.tr\/index.php\/wp-json\/wp\/v2\/product_tag?post=764827"}],"curies":[{"name":"wp","href":"https:\/\/api.w.org\/{rel}","templated":true}]}}