{"id":764826,"date":"2025-08-28T11:22:36","date_gmt":"2025-08-28T08:22:36","guid":{"rendered":"https:\/\/roveyayinevi.com.tr\/index.php\/urun\/21-gunde-ustalas-ruyalar\/"},"modified":"2026-04-15T03:30:47","modified_gmt":"2026-04-15T00:30:47","slug":"21-gunde-ustalas-ruyalar","status":"publish","type":"product","link":"https:\/\/roveyayinevi.com.tr\/index.php\/urun\/21-gunde-ustalas-ruyalar\/","title":{"rendered":"21 Gu\u0308nde Ustala\u015f &#8211; Ru\u0308yalar"},"content":{"rendered":"<p>21 G\u00fcnde Yepyeni Bilgilerle Kendinizi Daha \u0130yi Tan\u0131maya Haz\u0131r m\u0131s\u0131n\u0131z? Ara\u015ft\u0131rmalar, hayat\u0131m\u0131zda yeni olan bir \u015feyin al\u0131\u015fkanl\u0131\u011fa d\u00f6n\u00fc\u015fmesi i\u00e7in 21 g\u00fcne ihtiya\u00e7 duydu\u011fumuzu g\u00f6steriyor. Merak etti\u011finiz konularla ilgili her g\u00fcn yeni bir bilgi \u00f6\u011frenerek spirit\u00fcel ilgi alanlar\u0131n\u0131z\u0131 geni\u015fletmeye ne dersiniz? R\u00fcyalar\u0131n\u0131z\u0131 daha iyi anlamak ister miydiniz? R\u00fcyan\u0131zdaki sembollerin, asl\u0131nda size bir \u015feyler s\u00f6ylemek istediklerinin fark\u0131nda m\u0131s\u0131n\u0131z? Uykuda ge\u00e7irdi\u011finiz zaman, uyan\u0131k hayat\u0131n\u0131z\u0131n \u00e7\u00f6z\u00fcmlerini bar\u0131nd\u0131r\u0131r ve bu kitap, ad\u0131m ad\u0131m r\u00fcyalar\u0131n\u0131z\u0131 yorumlayabilmeniz i\u00e7in size kapsaml\u0131 bir rehber sunuyor. 21 g\u00fcn i\u00e7inde r\u00fcya g\u00fcnl\u00fc\u011f\u00fc tutmay\u0131, tekrarlayan r\u00fcyalar\u0131 anlamay\u0131, r\u00fcyalar\u0131n\u0131z\u0131n sizi uyard\u0131\u011f\u0131 rahats\u0131z edici kal\u0131plar\u0131 k\u0131rmay\u0131 ve bilin\u00e7li zaman\u0131n\u0131z\u0131 zenginle\u015ftirmek i\u00e7in inan\u0131lmaz bir r\u00fcya hayat\u0131 yaratmay\u0131 \u00f6\u011freneceksiniz. 21 G\u00fcnde Ustala\u015f Serisi\u2019nin \u00fc\u00e7\u00fcnc\u00fc kitab\u0131 R\u00fcyalar, r\u00fcya g\u00f6ren herkes i\u00e7in b\u00fcy\u00fck ve heyecan verici bir hazine! R\u00fcyalar\u0131m\u0131z\u0131n anlam\u0131n\u0131 \u00e7\u00f6z\u00fcmlemeye ba\u015flamadan evvel onlar\u0131n dilini anlayabilmemiz gerekir. Bu, \u00f6\u011frenebilece\u011finiz en kolay dildir \u00e7\u00fcnk\u00fc hayallerinizdeki dilin yarat\u0131c\u0131s\u0131, edit\u00f6r\u00fc ve d\u00fczeltmeni sizsiniz. <\/p>\n","protected":false},"excerpt":{"rendered":"<p>21 G\u00fcnde Yepyeni Bilgilerle Kendinizi Daha \u0130yi Tan\u0131maya Haz\u0131r m\u0131s\u0131n\u0131z? Ara\u015ft\u0131rmalar, hayat\u0131m\u0131zda yeni olan bir \u015feyin al\u0131\u015fkanl\u0131\u011fa d\u00f6n\u00fc\u015fmesi i\u00e7in 21 g\u00fcne ihtiya\u00e7 duydu\u011fumuzu g\u00f6steriyor. Merak etti\u011finiz<span class=\"excerpt-hellip\"> [\u2026]<\/span><\/p>\n","protected":false},"featured_media":0,"template":"","meta":{"_monsterinsights_skip_tracking":false,"_monsterinsights_sitenote_active":false,"_monsterinsights_sitenote_note":"","_monsterinsights_sitenote_category":0},"product_brand":[],"product_cat":[12364,12376],"product_tag":[],"class_list":{"0":"post-764826","1":"product","2":"type-product","3":"status-publish","5":"product_cat-genel-konular","6":"product_cat-kisisel-gelisim","7":"pa_cilt-ciltsiz","8":"pa_tur-kitap","9":"pa_yayinevi-omega","10":"pa_yazar-leon-nacson","12":"first","13":"instock","14":"sale","15":"shipping-taxable","16":"purchasable","17":"product-type-simple"},"_links":{"self":[{"href":"https:\/\/roveyayinevi.com.tr\/index.php\/wp-json\/wp\/v2\/product\/764826","targetHints":{"allow":["GET"]}}],"collection":[{"href":"https:\/\/roveyayinevi.com.tr\/index.php\/wp-json\/wp\/v2\/product"}],"about":[{"href":"https:\/\/roveyayinevi.com.tr\/index.php\/wp-json\/wp\/v2\/types\/product"}],"wp:attachment":[{"href":"https:\/\/roveyayinevi.com.tr\/index.php\/wp-json\/wp\/v2\/media?parent=764826"}],"wp:term":[{"taxonomy":"product_brand","embeddable":true,"href":"https:\/\/roveyayinevi.com.tr\/index.php\/wp-json\/wp\/v2\/product_brand?post=764826"},{"taxonomy":"product_cat","embeddable":true,"href":"https:\/\/roveyayinevi.com.tr\/index.php\/wp-json\/wp\/v2\/product_cat?post=764826"},{"taxonomy":"product_tag","embeddable":true,"href":"https:\/\/roveyayinevi.com.tr\/index.php\/wp-json\/wp\/v2\/product_tag?post=764826"}],"curies":[{"name":"wp","href":"https:\/\/api.w.org\/{rel}","templated":true}]}}