{"id":764825,"date":"2025-08-28T11:22:35","date_gmt":"2025-08-28T08:22:35","guid":{"rendered":"https:\/\/roveyayinevi.com.tr\/index.php\/urun\/atalardan-gelen-sifayi-uyandirmak\/"},"modified":"2026-04-15T03:30:47","modified_gmt":"2026-04-15T00:30:47","slug":"atalardan-gelen-sifayi-uyandirmak","status":"publish","type":"product","link":"https:\/\/roveyayinevi.com.tr\/index.php\/urun\/atalardan-gelen-sifayi-uyandirmak\/","title":{"rendered":"Atalardan Gelen \u015eifay\u0131 Uyand\u0131rmak"},"content":{"rendered":"<p>ATALARDAN GELEN \u015e\u0130FAYI UYANDIRMAK   Atalar\u0131n\u0131zla temas kurarak, onlar\u0131 onurland\u0131rarak hem kendinizi hem de ba\u011fl\u0131 oldu\u011funuz soy a\u011fac\u0131n\u0131z\u0131 \u015fifaland\u0131rmak ister misiniz? Herkesin sevgi dolu ve bilge atalar\u0131 vard\u0131r ve destek ve \u015fifa i\u00e7in bu atalar\u0131 \u00e7a\u011f\u0131rmay\u0131 herkes \u00f6\u011frenebilir. Atalar\u0131n\u0131zla ileti\u015fime ge\u00e7mek, y\u0131k\u0131c\u0131 aile kal\u0131plar\u0131n\u0131 l\u00fctuf ve kutsamalara d\u00f6n\u00fc\u015ft\u00fcrmenizi sa\u011flarken ayn\u0131 zamanda sa\u011fl\u0131\u011f\u0131n\u0131z\u0131, \u00f6zsayg\u0131n\u0131z\u0131 kazanman\u0131z\u0131, ama\u00e7lar\u0131n\u0131z\u0131 netle\u015ftirmenizi ve ya\u015fayan akrabalar\u0131n\u0131zla daha iyi ili\u015fkiler kurman\u0131z\u0131 destekler. Bu kitapla, atalar\u0131 onurland\u0131rma gelene\u011finin ve rit\u00fcellerinin temellerini \u00f6\u011frenerek, destekleyici ata rehberlerinin bilgeli\u011finden nas\u0131l yararlanaca\u011f\u0131n\u0131z\u0131, aile sorunlar\u0131n\u0131 nas\u0131l \u015fifaland\u0131raca\u011f\u0131n\u0131z\u0131, \u00f6l\u00fcmlerinden sonra sevdi\u011finiz aile fertlerinizle ba\u011flant\u0131lar\u0131n\u0131z\u0131 nas\u0131l s\u00fcrd\u00fcrece\u011finizi ke\u015ffedecek ve ya\u015fayanlar ile \u00f6l\u00fclerin karma\u015f\u0131k ve i\u00e7 i\u00e7e ge\u00e7mi\u015f ili\u015fkilerini daha iyi anlayabileceksiniz. Atalar \u00e7al\u0131\u015fmas\u0131n\u0131 s\u00fcrd\u00fcrmek, nesiller boyu s\u00fcregelen aile i\u00e7i sorun \u00f6r\u00fcnt\u00fclerinin iyile\u015ftirilmesinde bize yard\u0131mc\u0131 olabilir. Bir ki\u015finin atalar\u0131yla ileti\u015fime ge\u00e7mesinin, ya\u015fayan aile fertleri aras\u0131nda bir etki dalgas\u0131 yaratt\u0131\u011f\u0131, y\u0131llar s\u00fcren anla\u015fmazl\u0131klardan sonra bu ki\u015filerin aniden uzla\u015fabildi\u011fi veya g\u00f6z ard\u0131 edilen l\u00fctuflar\u0131n yeniden bulunabildi\u011fi durumlara defalarca bizzat \u015fahit oldum. Sevgili atalar\u0131n\u0131zla temas kurarak, ya\u015fayan akrabalar\u0131n\u0131zla uygun s\u0131n\u0131rlar olu\u015fturmak da d\u00e2hil olmak \u00fczere ailenizde \u015fifalanmaya arac\u0131l\u0131k edebilirsiniz. <\/p>\n","protected":false},"excerpt":{"rendered":"<p>ATALARDAN GELEN \u015e\u0130FAYI UYANDIRMAK Atalar\u0131n\u0131zla temas kurarak, onlar\u0131 onurland\u0131rarak hem kendinizi hem de ba\u011fl\u0131 oldu\u011funuz soy a\u011fac\u0131n\u0131z\u0131 \u015fifaland\u0131rmak ister misiniz? Herkesin sevgi dolu ve bilge atalar\u0131<span class=\"excerpt-hellip\"> [\u2026]<\/span><\/p>\n","protected":false},"featured_media":0,"template":"","meta":{"_monsterinsights_skip_tracking":false,"_monsterinsights_sitenote_active":false,"_monsterinsights_sitenote_note":"","_monsterinsights_sitenote_category":0},"product_brand":[],"product_cat":[12364,12376],"product_tag":[],"class_list":{"0":"post-764825","1":"product","2":"type-product","3":"status-publish","5":"product_cat-genel-konular","6":"product_cat-kisisel-gelisim","7":"pa_cilt-ciltsiz","8":"pa_tur-kitap","9":"pa_yayinevi-omega","10":"pa_yazar-daniel-foor","12":"first","13":"instock","14":"sale","15":"shipping-taxable","16":"purchasable","17":"product-type-simple"},"_links":{"self":[{"href":"https:\/\/roveyayinevi.com.tr\/index.php\/wp-json\/wp\/v2\/product\/764825","targetHints":{"allow":["GET"]}}],"collection":[{"href":"https:\/\/roveyayinevi.com.tr\/index.php\/wp-json\/wp\/v2\/product"}],"about":[{"href":"https:\/\/roveyayinevi.com.tr\/index.php\/wp-json\/wp\/v2\/types\/product"}],"wp:attachment":[{"href":"https:\/\/roveyayinevi.com.tr\/index.php\/wp-json\/wp\/v2\/media?parent=764825"}],"wp:term":[{"taxonomy":"product_brand","embeddable":true,"href":"https:\/\/roveyayinevi.com.tr\/index.php\/wp-json\/wp\/v2\/product_brand?post=764825"},{"taxonomy":"product_cat","embeddable":true,"href":"https:\/\/roveyayinevi.com.tr\/index.php\/wp-json\/wp\/v2\/product_cat?post=764825"},{"taxonomy":"product_tag","embeddable":true,"href":"https:\/\/roveyayinevi.com.tr\/index.php\/wp-json\/wp\/v2\/product_tag?post=764825"}],"curies":[{"name":"wp","href":"https:\/\/api.w.org\/{rel}","templated":true}]}}