{"id":764824,"date":"2025-08-28T11:22:34","date_gmt":"2025-08-28T08:22:34","guid":{"rendered":"https:\/\/roveyayinevi.com.tr\/index.php\/urun\/felsefi-antropoloji-2\/"},"modified":"2026-04-15T03:30:47","modified_gmt":"2026-04-15T00:30:47","slug":"felsefi-antropoloji-2","status":"publish","type":"product","link":"https:\/\/roveyayinevi.com.tr\/index.php\/urun\/felsefi-antropoloji-2\/","title":{"rendered":"Felsefi Antropoloji"},"content":{"rendered":"<p>G\u00fcn\u00fcm\u00fczde D\u00fcnya\u2019y\u0131 saran s\u00fcr\u00fc k\u00fclt\u00fcr\u00fc i\u00e7inde insanlar insanl\u0131klar\u0131na yabanc\u0131la\u015ft\u0131klar\u0131n\u0131 dahi duyamayacak kadar yabanc\u0131la\u015fm\u0131\u015ft\u0131r. Bu kitap tarih boyunca insan olman\u0131n fenomenlerini panoramik olarak sergilemekte ve yeniden yarat\u0131labilecek mant\u0131ksal bir zemin kurmaktad\u0131r. Kitap bir yandan felsefe d\u00fcnyas\u0131na, felsefi antropolojinin akademik bir disiplin olarak \u00fczerine oturaca\u011f\u0131 ana \u00e7er\u00e7eveyi, okuma kaynaklar\u0131yla beraber sunarken, di\u011fer yandan da tarihe kar\u015f\u0131 kendi tarihini yaratacak, gelece\u011fini kendisi olman\u0131n mutlulu\u011fu \u00fczerine kuracak \u00f6nc\u00fc insanlara Ar\u015fimet\u00e7i bir insan felsefesi vermektedir. \u201c\u0130nsan\u201d derken, burada geleneksel olarak al\u0131\u015f\u0131ld\u0131\u011f\u0131 gibi, gizliden i\u00e7ine Bat\u0131l\u0131-Ak\u0131ll\u0131-Erkek ka\u00e7m\u0131\u015f, teorik bir ruhsal \u00fcr\u00fcnden s\u00f6z edilmiyor. Bu insan\u0131n i\u00e7inde b\u00fct\u00fcn o silinmi\u015f, itilmi\u015f, a\u015fa\u011f\u0131lanm\u0131\u015f, di\u015fi, deli, saf, k\u00f6t\u00fc, \u00e7irkin bile\u015fenleriyle de birlikte, kay\u0131p insan\u0131, yery\u00fcz\u00fcnde insan olarak insan\u0131 ar\u0131yoruz. Bu kitap ile yapmaya \u00e7al\u0131\u015ft\u0131\u011f\u0131m\u0131z \u015fey de tam olarak insan\u0131 tarihsel bir varl\u0131k olarak otantik, estetik eksenine geri ta\u015f\u0131makt\u0131r. <\/p>\n","protected":false},"excerpt":{"rendered":"<p>G\u00fcn\u00fcm\u00fczde D\u00fcnya\u2019y\u0131 saran s\u00fcr\u00fc k\u00fclt\u00fcr\u00fc i\u00e7inde insanlar insanl\u0131klar\u0131na yabanc\u0131la\u015ft\u0131klar\u0131n\u0131 dahi duyamayacak kadar yabanc\u0131la\u015fm\u0131\u015ft\u0131r. Bu kitap tarih boyunca insan olman\u0131n fenomenlerini panoramik olarak sergilemekte ve yeniden yarat\u0131labilecek<span class=\"excerpt-hellip\"> [\u2026]<\/span><\/p>\n","protected":false},"featured_media":0,"template":"","meta":{"_monsterinsights_skip_tracking":false,"_monsterinsights_sitenote_active":false,"_monsterinsights_sitenote_note":"","_monsterinsights_sitenote_category":0},"product_brand":[],"product_cat":[12388],"product_tag":[],"class_list":{"0":"post-764824","1":"product","2":"type-product","3":"status-publish","5":"product_cat-felsefe","6":"pa_cilt-ciltsiz","7":"pa_tur-kitap","8":"pa_yayinevi-say-yayinlari","9":"pa_yazar-meric-bilgic","11":"first","12":"instock","13":"sale","14":"shipping-taxable","15":"purchasable","16":"product-type-simple"},"_links":{"self":[{"href":"https:\/\/roveyayinevi.com.tr\/index.php\/wp-json\/wp\/v2\/product\/764824","targetHints":{"allow":["GET"]}}],"collection":[{"href":"https:\/\/roveyayinevi.com.tr\/index.php\/wp-json\/wp\/v2\/product"}],"about":[{"href":"https:\/\/roveyayinevi.com.tr\/index.php\/wp-json\/wp\/v2\/types\/product"}],"wp:attachment":[{"href":"https:\/\/roveyayinevi.com.tr\/index.php\/wp-json\/wp\/v2\/media?parent=764824"}],"wp:term":[{"taxonomy":"product_brand","embeddable":true,"href":"https:\/\/roveyayinevi.com.tr\/index.php\/wp-json\/wp\/v2\/product_brand?post=764824"},{"taxonomy":"product_cat","embeddable":true,"href":"https:\/\/roveyayinevi.com.tr\/index.php\/wp-json\/wp\/v2\/product_cat?post=764824"},{"taxonomy":"product_tag","embeddable":true,"href":"https:\/\/roveyayinevi.com.tr\/index.php\/wp-json\/wp\/v2\/product_tag?post=764824"}],"curies":[{"name":"wp","href":"https:\/\/api.w.org\/{rel}","templated":true}]}}