{"id":764821,"date":"2025-08-28T11:22:29","date_gmt":"2025-08-28T08:22:29","guid":{"rendered":"https:\/\/roveyayinevi.com.tr\/index.php\/urun\/adan-zye-yatirim\/"},"modified":"2026-04-15T03:30:47","modified_gmt":"2026-04-15T00:30:47","slug":"adan-zye-yatirim","status":"publish","type":"product","link":"https:\/\/roveyayinevi.com.tr\/index.php\/urun\/adan-zye-yatirim\/","title":{"rendered":"A\u2019dan Z\u2019ye Yat\u0131r\u0131m"},"content":{"rendered":"<p>Yat\u0131r\u0131m yaparken dikkate alman\u0131z ve bilmeniz gereken \u00e7ok \u015fey vard\u0131r: hisse senetleri, tahviller, yat\u0131r\u0131m fonlar\u0131, emeklilik, vergiler. A\u2019dan Z\u2019ye Yat\u0131r\u0131m yat\u0131r\u0131m\u0131n temellerini a\u00e7\u0131klay\u0131p, d\u00fc\u015f\u00fck getirilerden ve gereksiz risklerden nas\u0131l ka\u00e7\u0131naca\u011f\u0131n\u0131za y\u00f6nelik ipu\u00e7lar\u0131 sunuyor. Bu kullan\u0131\u015fl\u0131 kitap a\u015fa\u011f\u0131dakiler de d\u00e2hil en s\u0131k sorulan, en ilgin\u00e7 1400 kadar soruya yan\u0131t veriyor\u2026 \u2022    Yat\u0131r\u0131m i\u00e7in do\u011fru hedefleri belirlemenin baz\u0131 ad\u0131mlar\u0131 nelerdir? \u2022    Piyasa endeksi nedir? \u2022    Konut kredisi nedir? \u2022    Yat\u0131r\u0131m fonlar\u0131n\u0131n tarih\u00e7esi nas\u0131ld\u0131r? \u2022    Hisse senetlerine sahip olman\u0131n avantajlar\u0131 ve riskleri nelerdir? \u2022    Maliyet d\u00fc\u015f\u00fcrme nas\u0131l yap\u0131l\u0131r? \u2022    Ev sahibi olmak m\u0131 kirac\u0131 olmak m\u0131 daha avantajl\u0131d\u0131r? \u2022    K\u00fc\u00e7\u00fck bir i\u015fletmenin y\u00f6netimi nas\u0131l olmal\u0131d\u0131r? \u2022    Alt\u0131na yat\u0131r\u0131m yapmak her zaman kazand\u0131r\u0131r m\u0131? \u2022    \u00c7ocuklara yat\u0131r\u0131m yapmay\u0131 \u00f6\u011fretmeli miyiz? <\/p>\n","protected":false},"excerpt":{"rendered":"<p>Yat\u0131r\u0131m yaparken dikkate alman\u0131z ve bilmeniz gereken \u00e7ok \u015fey vard\u0131r: hisse senetleri, tahviller, yat\u0131r\u0131m fonlar\u0131, emeklilik, vergiler. A\u2019dan Z\u2019ye Yat\u0131r\u0131m yat\u0131r\u0131m\u0131n temellerini a\u00e7\u0131klay\u0131p, d\u00fc\u015f\u00fck getirilerden ve<span class=\"excerpt-hellip\"> [\u2026]<\/span><\/p>\n","protected":false},"featured_media":0,"template":"","meta":{"_monsterinsights_skip_tracking":false,"_monsterinsights_sitenote_active":false,"_monsterinsights_sitenote_note":"","_monsterinsights_sitenote_category":0},"product_brand":[],"product_cat":[17249,13043],"product_tag":[],"class_list":{"0":"post-764821","1":"product","2":"type-product","3":"status-publish","5":"product_cat-borsa-finans","6":"product_cat-ekonomi","7":"pa_cilt-ciltsiz","8":"pa_tur-kitap","9":"pa_yayinevi-say-yayinlari","10":"pa_yazar-paul-a-tucci","12":"first","13":"instock","14":"sale","15":"shipping-taxable","16":"purchasable","17":"product-type-simple"},"_links":{"self":[{"href":"https:\/\/roveyayinevi.com.tr\/index.php\/wp-json\/wp\/v2\/product\/764821","targetHints":{"allow":["GET"]}}],"collection":[{"href":"https:\/\/roveyayinevi.com.tr\/index.php\/wp-json\/wp\/v2\/product"}],"about":[{"href":"https:\/\/roveyayinevi.com.tr\/index.php\/wp-json\/wp\/v2\/types\/product"}],"wp:attachment":[{"href":"https:\/\/roveyayinevi.com.tr\/index.php\/wp-json\/wp\/v2\/media?parent=764821"}],"wp:term":[{"taxonomy":"product_brand","embeddable":true,"href":"https:\/\/roveyayinevi.com.tr\/index.php\/wp-json\/wp\/v2\/product_brand?post=764821"},{"taxonomy":"product_cat","embeddable":true,"href":"https:\/\/roveyayinevi.com.tr\/index.php\/wp-json\/wp\/v2\/product_cat?post=764821"},{"taxonomy":"product_tag","embeddable":true,"href":"https:\/\/roveyayinevi.com.tr\/index.php\/wp-json\/wp\/v2\/product_tag?post=764821"}],"curies":[{"name":"wp","href":"https:\/\/api.w.org\/{rel}","templated":true}]}}