{"id":764820,"date":"2025-08-28T11:22:27","date_gmt":"2025-08-28T08:22:27","guid":{"rendered":"https:\/\/roveyayinevi.com.tr\/index.php\/urun\/iz-birak-2\/"},"modified":"2026-04-15T03:30:46","modified_gmt":"2026-04-15T00:30:46","slug":"iz-birak-2","status":"publish","type":"product","link":"https:\/\/roveyayinevi.com.tr\/index.php\/urun\/iz-birak-2\/","title":{"rendered":"\u0130z B\u0131rak"},"content":{"rendered":"<p>\u201cHer kim olursa bu s\u0131rra mazhar, D\u00fcnyaya b\u0131rak\u0131r \u00f6lmez bir eser\u2026\u201d       A\u015f\u0131k Veysel \u0130ster bir d\u00e2hi ister plazadaki bir beyaz yakal\u0131 ister tarladaki \u00e7ift\u00e7i olsun\u2026 Herkesin amac\u0131 hayatta bir iz b\u0131rakabilmektir. Bu nedenle her \u015feyin monotonla\u015ft\u0131\u011f\u0131 g\u00fcn\u00fcm\u00fczde fark yaratabilmek i\u00e7in \u00e7\u0131rp\u0131n\u0131yoruz. Halbuki kendi bireysel ve toplumsal maceram\u0131z\u0131n biricikli\u011finin fark\u0131na varmak en g\u00fczeli\u2026  \u2018\u0130z B\u0131rak\u2019, kendini arayanlar ve toplumsal dinamikler aras\u0131nda s\u0131k\u0131\u015f\u0131p kalsa da kendi yolunu \u00e7izmeye \u00e7al\u0131\u015fanlar i\u00e7in\u2026   Dante\u2019den Jack London\u2019a, Carl Gustav Jung\u2019dan  Jean-Paul Sartre\u2019a kadar bir\u00e7ok d\u00fc\u015f\u00fcn\u00fcr\u00fcn c\u00fcmleleriyle zenginle\u015ftirilen bu kitap hem bireysel hem de toplumsal sorumluluklar\u0131m\u0131za de\u011finiyor. Herkesin farkl\u0131 bir hayat hik\u00e2yesi oldu\u011funu ve bu hik\u00e2yelerin ya\u015fama katk\u0131s\u0131n\u0131 anlatarak okurlar\u0131n\u0131 zorluklara farkl\u0131 bir pencereden bakmaya davet ediyor. Ya\u015fam\u0131n anlam\u0131na dair sorgulamalar\u0131m\u0131za ilham veriyor. <\/p>\n","protected":false},"excerpt":{"rendered":"<p>\u201cHer kim olursa bu s\u0131rra mazhar, D\u00fcnyaya b\u0131rak\u0131r \u00f6lmez bir eser\u2026\u201d A\u015f\u0131k Veysel \u0130ster bir d\u00e2hi ister plazadaki bir beyaz yakal\u0131 ister tarladaki \u00e7ift\u00e7i olsun\u2026 Herkesin<span class=\"excerpt-hellip\"> [\u2026]<\/span><\/p>\n","protected":false},"featured_media":0,"template":"","meta":{"_monsterinsights_skip_tracking":false,"_monsterinsights_sitenote_active":false,"_monsterinsights_sitenote_note":"","_monsterinsights_sitenote_category":0},"product_brand":[],"product_cat":[12777,12291],"product_tag":[],"class_list":{"0":"post-764820","1":"product","2":"type-product","3":"status-publish","5":"product_cat-deneme","6":"product_cat-edebiyat","7":"pa_cilt-ciltsiz","8":"pa_tur-kitap","9":"pa_yayinevi-destek-yayinlari","10":"pa_yazar-alaz-toker","12":"first","13":"instock","14":"sale","15":"shipping-taxable","16":"purchasable","17":"product-type-simple"},"_links":{"self":[{"href":"https:\/\/roveyayinevi.com.tr\/index.php\/wp-json\/wp\/v2\/product\/764820","targetHints":{"allow":["GET"]}}],"collection":[{"href":"https:\/\/roveyayinevi.com.tr\/index.php\/wp-json\/wp\/v2\/product"}],"about":[{"href":"https:\/\/roveyayinevi.com.tr\/index.php\/wp-json\/wp\/v2\/types\/product"}],"wp:attachment":[{"href":"https:\/\/roveyayinevi.com.tr\/index.php\/wp-json\/wp\/v2\/media?parent=764820"}],"wp:term":[{"taxonomy":"product_brand","embeddable":true,"href":"https:\/\/roveyayinevi.com.tr\/index.php\/wp-json\/wp\/v2\/product_brand?post=764820"},{"taxonomy":"product_cat","embeddable":true,"href":"https:\/\/roveyayinevi.com.tr\/index.php\/wp-json\/wp\/v2\/product_cat?post=764820"},{"taxonomy":"product_tag","embeddable":true,"href":"https:\/\/roveyayinevi.com.tr\/index.php\/wp-json\/wp\/v2\/product_tag?post=764820"}],"curies":[{"name":"wp","href":"https:\/\/api.w.org\/{rel}","templated":true}]}}