{"id":764818,"date":"2025-08-28T11:22:25","date_gmt":"2025-08-28T08:22:25","guid":{"rendered":"https:\/\/roveyayinevi.com.tr\/index.php\/urun\/omru-uzatan-aliskanliklar\/"},"modified":"2026-04-15T03:30:46","modified_gmt":"2026-04-15T00:30:46","slug":"omru-uzatan-aliskanliklar","status":"publish","type":"product","link":"https:\/\/roveyayinevi.com.tr\/index.php\/urun\/omru-uzatan-aliskanliklar\/","title":{"rendered":"\u00d6mr\u00fc Uzatan Al\u0131\u015fkanl\u0131klar"},"content":{"rendered":"<p>SA\u011eLIKLI B\u0130R YA\u015eAM, B\u0130L\u0130N\u00c7L\u0130 SE\u00c7\u0130MLERLE BA\u015eLAR   Sa\u011fl\u0131k, sahip oldu\u011fumuz en b\u00fcy\u00fck servettir ve onu korumak bizim elimizdedir. .Hangi \u00e7ay, hangi s\u00fct, hangi kahve? .Gen\u00e7li\u011fin s\u0131rr\u0131 glutatyon mu? .Mide, ba\u011f\u0131rsak ve karaci\u011fer hastal\u0131klar\u0131 nas\u0131l ba\u015flar? .Gen\u00e7lerde kolon kanseri neden s\u0131k g\u00f6r\u00fclmeye ba\u015flad\u0131? .Sa\u011fl\u0131kl\u0131 beslenme asl\u0131nda nedir? .Kefir, prebiyotik, probiyotik ve postbiyotik ne kadar faydal\u0131? .Obezite nas\u0131l en \u00f6nemli sa\u011fl\u0131k sorunu haline geldi? .Ameliyats\u0131z zay\u0131flama m\u00fcmk\u00fcn m\u00fc? .Mide botoksu mu, mide balonu mu? .Yanl\u0131\u015f diyet uygulamalar\u0131n\u0131n \u00f6n\u00fcne nas\u0131l ge\u00e7eriz? .Sa\u011fl\u0131kl\u0131, uzun ya\u015fam s\u0131rlar\u0131 nelerdir? \u0130\u00e7 Hastal\u0131klar\u0131 ve Gastroenteroloji alan\u0131ndaki geni\u015f tecr\u00fcbesiyle Prof. Dr. Vedat G\u00f6ral, sa\u011fl\u0131\u011f\u0131n korunmas\u0131 i\u00e7in fark\u0131ndal\u0131k yaratmay\u0131 hedefliyor. Uzun ve sa\u011fl\u0131kl\u0131 bir \u00f6m\u00fcr i\u00e7in \u015fimdi ad\u0131m atman\u0131n tam zaman\u0131! <\/p>\n","protected":false},"excerpt":{"rendered":"<p>SA\u011eLIKLI B\u0130R YA\u015eAM, B\u0130L\u0130N\u00c7L\u0130 SE\u00c7\u0130MLERLE BA\u015eLAR Sa\u011fl\u0131k, sahip oldu\u011fumuz en b\u00fcy\u00fck servettir ve onu korumak bizim elimizdedir. .Hangi \u00e7ay, hangi s\u00fct, hangi kahve? .Gen\u00e7li\u011fin s\u0131rr\u0131 glutatyon<span class=\"excerpt-hellip\"> [\u2026]<\/span><\/p>\n","protected":false},"featured_media":0,"template":"","meta":{"_monsterinsights_skip_tracking":false,"_monsterinsights_sitenote_active":false,"_monsterinsights_sitenote_note":"","_monsterinsights_sitenote_category":0},"product_brand":[],"product_cat":[13365],"product_tag":[],"class_list":{"0":"post-764818","1":"product","2":"type-product","3":"status-publish","5":"product_cat-saglik","6":"pa_cilt-ciltsiz","7":"pa_tur-kitap","8":"pa_yayinevi-destek-yayinlari","9":"pa_yazar-vedat-goral","11":"first","12":"instock","13":"sale","14":"shipping-taxable","15":"purchasable","16":"product-type-simple"},"_links":{"self":[{"href":"https:\/\/roveyayinevi.com.tr\/index.php\/wp-json\/wp\/v2\/product\/764818","targetHints":{"allow":["GET"]}}],"collection":[{"href":"https:\/\/roveyayinevi.com.tr\/index.php\/wp-json\/wp\/v2\/product"}],"about":[{"href":"https:\/\/roveyayinevi.com.tr\/index.php\/wp-json\/wp\/v2\/types\/product"}],"wp:attachment":[{"href":"https:\/\/roveyayinevi.com.tr\/index.php\/wp-json\/wp\/v2\/media?parent=764818"}],"wp:term":[{"taxonomy":"product_brand","embeddable":true,"href":"https:\/\/roveyayinevi.com.tr\/index.php\/wp-json\/wp\/v2\/product_brand?post=764818"},{"taxonomy":"product_cat","embeddable":true,"href":"https:\/\/roveyayinevi.com.tr\/index.php\/wp-json\/wp\/v2\/product_cat?post=764818"},{"taxonomy":"product_tag","embeddable":true,"href":"https:\/\/roveyayinevi.com.tr\/index.php\/wp-json\/wp\/v2\/product_tag?post=764818"}],"curies":[{"name":"wp","href":"https:\/\/api.w.org\/{rel}","templated":true}]}}