{"id":764816,"date":"2025-08-28T11:22:21","date_gmt":"2025-08-28T08:22:21","guid":{"rendered":"https:\/\/roveyayinevi.com.tr\/index.php\/urun\/kopegimle-baska-dunyalara-yolculuk-2\/"},"modified":"2026-04-15T03:30:29","modified_gmt":"2026-04-15T00:30:29","slug":"kopegimle-baska-dunyalara-yolculuk-2","status":"publish","type":"product","link":"https:\/\/roveyayinevi.com.tr\/index.php\/urun\/kopegimle-baska-dunyalara-yolculuk-2\/","title":{"rendered":"K\u00f6pe\u011fimle Ba\u015fka D\u00fcnyalara Yolculuk 2"},"content":{"rendered":"<p>Takumi, arma\u011fan\u0131n\u0131n yabani ot yeti\u015ftiricili\u011fi oldu\u011funu \u00f6\u011frenir. Leo\u2019yla birlikte al\u0131\u015ft\u0131rma yaparken hi\u00e7 beklemedi\u011fi bir kullanma \u015feklini ke\u015ffeder!   Takumi ilk geldi\u011fi yer olan Fenrir Orman\u0131\u2019n\u0131n ard\u0131ndaki eski efsaneyi \u00f6\u011frenmek i\u00e7in oraya Clair\u2019le beraber gider.   G\u00fcm\u00fc\u015f fenrire d\u00f6n\u00fc\u015fen k\u00f6pe\u011fimle birlikte ba\u015fka bir d\u00fcnyada yava\u015f ya\u015fam\u0131 hedefliyoruz! <\/p>\n","protected":false},"excerpt":{"rendered":"<p>Takumi, arma\u011fan\u0131n\u0131n yabani ot yeti\u015ftiricili\u011fi oldu\u011funu \u00f6\u011frenir. Leo\u2019yla birlikte al\u0131\u015ft\u0131rma yaparken hi\u00e7 beklemedi\u011fi bir kullanma \u015feklini ke\u015ffeder! Takumi ilk geldi\u011fi yer olan Fenrir Orman\u0131\u2019n\u0131n ard\u0131ndaki eski<span class=\"excerpt-hellip\"> [\u2026]<\/span><\/p>\n","protected":false},"featured_media":0,"template":"","meta":{"_monsterinsights_skip_tracking":false,"_monsterinsights_sitenote_active":false,"_monsterinsights_sitenote_note":"","_monsterinsights_sitenote_category":0},"product_brand":[],"product_cat":[12416,12291],"product_tag":[],"class_list":{"0":"post-764816","1":"product","2":"type-product","3":"status-publish","5":"product_cat-cizgi-roman","6":"product_cat-edebiyat","7":"pa_cilt-ciltsiz","8":"pa_tur-kitap","9":"pa_yayinevi-athica-yayinlari","10":"pa_yazar-hana-ichika","12":"first","13":"instock","14":"sale","15":"shipping-taxable","16":"purchasable","17":"product-type-simple"},"_links":{"self":[{"href":"https:\/\/roveyayinevi.com.tr\/index.php\/wp-json\/wp\/v2\/product\/764816","targetHints":{"allow":["GET"]}}],"collection":[{"href":"https:\/\/roveyayinevi.com.tr\/index.php\/wp-json\/wp\/v2\/product"}],"about":[{"href":"https:\/\/roveyayinevi.com.tr\/index.php\/wp-json\/wp\/v2\/types\/product"}],"wp:attachment":[{"href":"https:\/\/roveyayinevi.com.tr\/index.php\/wp-json\/wp\/v2\/media?parent=764816"}],"wp:term":[{"taxonomy":"product_brand","embeddable":true,"href":"https:\/\/roveyayinevi.com.tr\/index.php\/wp-json\/wp\/v2\/product_brand?post=764816"},{"taxonomy":"product_cat","embeddable":true,"href":"https:\/\/roveyayinevi.com.tr\/index.php\/wp-json\/wp\/v2\/product_cat?post=764816"},{"taxonomy":"product_tag","embeddable":true,"href":"https:\/\/roveyayinevi.com.tr\/index.php\/wp-json\/wp\/v2\/product_tag?post=764816"}],"curies":[{"name":"wp","href":"https:\/\/api.w.org\/{rel}","templated":true}]}}