{"id":764810,"date":"2025-08-28T11:22:09","date_gmt":"2025-08-28T08:22:09","guid":{"rendered":"https:\/\/roveyayinevi.com.tr\/index.php\/urun\/veteriner-ne-yapar\/"},"modified":"2026-04-15T03:30:29","modified_gmt":"2026-04-15T00:30:29","slug":"veteriner-ne-yapar","status":"publish","type":"product","link":"https:\/\/roveyayinevi.com.tr\/index.php\/urun\/veteriner-ne-yapar\/","title":{"rendered":"Veteriner Ne Yapar?"},"content":{"rendered":"<p>Patili dostlar\u0131m\u0131z onlara emanet! Hayvanlar\u0131 \u00e7ok mu seviyorsun! Peki b\u00fcy\u00fcy\u00fcnce t\u00fcm g\u00fcn\u00fcn\u00fc onlarla ge\u00e7irebilece\u011fin bir meslek oldu\u011funu biliyor muydun? Veteriner hekimlik. Veteriner hayvanlarla ilgileniyor, hasta olanlar\u0131 iyile\u015ftiriyor. Bazen ameliyat yap\u0131yor, bazense \u00e7iftliklere gidiyor. Evcil hayvan\u0131n\u0131n a\u015f\u0131lar\u0131n\u0131 yap\u0131yor, t\u0131rnaklar\u0131n\u0131 kesti\u011fi bile oluyor! E tabii t\u00fcm bunlar\u0131 yaparken onlar\u0131 sevmeyi de unutmuyor. Veterinerin bir g\u00fcn\u00fcnde ona e\u015flik etmeye ne dersin? \u0130\u015eTE SANA VETER\u0130NERLER VE B\u0130R G\u00dcNLER\u0130 HAKKINDA HAR\u0130KA B\u0130LG\u0130LERLE DOLU B\u0130R K\u0130TAP. <\/p>\n","protected":false},"excerpt":{"rendered":"<p>Patili dostlar\u0131m\u0131z onlara emanet! Hayvanlar\u0131 \u00e7ok mu seviyorsun! Peki b\u00fcy\u00fcy\u00fcnce t\u00fcm g\u00fcn\u00fcn\u00fc onlarla ge\u00e7irebilece\u011fin bir meslek oldu\u011funu biliyor muydun? Veteriner hekimlik. Veteriner hayvanlarla ilgileniyor, hasta olanlar\u0131<span class=\"excerpt-hellip\"> [\u2026]<\/span><\/p>\n","protected":false},"featured_media":0,"template":"","meta":{"_monsterinsights_skip_tracking":false,"_monsterinsights_sitenote_active":false,"_monsterinsights_sitenote_note":"","_monsterinsights_sitenote_category":0},"product_brand":[],"product_cat":[12274,15842],"product_tag":[],"class_list":{"0":"post-764810","1":"product","2":"type-product","3":"status-publish","5":"product_cat-cocuk-ve-genclik-kitaplari","6":"product_cat-egitici-kitaplar","7":"pa_cilt-ciltsiz","8":"pa_tur-kitap","9":"pa_yayinevi-domingo-yayinevi","10":"pa_yazar-liesbet-slegers","12":"first","13":"instock","14":"sale","15":"shipping-taxable","16":"purchasable","17":"product-type-simple"},"_links":{"self":[{"href":"https:\/\/roveyayinevi.com.tr\/index.php\/wp-json\/wp\/v2\/product\/764810","targetHints":{"allow":["GET"]}}],"collection":[{"href":"https:\/\/roveyayinevi.com.tr\/index.php\/wp-json\/wp\/v2\/product"}],"about":[{"href":"https:\/\/roveyayinevi.com.tr\/index.php\/wp-json\/wp\/v2\/types\/product"}],"wp:attachment":[{"href":"https:\/\/roveyayinevi.com.tr\/index.php\/wp-json\/wp\/v2\/media?parent=764810"}],"wp:term":[{"taxonomy":"product_brand","embeddable":true,"href":"https:\/\/roveyayinevi.com.tr\/index.php\/wp-json\/wp\/v2\/product_brand?post=764810"},{"taxonomy":"product_cat","embeddable":true,"href":"https:\/\/roveyayinevi.com.tr\/index.php\/wp-json\/wp\/v2\/product_cat?post=764810"},{"taxonomy":"product_tag","embeddable":true,"href":"https:\/\/roveyayinevi.com.tr\/index.php\/wp-json\/wp\/v2\/product_tag?post=764810"}],"curies":[{"name":"wp","href":"https:\/\/api.w.org\/{rel}","templated":true}]}}