{"id":764809,"date":"2025-08-28T11:22:08","date_gmt":"2025-08-28T08:22:08","guid":{"rendered":"https:\/\/roveyayinevi.com.tr\/index.php\/urun\/tir-soforu-ne-yapar\/"},"modified":"2026-04-15T03:30:29","modified_gmt":"2026-04-15T00:30:29","slug":"tir-soforu-ne-yapar","status":"publish","type":"product","link":"https:\/\/roveyayinevi.com.tr\/index.php\/urun\/tir-soforu-ne-yapar\/","title":{"rendered":"T\u0131r \u015eof\u00f6r\u00fc Ne Yapar?"},"content":{"rendered":"<p>Yolculuk ba\u015flas\u0131n, d\u00fct d\u00fc\u00fc\u00fct! \u015eu an elinde tuttu\u011fun kitab\u0131n buraya nas\u0131l geldi\u011fini biliyor musun? Veya evindeki e\u015fyalar\u0131n? Etraf\u0131nda g\u00f6r\u00fcp kulland\u0131\u011f\u0131n hemen her \u015fey oraya kendili\u011finden gelmiyor. T\u0131r \u015fof\u00f6r\u00fc, \u00fcretildikleri yerden onlar\u0131 al\u0131p bize getiriyor! Kocaman, tam donan\u0131ml\u0131 bir t\u0131r kullan\u0131yor. T\u0131r\u0131n i\u00e7ini bir g\u00f6rsen; buzdolab\u0131 ve yatak bile var! Sonu\u00e7ta yorucu bir g\u00fcn\u00fcn ard\u0131ndan t\u0131r \u015fof\u00f6r\u00fc dinlenmek isteyebilir. \u0130\u015fi yaln\u0131zca ara\u00e7 kullanmakla bitmiyor, ba\u015fka g\u00f6revleri de var\u2026 Merak ediyorsan haydi atla, ba\u015flayal\u0131m yolculu\u011fa! \u0130\u015eTE SANA TIR \u015eOF\u00d6RLER\u0130 VE SEYAHATLER\u0130 HAKKINDA HAR\u0130KA B\u0130LG\u0130LERLE DOLU B\u0130R K\u0130TAP. <\/p>\n","protected":false},"excerpt":{"rendered":"<p>Yolculuk ba\u015flas\u0131n, d\u00fct d\u00fc\u00fc\u00fct! \u015eu an elinde tuttu\u011fun kitab\u0131n buraya nas\u0131l geldi\u011fini biliyor musun? Veya evindeki e\u015fyalar\u0131n? Etraf\u0131nda g\u00f6r\u00fcp kulland\u0131\u011f\u0131n hemen her \u015fey oraya kendili\u011finden gelmiyor.<span class=\"excerpt-hellip\"> [\u2026]<\/span><\/p>\n","protected":false},"featured_media":0,"template":"","meta":{"_monsterinsights_skip_tracking":false,"_monsterinsights_sitenote_active":false,"_monsterinsights_sitenote_note":"","_monsterinsights_sitenote_category":0},"product_brand":[],"product_cat":[12274,15842],"product_tag":[],"class_list":{"0":"post-764809","1":"product","2":"type-product","3":"status-publish","5":"product_cat-cocuk-ve-genclik-kitaplari","6":"product_cat-egitici-kitaplar","7":"pa_cilt-ciltsiz","8":"pa_tur-kitap","9":"pa_yayinevi-domingo-yayinevi","10":"pa_yazar-liesbet-slegers","12":"first","13":"instock","14":"sale","15":"shipping-taxable","16":"purchasable","17":"product-type-simple"},"_links":{"self":[{"href":"https:\/\/roveyayinevi.com.tr\/index.php\/wp-json\/wp\/v2\/product\/764809","targetHints":{"allow":["GET"]}}],"collection":[{"href":"https:\/\/roveyayinevi.com.tr\/index.php\/wp-json\/wp\/v2\/product"}],"about":[{"href":"https:\/\/roveyayinevi.com.tr\/index.php\/wp-json\/wp\/v2\/types\/product"}],"wp:attachment":[{"href":"https:\/\/roveyayinevi.com.tr\/index.php\/wp-json\/wp\/v2\/media?parent=764809"}],"wp:term":[{"taxonomy":"product_brand","embeddable":true,"href":"https:\/\/roveyayinevi.com.tr\/index.php\/wp-json\/wp\/v2\/product_brand?post=764809"},{"taxonomy":"product_cat","embeddable":true,"href":"https:\/\/roveyayinevi.com.tr\/index.php\/wp-json\/wp\/v2\/product_cat?post=764809"},{"taxonomy":"product_tag","embeddable":true,"href":"https:\/\/roveyayinevi.com.tr\/index.php\/wp-json\/wp\/v2\/product_tag?post=764809"}],"curies":[{"name":"wp","href":"https:\/\/api.w.org\/{rel}","templated":true}]}}