{"id":764806,"date":"2025-08-28T11:22:03","date_gmt":"2025-08-28T08:22:03","guid":{"rendered":"https:\/\/roveyayinevi.com.tr\/index.php\/urun\/avangard-sanat-teorisi\/"},"modified":"2026-04-15T03:30:29","modified_gmt":"2026-04-15T00:30:29","slug":"avangard-sanat-teorisi","status":"publish","type":"product","link":"https:\/\/roveyayinevi.com.tr\/index.php\/urun\/avangard-sanat-teorisi\/","title":{"rendered":"Avangard Sanat Teorisi"},"content":{"rendered":"<p>Poggioli\u2019nin 1940\u2019lar\u0131n sonunda Inventario dergisinde d\u00f6rt b\u00f6l\u00fcm halinde tefrika edilen ve 1962\u2019de kitap olarak yay\u0131nlanan Avangard Sanat Teorisi adl\u0131 \u00e7al\u0131\u015fmas\u0131, Bat\u0131 sanat\u0131 ve edebiyat\u0131nda avangard\u0131 sosyolojik bir olgu olarak inceleyen ilk kapsaml\u0131 \u00e7al\u0131\u015fmad\u0131r. Poggioli, \u201cavangard\u201d veya \u201c\u00f6nc\u00fc\u201d s\u0131fat\u0131n\u0131n belirli e\u011filim ve hareketleri nitelemek \u00fczere kullan\u0131lmaya ba\u015fland\u0131\u011f\u0131 1800\u2019lerin sonundan 20. y\u00fczy\u0131l\u0131n ortalar\u0131na kadar, sanat ve edebiyat alan\u0131nda gelene\u011fe ve klasizme kar\u015f\u0131 bayrak a\u00e7an, estetik (ve yer yer ahlaki) normlardan sapmay\u0131 ba\u015fl\u0131 ba\u015f\u0131na norm haline getiren hareketlerin ortak paydalar\u0131n\u0131 kavramsalla\u015ft\u0131r\u0131r. Manifesto ve bildirgelerden yola \u00e7\u0131karak, bu hareketleri \u201cavangard\u201d s\u0131fat\u0131yla nitelemeye imk\u00e2n veren tutumlar\u0131 ve e\u011filimleri etrafl\u0131ca inceler. Genel olarak toplumun, \u00f6zel olarak da sanat kamusunun ve ele\u015ftirmenlerin bu hareketlere ve sanat\u00e7\u0131lar\u0131na y\u00f6nelik \u201chasmane\u201d tepkilerini de\u011ferlendirerek, avangarda damgas\u0131n\u0131 vuran yabanc\u0131la\u015fman\u0131n izini s\u00fcrer. Sanat\u0131n ve edebiyat\u0131n avangardlar\u0131 ile siyasetin \u00f6nc\u00fc kuvvetleri aras\u0131ndaki yak\u0131nla\u015fmalar\u0131 ve kopu\u015flar\u0131 ortaya koyar; sanat\u0131n devrimcileri ile siyasetin devrimcilerini kar\u015f\u0131la\u015ft\u0131r\u0131r. Modernli\u011fin bir \u00fcr\u00fcn\u00fc olarak avangard\u0131n \u201cmodernperestlik\u201dle ili\u015fkisini sorunsalla\u015ft\u0131r\u0131r. Nihayet, daha o zamandan kimi \u00e7evrelerce \u201cbitti\u011fi\u201d ilan edilen avangard\u0131n \u201ccagdas ve modern sanat icin bir doga kanunu oldugunu\u201d \u00f6ne s\u00fcrer. Avangard Sanat Teorisi, sanat tarihindeki ve \u00e7a\u011fda\u015f sanattaki avangard kavram\u0131n\u0131 ve olgusunu de\u011ferlendirmek i\u00e7in etrafl\u0131 bir yol haritas\u0131 olu\u015fturur.<\/p>\n","protected":false},"excerpt":{"rendered":"<p>Poggioli\u2019nin 1940\u2019lar\u0131n sonunda Inventario dergisinde d\u00f6rt b\u00f6l\u00fcm halinde tefrika edilen ve 1962\u2019de kitap olarak yay\u0131nlanan Avangard Sanat Teorisi adl\u0131 \u00e7al\u0131\u015fmas\u0131, Bat\u0131 sanat\u0131 ve edebiyat\u0131nda avangard\u0131 sosyolojik<span class=\"excerpt-hellip\"> [\u2026]<\/span><\/p>\n","protected":false},"featured_media":0,"template":"","meta":{"_monsterinsights_skip_tracking":false,"_monsterinsights_sitenote_active":false,"_monsterinsights_sitenote_note":"","_monsterinsights_sitenote_category":0},"product_brand":[],"product_cat":[12408],"product_tag":[],"class_list":{"0":"post-764806","1":"product","2":"type-product","3":"status-publish","5":"product_cat-sanat","6":"pa_cilt-ciltsiz","7":"pa_tur-kitap","8":"pa_yayinevi-iletisim-yayinlari","9":"pa_yazar-renato-poggioli","11":"first","12":"instock","13":"sale","14":"shipping-taxable","15":"purchasable","16":"product-type-simple"},"_links":{"self":[{"href":"https:\/\/roveyayinevi.com.tr\/index.php\/wp-json\/wp\/v2\/product\/764806","targetHints":{"allow":["GET"]}}],"collection":[{"href":"https:\/\/roveyayinevi.com.tr\/index.php\/wp-json\/wp\/v2\/product"}],"about":[{"href":"https:\/\/roveyayinevi.com.tr\/index.php\/wp-json\/wp\/v2\/types\/product"}],"wp:attachment":[{"href":"https:\/\/roveyayinevi.com.tr\/index.php\/wp-json\/wp\/v2\/media?parent=764806"}],"wp:term":[{"taxonomy":"product_brand","embeddable":true,"href":"https:\/\/roveyayinevi.com.tr\/index.php\/wp-json\/wp\/v2\/product_brand?post=764806"},{"taxonomy":"product_cat","embeddable":true,"href":"https:\/\/roveyayinevi.com.tr\/index.php\/wp-json\/wp\/v2\/product_cat?post=764806"},{"taxonomy":"product_tag","embeddable":true,"href":"https:\/\/roveyayinevi.com.tr\/index.php\/wp-json\/wp\/v2\/product_tag?post=764806"}],"curies":[{"name":"wp","href":"https:\/\/api.w.org\/{rel}","templated":true}]}}