{"id":764805,"date":"2025-08-28T11:22:02","date_gmt":"2025-08-28T08:22:02","guid":{"rendered":"https:\/\/roveyayinevi.com.tr\/index.php\/urun\/kapitalizm-tarihi-icinde-sosyal-politika\/"},"modified":"2025-11-21T10:55:54","modified_gmt":"2025-11-21T07:55:54","slug":"kapitalizm-tarihi-icinde-sosyal-politika","status":"publish","type":"product","link":"https:\/\/roveyayinevi.com.tr\/index.php\/urun\/kapitalizm-tarihi-icinde-sosyal-politika\/","title":{"rendered":"Kapitalizm Tarihi I\u00e7inde Sosyal Politika"},"content":{"rendered":"<p>\u201cHer ne kadar \u2018kapitalistlerin hayvani i\u00e7g\u00fcd\u00fclerini evcille\u015ftirmek\u2019 art\u0131k politika hedefleri aras\u0131nda yer alm\u0131yor olsa da, neoliberal d\u00f6nemde sosyal politikaya verilen \u00f6nemin azalmam\u0131\u015f olmas\u0131 toplumun art\u0131k kendini korunmad\u0131\u011f\u0131n\u0131 s\u00f6ylememize pek imk\u00e2n vermiyor.\u201d Kapitalizm Tarihi \u0130\u00e7inde Sosyal Politika, kapitalizmin tarihsel seyri i\u00e7inde, sosyal politikan\u0131n olu\u015fum ve de\u011fi\u015fimlerinin izini s\u00fcr\u00fcyor. Kitap, sosyal politikan\u0131n tarihini yeniden d\u00fc\u015f\u00fcnme giri\u015fimi oldu\u011fu kadar, arka planda, liberalizme, sosyalizme, muhafazak\u00e2rl\u0131\u011fa, demokrasiye, e\u015fitlik talebine, devlet fikrine vb. dair bir d\u00fc\u015f\u00fcnce tarihi \u00e7al\u0131\u015fmas\u0131, ayn\u0131 zamanda. Ay\u015fe Bu\u011fra, 16. y\u00fczy\u0131ldan g\u00fcn\u00fcm\u00fcze, sosyal politika deneyimlerinin ele\u015ftirel bir de\u011ferlendirmesini yap\u0131yor: Sadaka rejiminin d\u00fczenlenmesinden yeni yoksulluk yasalar\u0131na, hay\u0131rseverlik pratiklerine, i\u015f\u00e7i s\u0131n\u0131f\u0131n\u0131n m\u00fccadelesine ve kazan\u0131mlar\u0131na, refah devleti uzla\u015fmas\u0131n\u0131n yaratt\u0131\u011f\u0131 kurumlara ve neoliberalizmin yol a\u00e7t\u0131\u011f\u0131 yeni \u00e7al\u0131\u015fma ve yeni yoksulluk bi\u00e7imleriyle ba\u015f etme \u00e7abalar\u0131na \u2013 bu arada Covid-19 pandemisi ve Ukrayna sava\u015f\u0131 gibi global olaylar\u0131n etkilerine\u2026 Sosyal politikan\u0131n oynad\u0131\u011f\u0131 d\u00f6n\u00fc\u015ft\u00fcr\u00fcc\u00fc rol\u00fcn tarihsel \u00f6nemini hat\u0131rlatan bir kitap.<\/p>\n","protected":false},"excerpt":{"rendered":"<p>\u201cHer ne kadar \u2018kapitalistlerin hayvani i\u00e7g\u00fcd\u00fclerini evcille\u015ftirmek\u2019 art\u0131k politika hedefleri aras\u0131nda yer alm\u0131yor olsa da, neoliberal d\u00f6nemde sosyal politikaya verilen \u00f6nemin azalmam\u0131\u015f olmas\u0131 toplumun art\u0131k kendini<span class=\"excerpt-hellip\"> [\u2026]<\/span><\/p>\n","protected":false},"featured_media":0,"template":"","meta":{"_monsterinsights_skip_tracking":false,"_monsterinsights_sitenote_active":false,"_monsterinsights_sitenote_note":"","_monsterinsights_sitenote_category":0},"product_brand":[],"product_cat":[13590,12337],"product_tag":[],"class_list":{"0":"post-764805","1":"product","2":"type-product","3":"status-publish","5":"product_cat-arastirma-inceleme-politika-siyaset","6":"product_cat-politika-siyaset","7":"pa_cilt-ciltsiz","8":"pa_tur-kitap","9":"pa_yayinevi-iletisim-yayinlari","10":"pa_yazar-ayse-bugra","12":"first","13":"instock","14":"sale","15":"shipping-taxable","16":"purchasable","17":"product-type-simple"},"_links":{"self":[{"href":"https:\/\/roveyayinevi.com.tr\/index.php\/wp-json\/wp\/v2\/product\/764805","targetHints":{"allow":["GET"]}}],"collection":[{"href":"https:\/\/roveyayinevi.com.tr\/index.php\/wp-json\/wp\/v2\/product"}],"about":[{"href":"https:\/\/roveyayinevi.com.tr\/index.php\/wp-json\/wp\/v2\/types\/product"}],"wp:attachment":[{"href":"https:\/\/roveyayinevi.com.tr\/index.php\/wp-json\/wp\/v2\/media?parent=764805"}],"wp:term":[{"taxonomy":"product_brand","embeddable":true,"href":"https:\/\/roveyayinevi.com.tr\/index.php\/wp-json\/wp\/v2\/product_brand?post=764805"},{"taxonomy":"product_cat","embeddable":true,"href":"https:\/\/roveyayinevi.com.tr\/index.php\/wp-json\/wp\/v2\/product_cat?post=764805"},{"taxonomy":"product_tag","embeddable":true,"href":"https:\/\/roveyayinevi.com.tr\/index.php\/wp-json\/wp\/v2\/product_tag?post=764805"}],"curies":[{"name":"wp","href":"https:\/\/api.w.org\/{rel}","templated":true}]}}