{"id":764804,"date":"2025-08-28T11:22:00","date_gmt":"2025-08-28T08:22:00","guid":{"rendered":"https:\/\/roveyayinevi.com.tr\/index.php\/urun\/yikimdan-umut-cikarmak\/"},"modified":"2026-04-15T03:30:29","modified_gmt":"2026-04-15T00:30:29","slug":"yikimdan-umut-cikarmak","status":"publish","type":"product","link":"https:\/\/roveyayinevi.com.tr\/index.php\/urun\/yikimdan-umut-cikarmak\/","title":{"rendered":"Y\u0131k\u0131mdan Umut \u00c7\u0131karmak"},"content":{"rendered":"<p>\u201c\u0130nsanlar\u0131n g\u00f6n\u00fcl ba\u011f\u0131 kurmas\u0131 a\u00e7\u0131s\u0131ndan dayan\u0131\u015fman\u0131n somut hali o ate\u015fin etraf\u0131nda g\u00f6z\u00fck\u00fcyordu asl\u0131nda. \u00c7\u00fcnk\u00fc b\u00f6yle olunca insan gidip \u00e7al\u0131\u015f\u0131yor, yoruldu\u011fu zaman gelip oturup ba\u015fkas\u0131yla sohbet ediyor. O kalk\u0131yor i\u015fini yap\u0131yor, bitirince yine orada oturup \u00e7ay\u0131n\u0131 i\u00e7ip ba\u015fkas\u0131yla sohbet ediyor. E ne olmu\u015f oluyor? Hem bir taraftan \u00e7al\u0131\u015fma, dayan\u0131\u015fma, i\u015fin de\u011feri bu, ama bir taraftan da sosyal hayat devam etmi\u015f oluyordu.\u201d 6 \u015eubat 2023 depremleri, b\u00fcy\u00fck can kayb\u0131yla, devletin kriz y\u00f6netimindeki a\u011f\u0131r problemlerle ve s\u00fcregiden ma\u011fduriyetlerle, sar\u0131lamayan yaralarla konu\u015fuldu. Oysa bir de, \u00e7ok g\u00fc\u00e7l\u00fc bir dayan\u0131\u015fma ve umudu ya\u015fatma u\u011fra\u015f\u0131 var. \u00d6zellikle, ihmale u\u011frad\u0131\u011f\u0131 duygusuyla adeta ikinci bir deprem ya\u015fayan Hatay\u2019da kendisini g\u00f6steren bir ve\u00e7he, bu. Serkan Turgut, Y\u0131k\u0131mdan Umut \u00c7\u0131karmak\u2019ta, bize Hatay sahas\u0131n\u0131n bu y\u00fcz\u00fcn\u00fcn yan\u0131 s\u0131ra, g\u00f6n\u00fcll\u00fclerin \u00e7al\u0131\u015fmas\u0131n\u0131n ve \u201cKolektif Koordinasyon\u201d ad\u0131yla \u00f6rg\u00fctlenen \u00f6z yard\u0131m faaliyetinin, orada bir hayat kurdu\u011funu g\u00f6steriyor. Kitap, Hatayl\u0131l\u0131k-Antakyal\u0131l\u0131k-Samanda\u011fl\u0131l\u0131k kimliklerinin, ayr\u0131mc\u0131l\u0131\u011f\u0131n ve demografik m\u00fchendislikle ilgili endi\u015felerin deprem sahas\u0131nda oynad\u0131\u011f\u0131 role de e\u011filiyor. Y\u0131k\u0131mdan Umut \u00c7\u0131karmak, \u201cumut etmekten yorulmayanlar\u0131n \u00fclkesi\u201dnden, \u201ciyili\u011fin bula\u015f\u0131c\u0131l\u0131\u011f\u0131ndan\u201d kesitler sunuyor.<\/p>\n","protected":false},"excerpt":{"rendered":"<p>\u201c\u0130nsanlar\u0131n g\u00f6n\u00fcl ba\u011f\u0131 kurmas\u0131 a\u00e7\u0131s\u0131ndan dayan\u0131\u015fman\u0131n somut hali o ate\u015fin etraf\u0131nda g\u00f6z\u00fck\u00fcyordu asl\u0131nda. \u00c7\u00fcnk\u00fc b\u00f6yle olunca insan gidip \u00e7al\u0131\u015f\u0131yor, yoruldu\u011fu zaman gelip oturup ba\u015fkas\u0131yla sohbet ediyor.<span class=\"excerpt-hellip\"> [\u2026]<\/span><\/p>\n","protected":false},"featured_media":0,"template":"","meta":{"_monsterinsights_skip_tracking":false,"_monsterinsights_sitenote_active":false,"_monsterinsights_sitenote_note":"","_monsterinsights_sitenote_category":0},"product_brand":[],"product_cat":[12324],"product_tag":[],"class_list":{"0":"post-764804","1":"product","2":"type-product","3":"status-publish","5":"product_cat-sosyoloji","6":"pa_cilt-ciltsiz","7":"pa_tur-kitap","8":"pa_yayinevi-iletisim-yayinlari","9":"pa_yazar-serkan-turgut","11":"first","12":"instock","13":"sale","14":"shipping-taxable","15":"purchasable","16":"product-type-simple"},"_links":{"self":[{"href":"https:\/\/roveyayinevi.com.tr\/index.php\/wp-json\/wp\/v2\/product\/764804","targetHints":{"allow":["GET"]}}],"collection":[{"href":"https:\/\/roveyayinevi.com.tr\/index.php\/wp-json\/wp\/v2\/product"}],"about":[{"href":"https:\/\/roveyayinevi.com.tr\/index.php\/wp-json\/wp\/v2\/types\/product"}],"wp:attachment":[{"href":"https:\/\/roveyayinevi.com.tr\/index.php\/wp-json\/wp\/v2\/media?parent=764804"}],"wp:term":[{"taxonomy":"product_brand","embeddable":true,"href":"https:\/\/roveyayinevi.com.tr\/index.php\/wp-json\/wp\/v2\/product_brand?post=764804"},{"taxonomy":"product_cat","embeddable":true,"href":"https:\/\/roveyayinevi.com.tr\/index.php\/wp-json\/wp\/v2\/product_cat?post=764804"},{"taxonomy":"product_tag","embeddable":true,"href":"https:\/\/roveyayinevi.com.tr\/index.php\/wp-json\/wp\/v2\/product_tag?post=764804"}],"curies":[{"name":"wp","href":"https:\/\/api.w.org\/{rel}","templated":true}]}}