{"id":764803,"date":"2025-08-28T11:21:58","date_gmt":"2025-08-28T08:21:58","guid":{"rendered":"https:\/\/roveyayinevi.com.tr\/index.php\/urun\/general-sivasko\/"},"modified":"2026-04-15T03:30:29","modified_gmt":"2026-04-15T00:30:29","slug":"general-sivasko","status":"publish","type":"product","link":"https:\/\/roveyayinevi.com.tr\/index.php\/urun\/general-sivasko\/","title":{"rendered":"General \u015e\u0131vasko"},"content":{"rendered":"<p>\u201cHik\u00e2yesi kendinden derin bir yara izi olsun isterdim y\u00fcz\u00fcmde. Her bakan\u0131n tekrar tekrar bakaca\u011f\u0131 \u015fa\u015fk\u0131nl\u0131kla \u00f6r\u00fcl\u00fc. Mucizelerden ziyade marifetlere inanarak s\u00fcregelen. \u015earapnelden m\u00fctemmim bir par\u00e7a kadar derinli\u011fi olan, as\u0131rlar boyu s\u00fcrecek yastan kalm\u0131\u015f ve hi\u00e7 dinmeyecek bir \u00f6fkeyle kanl\u0131lar\u0131m\u0131 hat\u0131rlat\u0131rcas\u0131na m\u00fch\u00fcrlenmi\u015f gibi\u2026 K\u00fcsk\u00fcn ka\u015f\u0131m\u0131n aras\u0131ndan, g\u00f6zkapa\u011f\u0131mdan ge\u00e7erek elmac\u0131k kemi\u011fimde duracak ve yana\u011f\u0131ma eri\u015fmeyecek o yar\u0131\u011fa neler neler s\u0131\u011fd\u0131r\u0131rd\u0131m.\u201d General \u015e\u0131vasko, had ve hudut aras\u0131nda ya\u015fayan k\u00f6yl\u00fclerin var olma \u00e7abalar\u0131n\u0131n, \u015fairin pe\u015finden, ge\u00e7mi\u015fin izinden gidenlerin ve onlar\u0131n pe\u015fini b\u0131rakmayanlar\u0131n roman\u0131. Ali \u0130pek, yara kabu\u011funa saklanacak kadar k\u00fc\u00e7\u00fck ama onlar\u0131 var edecek kadar da b\u00fcy\u00fck hik\u00e2yeleriyle birlikte ge\u00e7mi\u015flerini kat\u0131rlarla ta\u015f\u0131yanlar\u0131n zorlu yolculu\u011funu anlat\u0131yor.<\/p>\n","protected":false},"excerpt":{"rendered":"<p>\u201cHik\u00e2yesi kendinden derin bir yara izi olsun isterdim y\u00fcz\u00fcmde. Her bakan\u0131n tekrar tekrar bakaca\u011f\u0131 \u015fa\u015fk\u0131nl\u0131kla \u00f6r\u00fcl\u00fc. Mucizelerden ziyade marifetlere inanarak s\u00fcregelen. \u015earapnelden m\u00fctemmim bir par\u00e7a kadar<span class=\"excerpt-hellip\"> [\u2026]<\/span><\/p>\n","protected":false},"featured_media":0,"template":"","meta":{"_monsterinsights_skip_tracking":false,"_monsterinsights_sitenote_active":false,"_monsterinsights_sitenote_note":"","_monsterinsights_sitenote_category":0},"product_brand":[],"product_cat":[12291,12711],"product_tag":[],"class_list":{"0":"post-764803","1":"product","2":"type-product","3":"status-publish","5":"product_cat-edebiyat","6":"product_cat-roman-oyku","7":"pa_cilt-ciltsiz","8":"pa_tur-kitap","9":"pa_yayinevi-iletisim-yayinlari","10":"pa_yazar-ali-ipek","12":"first","13":"instock","14":"sale","15":"shipping-taxable","16":"purchasable","17":"product-type-simple"},"_links":{"self":[{"href":"https:\/\/roveyayinevi.com.tr\/index.php\/wp-json\/wp\/v2\/product\/764803","targetHints":{"allow":["GET"]}}],"collection":[{"href":"https:\/\/roveyayinevi.com.tr\/index.php\/wp-json\/wp\/v2\/product"}],"about":[{"href":"https:\/\/roveyayinevi.com.tr\/index.php\/wp-json\/wp\/v2\/types\/product"}],"wp:attachment":[{"href":"https:\/\/roveyayinevi.com.tr\/index.php\/wp-json\/wp\/v2\/media?parent=764803"}],"wp:term":[{"taxonomy":"product_brand","embeddable":true,"href":"https:\/\/roveyayinevi.com.tr\/index.php\/wp-json\/wp\/v2\/product_brand?post=764803"},{"taxonomy":"product_cat","embeddable":true,"href":"https:\/\/roveyayinevi.com.tr\/index.php\/wp-json\/wp\/v2\/product_cat?post=764803"},{"taxonomy":"product_tag","embeddable":true,"href":"https:\/\/roveyayinevi.com.tr\/index.php\/wp-json\/wp\/v2\/product_tag?post=764803"}],"curies":[{"name":"wp","href":"https:\/\/api.w.org\/{rel}","templated":true}]}}