{"id":764802,"date":"2025-08-28T11:21:56","date_gmt":"2025-08-28T08:21:56","guid":{"rendered":"https:\/\/roveyayinevi.com.tr\/index.php\/urun\/dunyaya-yeni-gelen-okurlar-icin\/"},"modified":"2026-04-13T03:25:44","modified_gmt":"2026-04-13T00:25:44","slug":"dunyaya-yeni-gelen-okurlar-icin","status":"publish","type":"product","link":"https:\/\/roveyayinevi.com.tr\/index.php\/urun\/dunyaya-yeni-gelen-okurlar-icin\/","title":{"rendered":"D\u00fcnyaya Yeni Gelen Okurlar I\u00e7in"},"content":{"rendered":"<p>\u201cNiyetim, kitaplardan, filmlerden de\u011fil, do\u011frudan insanlardan \u00f6\u011frendiklerimi derleyip toplamak. (\u2026) Ho\u015f, kitaplardan ve filmlerden \u00f6\u011frendiklerim olmasa insanlardan da pek bir \u015fey \u00f6\u011frenemezdim!\u201d \u015eahsi bir ansiklopedi olabilir mi? Varolu\u015fun anlam\u0131na dair, insan\u0131n t\u00fcrl\u00fc t\u00fcrl\u00fc haline dair ama ayn\u0131 zamanda ba\u015f\u0131bo\u015fluklara, tatl\u0131 ne\u015felere, uyuyup uyanmaya dair maddeleriyle&#8230; \u0130nsan\u0131n kendi hayat\u0131n\u0131n, avuntular\u0131n\u0131n, esasen de bilmezliklerinin ansiklopedisi. \u201cBilmemeyi \u00e7oktan sahiplenmi\u015f\u201d birisinin, ba\u015fkalar\u0131ndan neler neler \u00f6\u011frendiklerinin d\u00f6k\u00fcm\u00fcn\u00fc yapan maddeleriyle\u2026 \u201cSoluk almadan bilmeye\u201d ayak direyen, m\u00fctereddit bir ansiklopedi. D\u00fcnyaya Yeni Gelen Okurlar \u0130\u00e7in, sahiden d\u00fcnyaya yeni gelmi\u015f gibi halis ve saf, konu\u015fuyor bir yandan\u2026 Bir yandan da, adeta m\u00fchendis akl\u0131yla bir oyun oynuyor. Bir kenarda da a\u015fk ak\u0131yor, \u201cdeneyime dayanmayan bilgelik\u201d olarak. Bar\u0131\u015f B\u0131\u00e7ak\u00e7\u0131\u2019dan, \u00f6m\u00fcr kadar k\u0131sa bir roman.<\/p>\n","protected":false},"excerpt":{"rendered":"<p>\u201cNiyetim, kitaplardan, filmlerden de\u011fil, do\u011frudan insanlardan \u00f6\u011frendiklerimi derleyip toplamak. (\u2026) Ho\u015f, kitaplardan ve filmlerden \u00f6\u011frendiklerim olmasa insanlardan da pek bir \u015fey \u00f6\u011frenemezdim!\u201d \u015eahsi bir ansiklopedi olabilir<span class=\"excerpt-hellip\"> [\u2026]<\/span><\/p>\n","protected":false},"featured_media":0,"template":"","meta":{"_monsterinsights_skip_tracking":false,"_monsterinsights_sitenote_active":false,"_monsterinsights_sitenote_note":"","_monsterinsights_sitenote_category":0},"product_brand":[],"product_cat":[12291,12711],"product_tag":[],"class_list":{"0":"post-764802","1":"product","2":"type-product","3":"status-publish","5":"product_cat-edebiyat","6":"product_cat-roman-oyku","7":"pa_cilt-ciltsiz","8":"pa_tur-kitap","9":"pa_yayinevi-iletisim-yayinlari","10":"pa_yazar-baris-bicakci","12":"first","13":"instock","14":"sale","15":"shipping-taxable","16":"purchasable","17":"product-type-simple"},"_links":{"self":[{"href":"https:\/\/roveyayinevi.com.tr\/index.php\/wp-json\/wp\/v2\/product\/764802","targetHints":{"allow":["GET"]}}],"collection":[{"href":"https:\/\/roveyayinevi.com.tr\/index.php\/wp-json\/wp\/v2\/product"}],"about":[{"href":"https:\/\/roveyayinevi.com.tr\/index.php\/wp-json\/wp\/v2\/types\/product"}],"wp:attachment":[{"href":"https:\/\/roveyayinevi.com.tr\/index.php\/wp-json\/wp\/v2\/media?parent=764802"}],"wp:term":[{"taxonomy":"product_brand","embeddable":true,"href":"https:\/\/roveyayinevi.com.tr\/index.php\/wp-json\/wp\/v2\/product_brand?post=764802"},{"taxonomy":"product_cat","embeddable":true,"href":"https:\/\/roveyayinevi.com.tr\/index.php\/wp-json\/wp\/v2\/product_cat?post=764802"},{"taxonomy":"product_tag","embeddable":true,"href":"https:\/\/roveyayinevi.com.tr\/index.php\/wp-json\/wp\/v2\/product_tag?post=764802"}],"curies":[{"name":"wp","href":"https:\/\/api.w.org\/{rel}","templated":true}]}}