{"id":764801,"date":"2025-08-28T11:21:54","date_gmt":"2025-08-28T08:21:54","guid":{"rendered":"https:\/\/roveyayinevi.com.tr\/index.php\/urun\/karanliga-bakarken\/"},"modified":"2026-04-15T03:30:29","modified_gmt":"2026-04-15T00:30:29","slug":"karanliga-bakarken","status":"publish","type":"product","link":"https:\/\/roveyayinevi.com.tr\/index.php\/urun\/karanliga-bakarken\/","title":{"rendered":"Karanl\u0131\u011fa Bakarken"},"content":{"rendered":"<p>Bazen \u00e7ok g\u00fczel bir hik\u00e2yeye ba\u015flad\u0131k san\u0131r\u0131z ama ger\u00e7ekte o \u00f6yk\u00fcn\u00fcn ba\u015ftan sona bir k\u00f6t\u00fcl\u00fckten ibaret oldu\u011funu fark ederiz. Hayat\u0131m\u0131zda duydu\u011fumuz baz\u0131 hikayeler i\u00e7inde hem k\u00f6t\u00fcl\u00fck hem de iyilik bar\u0131nd\u0131r\u0131r. Ya\u015fam\u0131n \u00f6z\u00fcnde olan bu iki kavram bizim kim oldu\u011fumuza ba\u011fl\u0131 ve bu da hangi taraf\u0131 se\u00e7ti\u011fimizle ilgili bir \u015fey. Masum olan bir adam\u0131n seri katile d\u00f6n\u00fc\u015fmesi hikayesinde oldu\u011fu gibi\u2026 <\/p>\n","protected":false},"excerpt":{"rendered":"<p>Bazen \u00e7ok g\u00fczel bir hik\u00e2yeye ba\u015flad\u0131k san\u0131r\u0131z ama ger\u00e7ekte o \u00f6yk\u00fcn\u00fcn ba\u015ftan sona bir k\u00f6t\u00fcl\u00fckten ibaret oldu\u011funu fark ederiz. Hayat\u0131m\u0131zda duydu\u011fumuz baz\u0131 hikayeler i\u00e7inde hem k\u00f6t\u00fcl\u00fck<span class=\"excerpt-hellip\"> [\u2026]<\/span><\/p>\n","protected":false},"featured_media":0,"template":"","meta":{"_monsterinsights_skip_tracking":false,"_monsterinsights_sitenote_active":false,"_monsterinsights_sitenote_note":"","_monsterinsights_sitenote_category":0},"product_brand":[],"product_cat":[12291,12711],"product_tag":[],"class_list":{"0":"post-764801","1":"product","2":"type-product","3":"status-publish","5":"product_cat-edebiyat","6":"product_cat-roman-oyku","7":"pa_cilt-ciltsiz","8":"pa_tur-kitap","9":"pa_yayinevi-ulysses-yayinlari","10":"pa_yazar-osman-kurt","12":"first","13":"instock","14":"sale","15":"shipping-taxable","16":"purchasable","17":"product-type-simple"},"_links":{"self":[{"href":"https:\/\/roveyayinevi.com.tr\/index.php\/wp-json\/wp\/v2\/product\/764801","targetHints":{"allow":["GET"]}}],"collection":[{"href":"https:\/\/roveyayinevi.com.tr\/index.php\/wp-json\/wp\/v2\/product"}],"about":[{"href":"https:\/\/roveyayinevi.com.tr\/index.php\/wp-json\/wp\/v2\/types\/product"}],"wp:attachment":[{"href":"https:\/\/roveyayinevi.com.tr\/index.php\/wp-json\/wp\/v2\/media?parent=764801"}],"wp:term":[{"taxonomy":"product_brand","embeddable":true,"href":"https:\/\/roveyayinevi.com.tr\/index.php\/wp-json\/wp\/v2\/product_brand?post=764801"},{"taxonomy":"product_cat","embeddable":true,"href":"https:\/\/roveyayinevi.com.tr\/index.php\/wp-json\/wp\/v2\/product_cat?post=764801"},{"taxonomy":"product_tag","embeddable":true,"href":"https:\/\/roveyayinevi.com.tr\/index.php\/wp-json\/wp\/v2\/product_tag?post=764801"}],"curies":[{"name":"wp","href":"https:\/\/api.w.org\/{rel}","templated":true}]}}