{"id":764799,"date":"2025-08-28T11:21:51","date_gmt":"2025-08-28T08:21:51","guid":{"rendered":"https:\/\/roveyayinevi.com.tr\/index.php\/urun\/nana-5\/"},"modified":"2026-04-15T03:30:29","modified_gmt":"2026-04-15T00:30:29","slug":"nana-5","status":"publish","type":"product","link":"https:\/\/roveyayinevi.com.tr\/index.php\/urun\/nana-5\/","title":{"rendered":"Nana"},"content":{"rendered":"<p>Zola\u2019n\u0131n Fransa\u2019da ikinci imparatorluk d\u00f6nemini her y\u00f6n\u00fcyle mercek alt\u0131na ald\u0131\u011f\u0131 yirmi kitapl\u0131k Rougon Macquart dizisinin en \u00e7ok f\u0131rt\u0131na koparan kitaplar\u0131ndan biridir Nana. \u0130lk kez bir gazetede tefrika edilerek okurla bulu\u015fan Nana, Zola\u2019n\u0131n \u00fc\u00e7 y\u0131l \u00f6nce yay\u0131mland\u0131\u011f\u0131nda ortal\u0131\u011f\u0131 birbirine katan ve an\u0131nda ahlaks\u0131zl\u0131kla damgalanan kitab\u0131 Meyhane\u2019nin bir anlamda devam\u0131 niteli\u011findedir. Nana, Meyhane\u2019nin ba\u015fki\u015fisi \u00e7ama\u015f\u0131rc\u0131 Gervaise\u2019in k\u0131z\u0131d\u0131r. Yoksullu\u011fun, ayya\u015fl\u0131\u011f\u0131n, \u00e7\u00fcr\u00fcm\u00fc\u015f bir toplumun i\u00e7ine do\u011fmu\u015ftur. G\u00fczelli\u011fiyle \u00fcnlenen yeteneksiz bir tiyatro oyuncusu ve bir fahi\u015fedir. Nana\u2019n\u0131n t\u00fcm varl\u0131\u011f\u0131 ve ya\u015fam\u0131, \u00e2deta etraf\u0131ndaki aristokrasinin ve burjuvazinin p\u0131r\u0131lt\u0131lar\u0131n\u0131 d\u00f6kerek ikiy\u00fczl\u00fcl\u00fc\u011f\u00fcn\u00fc, a\u00e7g\u00f6zl\u00fcl\u00fc\u011f\u00fcn\u00fc g\u00f6zler \u00f6n\u00fcne seren bir turnusol k\u00e2\u011f\u0131d\u0131d\u0131r.       T\u0131pk\u0131 Meyhane gibi yay\u0131mland\u0131\u011f\u0131 anda \u00e7ok \u015fiddetli ele\u015ftiri oklar\u0131na hedef olan Nana, tutucu bas\u0131n\u0131n ve ele\u015ftirmenlerin bu h\u00fccumuna ra\u011fmen okurunu bulmu\u015f, Zola\u2019n\u0131n en \u00e7ok okunan kitaplar\u0131ndan biri olmu\u015ftur. Yazar\u0131n yaln\u0131zca ger\u00e7e\u011fi anlatt\u0131\u011f\u0131, okurlar taraf\u0131ndan teslim edilmi\u015ftir. Yordam Edebiyat olarak Zola\u2019n\u0131n ba\u015fyap\u0131tlar\u0131ndan biri olan Nana\u2019y\u0131 Adnan Cemgil\u2019in ak\u0131c\u0131, s\u0131cak T\u00fcrk\u00e7esiyle okurlar\u0131m\u0131za sunuyoruz. <\/p>\n","protected":false},"excerpt":{"rendered":"<p>Zola\u2019n\u0131n Fransa\u2019da ikinci imparatorluk d\u00f6nemini her y\u00f6n\u00fcyle mercek alt\u0131na ald\u0131\u011f\u0131 yirmi kitapl\u0131k Rougon Macquart dizisinin en \u00e7ok f\u0131rt\u0131na koparan kitaplar\u0131ndan biridir Nana. \u0130lk kez bir gazetede<span class=\"excerpt-hellip\"> [\u2026]<\/span><\/p>\n","protected":false},"featured_media":0,"template":"","meta":{"_monsterinsights_skip_tracking":false,"_monsterinsights_sitenote_active":false,"_monsterinsights_sitenote_note":"","_monsterinsights_sitenote_category":0},"product_brand":[],"product_cat":[12291,12711],"product_tag":[],"class_list":{"0":"post-764799","1":"product","2":"type-product","3":"status-publish","5":"product_cat-edebiyat","6":"product_cat-roman-oyku","7":"pa_cilt-ciltsiz","8":"pa_tur-kitap","9":"pa_yayinevi-yordam-kitap","10":"pa_yazar-emile-zola","12":"first","13":"instock","14":"sale","15":"shipping-taxable","16":"purchasable","17":"product-type-simple"},"_links":{"self":[{"href":"https:\/\/roveyayinevi.com.tr\/index.php\/wp-json\/wp\/v2\/product\/764799","targetHints":{"allow":["GET"]}}],"collection":[{"href":"https:\/\/roveyayinevi.com.tr\/index.php\/wp-json\/wp\/v2\/product"}],"about":[{"href":"https:\/\/roveyayinevi.com.tr\/index.php\/wp-json\/wp\/v2\/types\/product"}],"wp:attachment":[{"href":"https:\/\/roveyayinevi.com.tr\/index.php\/wp-json\/wp\/v2\/media?parent=764799"}],"wp:term":[{"taxonomy":"product_brand","embeddable":true,"href":"https:\/\/roveyayinevi.com.tr\/index.php\/wp-json\/wp\/v2\/product_brand?post=764799"},{"taxonomy":"product_cat","embeddable":true,"href":"https:\/\/roveyayinevi.com.tr\/index.php\/wp-json\/wp\/v2\/product_cat?post=764799"},{"taxonomy":"product_tag","embeddable":true,"href":"https:\/\/roveyayinevi.com.tr\/index.php\/wp-json\/wp\/v2\/product_tag?post=764799"}],"curies":[{"name":"wp","href":"https:\/\/api.w.org\/{rel}","templated":true}]}}