{"id":764798,"date":"2025-08-28T11:21:50","date_gmt":"2025-08-28T08:21:50","guid":{"rendered":"https:\/\/roveyayinevi.com.tr\/index.php\/urun\/genclerle-bas-basa-sosyoloji\/"},"modified":"2026-04-15T03:30:29","modified_gmt":"2026-04-15T00:30:29","slug":"genclerle-bas-basa-sosyoloji","status":"publish","type":"product","link":"https:\/\/roveyayinevi.com.tr\/index.php\/urun\/genclerle-bas-basa-sosyoloji\/","title":{"rendered":"Gen\u00e7lerle Ba\u015f Ba\u015fa: Sosyoloji"},"content":{"rendered":"<p>Gen\u00e7lerle Ba\u015f Ba\u015fa dizisinin bu kitab\u0131 sosyoloji biliminin temellerine, toplumlar\u0131n d\u00fcnden bug\u00fcne geli\u015fimine ve sosyologlar\u0131n farkl\u0131 yakla\u015f\u0131mlar\u0131na e\u011filiyor. \u201cSosyoloji hangi s\u0131n\u0131fsal ve d\u00fc\u015f\u00fcnsel temeller \u00fczerinde y\u00fckselmektedir?\u201d, \u201cToplumu, tarihi ve uygarl\u0131\u011f\u0131 nas\u0131l a\u00e7\u0131klayaca\u011f\u0131z?\u201d sorular\u0131na yan\u0131t ararken bir\u00e7ok kavram ve teoriye derinlemesine bir bak\u0131\u015f getiriyor; idealist ve materyalist gelenekleri kar\u015f\u0131la\u015ft\u0131r\u0131yor.  \u201cYa\u015famda kar\u015f\u0131la\u015ft\u0131\u011f\u0131m\u0131z ve sorgulamad\u0131\u011f\u0131m\u0131z her ili\u015fki bi\u00e7imi oldu\u011fu gibi devam eder. Ele\u015ftiri ve yorum olmazsa, de\u011fi\u015fim hi\u00e7 kimsenin akl\u0131na gelmez\u201d diyor kitab\u0131n yazar\u0131 Mehmet Devrim Topses. Dolay\u0131s\u0131yla sosyoloji, toplumsal sorunlar\u0131 anlamak ve a\u00e7\u0131klamakla yetinmeyip, \u00e7\u00f6zmeyi ama\u00e7layan bir disiplin olarak ele al\u0131nmal\u0131. \u0130zlenen tarihsel materyalist y\u00f6ntem ise sorunlar\u0131n \u201ckimin i\u00e7in\u201d, \u201changi s\u0131n\u0131f yarar\u0131na\u201d \u00e7\u00f6z\u00fclece\u011fi meselesine kilitlenir ve buradan yol al\u0131r. Gen\u00e7lerle Ba\u015f Ba\u015fa: Sosyoloji, ayd\u0131nlanma, laiklik, modernle\u015fme gibi s\u00fcre\u00e7leri de tarihsel \u00e7er\u00e7evede ele al\u0131p tart\u0131\u015fan, zihin a\u00e7\u0131c\u0131 bir yap\u0131t. <\/p>\n","protected":false},"excerpt":{"rendered":"<p>Gen\u00e7lerle Ba\u015f Ba\u015fa dizisinin bu kitab\u0131 sosyoloji biliminin temellerine, toplumlar\u0131n d\u00fcnden bug\u00fcne geli\u015fimine ve sosyologlar\u0131n farkl\u0131 yakla\u015f\u0131mlar\u0131na e\u011filiyor. \u201cSosyoloji hangi s\u0131n\u0131fsal ve d\u00fc\u015f\u00fcnsel temeller \u00fczerinde y\u00fckselmektedir?\u201d,<span class=\"excerpt-hellip\"> [\u2026]<\/span><\/p>\n","protected":false},"featured_media":0,"template":"","meta":{"_monsterinsights_skip_tracking":false,"_monsterinsights_sitenote_active":false,"_monsterinsights_sitenote_note":"","_monsterinsights_sitenote_category":0},"product_brand":[],"product_cat":[12324],"product_tag":[],"class_list":{"0":"post-764798","1":"product","2":"type-product","3":"status-publish","5":"product_cat-sosyoloji","6":"pa_cilt-ciltsiz","7":"pa_tur-kitap","8":"pa_yayinevi-yordam-kitap","9":"pa_yazar-mehmet-devrim-topses","11":"first","12":"instock","13":"sale","14":"shipping-taxable","15":"purchasable","16":"product-type-simple"},"_links":{"self":[{"href":"https:\/\/roveyayinevi.com.tr\/index.php\/wp-json\/wp\/v2\/product\/764798","targetHints":{"allow":["GET"]}}],"collection":[{"href":"https:\/\/roveyayinevi.com.tr\/index.php\/wp-json\/wp\/v2\/product"}],"about":[{"href":"https:\/\/roveyayinevi.com.tr\/index.php\/wp-json\/wp\/v2\/types\/product"}],"wp:attachment":[{"href":"https:\/\/roveyayinevi.com.tr\/index.php\/wp-json\/wp\/v2\/media?parent=764798"}],"wp:term":[{"taxonomy":"product_brand","embeddable":true,"href":"https:\/\/roveyayinevi.com.tr\/index.php\/wp-json\/wp\/v2\/product_brand?post=764798"},{"taxonomy":"product_cat","embeddable":true,"href":"https:\/\/roveyayinevi.com.tr\/index.php\/wp-json\/wp\/v2\/product_cat?post=764798"},{"taxonomy":"product_tag","embeddable":true,"href":"https:\/\/roveyayinevi.com.tr\/index.php\/wp-json\/wp\/v2\/product_tag?post=764798"}],"curies":[{"name":"wp","href":"https:\/\/api.w.org\/{rel}","templated":true}]}}