{"id":764795,"date":"2025-08-28T11:21:46","date_gmt":"2025-08-28T08:21:46","guid":{"rendered":"https:\/\/roveyayinevi.com.tr\/index.php\/urun\/psikanaliz-ve-devrim\/"},"modified":"2026-04-15T03:30:29","modified_gmt":"2026-04-15T00:30:29","slug":"psikanaliz-ve-devrim","status":"publish","type":"product","link":"https:\/\/roveyayinevi.com.tr\/index.php\/urun\/psikanaliz-ve-devrim\/","title":{"rendered":"Psikanaliz ve Devrim"},"content":{"rendered":"<p>Freud, psikoloji d\u00fcnyas\u0131yla ele\u015ftirel ve \u015f\u00fcpheci bir ili\u015fki i\u00e7indeydi. O, psikolojiyi, nesnel bir bi\u00e7imde bilinebilecek; belirli, ger\u00e7ek, tamamen a\u00e7\u0131k ve her insanda her zaman ayn\u0131 olabilecek bir olgu olarak g\u00f6rmedi. B\u00fct\u00fcn bunlar, Freud\u2019un insan ac\u0131s\u0131n\u0131n do\u011fas\u0131n\u0131n tarihsel ba\u011flam\u0131na ve ac\u0131n\u0131n diyalektik bir s\u00fcrecin i\u00e7inde kendini semptomlarda g\u00f6sterdi\u011fine dair de\u011ferli \u00e7\u0131kar\u0131mlar yapmas\u0131n\u0131 sa\u011flam\u0131\u015ft\u0131r. Bu \u00e7\u0131kar\u0131mlar ayn\u0131 zamanda kavray\u0131\u015f ve \u00f6zg\u00fcrle\u015fme aras\u0131ndaki ili\u015fkiye de \u0131\u015f\u0131k tutmaktad\u0131r.Tarihi ve psikanalizi sevsek de sevmesek de tarihin kendisi mevcut d\u00fczeni ala\u015fa\u011f\u0131 etme giri\u015fimlerinin ve bunlar\u0131n yenilgilerinin tekrar etti\u011fi bir s\u00fcre\u00e7tir. Bir kalemde yinelemeyi b\u0131rak\u0131p ba\u015far\u0131l\u0131 olamay\u0131z; \u00e7\u00fcnk\u00fc tarihi kendi se\u00e7ti\u011fimiz ko\u015fullarda yazamay\u0131z. Verili ko\u015fullar i\u00e7erisinde ve s\u00f6m\u00fcr\u00fcc\u00fc yabanc\u0131la\u015ft\u0131r\u0131c\u0131 \u00fcretim ve t\u00fcketim ko\u015fullar\u0131n\u0131 olduklar\u0131 yerde tutan farkl\u0131 bask\u0131 \u00f6r\u00fcnt\u00fclerine g\u00f6re hareket ederiz. Bu \u00f6r\u00fcnt\u00fclerin \u00e7ok \u00f6nemli bir i\u015flevi vard\u0131r ki o da hayati gereksinimler olan kolektif \u00f6z-\u00f6rg\u00fctlenmelerin in\u015fas\u0131na engel olmakt\u0131r. Bu manifesto \u00f6zg\u00fcrl\u00fck hareketleri i\u00e7in, daha iyi bir d\u00fcnya i\u00e7in haz\u0131rland\u0131. G\u00fcn\u00fcm\u00fcz\u00fcn bask\u0131c\u0131, s\u00f6m\u00fcr\u00fcc\u00fc, yabanc\u0131la\u015ft\u0131r\u0131c\u0131 ger\u00e7ekli\u011fiyle m\u00fccadele eden birey ve gruplara hitaben ve onlar i\u00e7in yaz\u0131ld\u0131. Bu manifesto bug\u00fcnk\u00fc ya\u015fam\u0131n sefil d\u0131\u015f ger\u00e7ekli\u011fi ve ad\u0131na \u201cpsikoloji\u201dmiz denebilecek, derinlerde \u201ci\u00e7imizde\u201d oldu\u011funu hissetti\u011fimiz, s\u0131kl\u0131kla ger\u00e7ekli\u011fe teslim olan ya da umuyoruz ki ona isyan eden \u201ci\u00e7sel\u201d ya\u015famlar\u0131m\u0131z\u0131n kar\u015f\u0131l\u0131kl\u0131 ili\u015fkisi \u00fczerinedir.<\/p>\n","protected":false},"excerpt":{"rendered":"<p>Freud, psikoloji d\u00fcnyas\u0131yla ele\u015ftirel ve \u015f\u00fcpheci bir ili\u015fki i\u00e7indeydi. O, psikolojiyi, nesnel bir bi\u00e7imde bilinebilecek; belirli, ger\u00e7ek, tamamen a\u00e7\u0131k ve her insanda her zaman ayn\u0131 olabilecek<span class=\"excerpt-hellip\"> [\u2026]<\/span><\/p>\n","protected":false},"featured_media":0,"template":"","meta":{"_monsterinsights_skip_tracking":false,"_monsterinsights_sitenote_active":false,"_monsterinsights_sitenote_note":"","_monsterinsights_sitenote_category":0},"product_brand":[],"product_cat":[12358,12357],"product_tag":[],"class_list":{"0":"post-764795","1":"product","2":"type-product","3":"status-publish","5":"product_cat-genel-psikoloji","6":"product_cat-psikoloji","7":"pa_cilt-ciltsiz","8":"pa_tur-kitap","9":"pa_yayinevi-ayrinti-yayinlari","10":"pa_yazar-ian-parker-david-pavon-cuellar","12":"first","13":"instock","14":"sale","15":"shipping-taxable","16":"purchasable","17":"product-type-simple"},"_links":{"self":[{"href":"https:\/\/roveyayinevi.com.tr\/index.php\/wp-json\/wp\/v2\/product\/764795","targetHints":{"allow":["GET"]}}],"collection":[{"href":"https:\/\/roveyayinevi.com.tr\/index.php\/wp-json\/wp\/v2\/product"}],"about":[{"href":"https:\/\/roveyayinevi.com.tr\/index.php\/wp-json\/wp\/v2\/types\/product"}],"wp:attachment":[{"href":"https:\/\/roveyayinevi.com.tr\/index.php\/wp-json\/wp\/v2\/media?parent=764795"}],"wp:term":[{"taxonomy":"product_brand","embeddable":true,"href":"https:\/\/roveyayinevi.com.tr\/index.php\/wp-json\/wp\/v2\/product_brand?post=764795"},{"taxonomy":"product_cat","embeddable":true,"href":"https:\/\/roveyayinevi.com.tr\/index.php\/wp-json\/wp\/v2\/product_cat?post=764795"},{"taxonomy":"product_tag","embeddable":true,"href":"https:\/\/roveyayinevi.com.tr\/index.php\/wp-json\/wp\/v2\/product_tag?post=764795"}],"curies":[{"name":"wp","href":"https:\/\/api.w.org\/{rel}","templated":true}]}}