{"id":764794,"date":"2025-08-28T11:21:45","date_gmt":"2025-08-28T08:21:45","guid":{"rendered":"https:\/\/roveyayinevi.com.tr\/index.php\/urun\/yuruyus-pratigi\/"},"modified":"2026-04-15T03:30:28","modified_gmt":"2026-04-15T00:30:28","slug":"yuruyus-pratigi","status":"publish","type":"product","link":"https:\/\/roveyayinevi.com.tr\/index.php\/urun\/yuruyus-pratigi\/","title":{"rendered":"Y\u00fcr\u00fcy\u00fc\u015f Prati\u011fi"},"content":{"rendered":"<p>Dolki Min, ilk roman\u0131 Y\u00fcr\u00fcy\u00fc\u015f Prati\u011fi\u2019nde bir uzayl\u0131n\u0131n, insan\u0131n bedenine, \u00e7evresine, kendine yabanc\u0131 hissetmesinin ve hissetti\u011fi derin yaln\u0131zl\u0131\u011f\u0131n hik\u00e2yesini konu al\u0131yor. Bu radikal edebi eser, G\u00fcney Kore\u2019de ya\u015famaya \u00e7al\u0131\u015fan bir uzayl\u0131n\u0131n yiyecek aray\u0131\u015f\u0131n\u0131n insan olman\u0131n ne anlama geldi\u011fine dair varolu\u015fsal bir krize d\u00f6n\u00fc\u015fmesini anlat\u0131yor; bir y\u00f6n\u00fcyle de Karanl\u0131\u011f\u0131n Sol Eli, Squid Game ve Under The Skin\u2019e selam veriyor. Yazar, Mumu\u2019nun a\u011fz\u0131ndan g\u00fc\u00e7l\u00fc, b\u00fcy\u00fcleyici ve zekice kurgulanm\u0131\u015f bir anlat\u0131yla bizleri soluksuz b\u0131rak\u0131yor. Mumu da kim mi? Yabanc\u0131s\u0131 oldu\u011fu d\u00fcnyada var olmaya, ya\u015famaya, y\u00fcr\u00fcmeye \u00e7al\u0131\u015fan ayr\u0131ks\u0131; sevimli bir canl\u0131! Okudu\u011funuz metin Mumu\u2019nun insan normlar\u0131na g\u00f6re yapt\u0131\u011f\u0131 y\u00fcr\u00fcy\u00fc\u015f prati\u011finin bir g\u00fcncesi, bir hayatta kalma ser\u00fcveni, \u00f6teki ile aras\u0131ndaki mesafeyi nas\u0131l daraltt\u0131\u011f\u0131n\u0131n bir kayd\u0131 ve farkl\u0131 olu\u015funa dair bir alegori ayn\u0131 zamanda.Sen! Evet sen, benim cinsiyetimin ne oldu\u011funu merak ediyor musun? Belki de bu konuda az\u0131c\u0131k endi\u015felisindir. S\u00f6ylediklerimde ya da konu\u015fma tarz\u0131mda ipu\u00e7lar\u0131 arayarak konu\u015fmac\u0131n\u0131n cinsiyetini tahmin etmek i\u00e7in \u00e7\u0131rp\u0131nd\u0131n m\u0131? Peki tahmininin do\u011fru ya da yanl\u0131\u015f \u00e7\u0131kacak olmas\u0131 bir tarafa, nas\u0131l bir sonuca vard\u0131n?Dolki Min&#8217;in ak\u0131llardan \u00e7\u0131kmayan ilk roman\u0131 hem psikolojik gerilim hem de farkl\u0131 olanlar\u0131 \u00f6tekile\u015ftiren sosyal yap\u0131lara keskin bir ele\u015ftiri. Y\u00fcr\u00fcy\u00fc\u015f Prati\u011fi, yabanc\u0131 oldu\u011funu d\u00fc\u015f\u00fcnd\u00fc\u011f\u00fcm\u00fcz ki\u015filerdeki insanl\u0131\u011f\u0131 ortaya \u00e7\u0131kar\u0131yor ve yabanc\u0131la\u015fman\u0131n insan deneyimini nas\u0131l \u015fekillendirebilece\u011fini g\u00f6steriyor.<\/p>\n","protected":false},"excerpt":{"rendered":"<p>Dolki Min, ilk roman\u0131 Y\u00fcr\u00fcy\u00fc\u015f Prati\u011fi\u2019nde bir uzayl\u0131n\u0131n, insan\u0131n bedenine, \u00e7evresine, kendine yabanc\u0131 hissetmesinin ve hissetti\u011fi derin yaln\u0131zl\u0131\u011f\u0131n hik\u00e2yesini konu al\u0131yor. Bu radikal edebi eser, G\u00fcney<span class=\"excerpt-hellip\"> [\u2026]<\/span><\/p>\n","protected":false},"featured_media":0,"template":"","meta":{"_monsterinsights_skip_tracking":false,"_monsterinsights_sitenote_active":false,"_monsterinsights_sitenote_note":"","_monsterinsights_sitenote_category":0},"product_brand":[],"product_cat":[12540,12291],"product_tag":[],"class_list":{"0":"post-764794","1":"product","2":"type-product","3":"status-publish","5":"product_cat-bilim-kurgu","6":"product_cat-edebiyat","7":"pa_cilt-ciltsiz","8":"pa_tur-kitap","9":"pa_yayinevi-ayrinti-yayinlari","10":"pa_yazar-dolki-min","12":"first","13":"instock","14":"sale","15":"shipping-taxable","16":"purchasable","17":"product-type-simple"},"_links":{"self":[{"href":"https:\/\/roveyayinevi.com.tr\/index.php\/wp-json\/wp\/v2\/product\/764794","targetHints":{"allow":["GET"]}}],"collection":[{"href":"https:\/\/roveyayinevi.com.tr\/index.php\/wp-json\/wp\/v2\/product"}],"about":[{"href":"https:\/\/roveyayinevi.com.tr\/index.php\/wp-json\/wp\/v2\/types\/product"}],"wp:attachment":[{"href":"https:\/\/roveyayinevi.com.tr\/index.php\/wp-json\/wp\/v2\/media?parent=764794"}],"wp:term":[{"taxonomy":"product_brand","embeddable":true,"href":"https:\/\/roveyayinevi.com.tr\/index.php\/wp-json\/wp\/v2\/product_brand?post=764794"},{"taxonomy":"product_cat","embeddable":true,"href":"https:\/\/roveyayinevi.com.tr\/index.php\/wp-json\/wp\/v2\/product_cat?post=764794"},{"taxonomy":"product_tag","embeddable":true,"href":"https:\/\/roveyayinevi.com.tr\/index.php\/wp-json\/wp\/v2\/product_tag?post=764794"}],"curies":[{"name":"wp","href":"https:\/\/api.w.org\/{rel}","templated":true}]}}