{"id":764793,"date":"2025-08-28T11:21:43","date_gmt":"2025-08-28T08:21:43","guid":{"rendered":"https:\/\/roveyayinevi.com.tr\/index.php\/urun\/devlet-ve-borcla-yonetmek\/"},"modified":"2026-04-15T03:30:28","modified_gmt":"2026-04-15T00:30:28","slug":"devlet-ve-borcla-yonetmek","status":"publish","type":"product","link":"https:\/\/roveyayinevi.com.tr\/index.php\/urun\/devlet-ve-borcla-yonetmek\/","title":{"rendered":"Devlet ve Bor\u00e7la Y\u00f6netmek"},"content":{"rendered":"<p>Devlet ve Bor\u00e7la Y\u00f6netmek, AKP\u2019nin iktidara geldi\u011fi 2002 y\u0131l\u0131ndan ba\u015flayarak Tu\u0308rkiye\u2019de tabiyet ili\u015fkisini, birbirini besleyen ve bir a\u011f \u015feklinde geni\u015fleyen iki kavram\u0131 in\u015fa ederek a\u00e7\u0131kl\u0131yor: Bor\u00e7 ve gu\u0308venlik devleti. Foucault\u2019dan \u00f6du\u0308n\u00e7 al\u0131nan dispositif kavram\u0131n\u0131, bor\u00e7 ve gu\u0308venlik devletini Tu\u0308rkiye\u2019deki tabiyet ili\u015fkisinin yeni bi\u00e7imini anlamak i\u00e7in ba\u015far\u0131l\u0131 bir bi\u00e7imde kullanan \u00e7al\u0131\u015fma; yurtta\u015f\u0131n hem bor\u00e7lu hem de potansiyel tehdit olarak nas\u0131l kuruldu\u011funu, bu iki dispositifin pratik i\u015fleyi\u015fi ile a\u00e7\u0131kl\u0131yor. Siyasal bir kategori olarak yurtta\u015f\u0131n yerine siyasal taleplerinden \u00e7ekilip \u00e7\u0131kar\u0131lan bor\u00e7lu insan\u0131n gu\u0308vensizlik i\u00e7indeki yeni tabi konumunu anlamak i\u00e7in bir anahtar sunuyor.2000\u2019li y\u0131llar\u0131n iki ana e\u011filimini, finansalla\u015fma ve gu\u0308venlik devletini tabiyet ili\u015fkilerini kuran iki y\u00f6netim tertibat\u0131 olarak konumland\u0131ran kitap okurunu her biri kendi ba\u015f\u0131na \u00f6nemli iki litaratu\u0308rle bulu\u015fturmakla kalm\u0131yor; yeni y\u00f6netim formunun yaratt\u0131\u011f\u0131 yeni \u00f6znellik bi\u00e7imlerinin pratikte nas\u0131l ortaya \u00e7\u0131kt\u0131\u011f\u0131n\u0131 tart\u0131\u015farak politik bir mu\u0308cadele eksenine de i\u015faret ediyor.<\/p>\n","protected":false},"excerpt":{"rendered":"<p>Devlet ve Bor\u00e7la Y\u00f6netmek, AKP\u2019nin iktidara geldi\u011fi 2002 y\u0131l\u0131ndan ba\u015flayarak Tu\u0308rkiye\u2019de tabiyet ili\u015fkisini, birbirini besleyen ve bir a\u011f \u015feklinde geni\u015fleyen iki kavram\u0131 in\u015fa ederek a\u00e7\u0131kl\u0131yor: Bor\u00e7<span class=\"excerpt-hellip\"> [\u2026]<\/span><\/p>\n","protected":false},"featured_media":0,"template":"","meta":{"_monsterinsights_skip_tracking":false,"_monsterinsights_sitenote_active":false,"_monsterinsights_sitenote_note":"","_monsterinsights_sitenote_category":0},"product_brand":[],"product_cat":[13043,19008],"product_tag":[],"class_list":{"0":"post-764793","1":"product","2":"type-product","3":"status-publish","5":"product_cat-ekonomi","6":"product_cat-yonetim","7":"pa_cilt-ciltsiz","8":"pa_tur-kitap","9":"pa_yayinevi-ayrinti-yayinlari","10":"pa_yazar-hasan-kilicaslan","12":"first","13":"instock","14":"sale","15":"shipping-taxable","16":"purchasable","17":"product-type-simple"},"_links":{"self":[{"href":"https:\/\/roveyayinevi.com.tr\/index.php\/wp-json\/wp\/v2\/product\/764793","targetHints":{"allow":["GET"]}}],"collection":[{"href":"https:\/\/roveyayinevi.com.tr\/index.php\/wp-json\/wp\/v2\/product"}],"about":[{"href":"https:\/\/roveyayinevi.com.tr\/index.php\/wp-json\/wp\/v2\/types\/product"}],"wp:attachment":[{"href":"https:\/\/roveyayinevi.com.tr\/index.php\/wp-json\/wp\/v2\/media?parent=764793"}],"wp:term":[{"taxonomy":"product_brand","embeddable":true,"href":"https:\/\/roveyayinevi.com.tr\/index.php\/wp-json\/wp\/v2\/product_brand?post=764793"},{"taxonomy":"product_cat","embeddable":true,"href":"https:\/\/roveyayinevi.com.tr\/index.php\/wp-json\/wp\/v2\/product_cat?post=764793"},{"taxonomy":"product_tag","embeddable":true,"href":"https:\/\/roveyayinevi.com.tr\/index.php\/wp-json\/wp\/v2\/product_tag?post=764793"}],"curies":[{"name":"wp","href":"https:\/\/api.w.org\/{rel}","templated":true}]}}