{"id":764791,"date":"2025-08-28T11:21:41","date_gmt":"2025-08-28T08:21:41","guid":{"rendered":"https:\/\/roveyayinevi.com.tr\/index.php\/urun\/burjuvazi-ve-ciplak-kollular-fransiz-devriminde-toplumsal-mucadeleler-1793-1795\/"},"modified":"2026-04-15T03:30:28","modified_gmt":"2026-04-15T00:30:28","slug":"burjuvazi-ve-ciplak-kollular-fransiz-devriminde-toplumsal-mucadeleler-1793-1795","status":"publish","type":"product","link":"https:\/\/roveyayinevi.com.tr\/index.php\/urun\/burjuvazi-ve-ciplak-kollular-fransiz-devriminde-toplumsal-mucadeleler-1793-1795\/","title":{"rendered":"Burjuvazi ve \u00c7\u0131plak Kollular: Frans\u0131z Devrimi\u2019nde Toplumsal M\u00fccadeleler 1793-1795"},"content":{"rendered":"<p>Daniel Gu\u00e9rin\u2019in Frans\u0131z Devrimi s\u0131ras\u0131nda Fransa\u2019daki s\u0131n\u0131f gerilimlerini inceledi\u011fi \u00e7al\u0131\u015fmas\u0131 Burjuvazi ve \u00c7\u0131plak Kollular, 31 May\u0131s 1793 y\u0131l\u0131nda Jirondenler\u2019in d\u00fc\u015fmesinden itibaren ilk modern s\u0131n\u0131f \u00e7at\u0131\u015fmas\u0131n\u0131n ortaya \u00e7\u0131k\u0131\u015f\u0131na tan\u0131kl\u0131k etmemize yard\u0131mc\u0131 oluyor ve burjuva devriminin jakoben liderlerine kar\u015f\u0131 bald\u0131r\u0131 \u00e7\u0131plaklar taraf\u0131ndan y\u00f6netilen proleter bir devrimin tohumlar\u0131n\u0131n at\u0131ld\u0131\u011f\u0131n\u0131 g\u00f6steriyor. Eser, burjuva olarak kabul edilen \u00f6nde gelen siyasi fig\u00fcrler ile Parisli \u00e7\u0131plak kollular olarak adland\u0131rd\u0131\u011f\u0131 i\u015f\u00e7i kesim militanlar aras\u0131ndaki ba\u011flant\u0131lara dikkat \u00e7ekiyor ve \u201ctabandan ter\u00f6r\u201d ile \u201ctepeden ter\u00f6r\u201d kavramlar\u0131na \u0131\u015f\u0131k tutuyor. Bu \u015fekilde Gu\u00e9rin, devrimi tamamlamak i\u00e7in bask\u0131 \u00f6nlemleriyle \u00e7\u0131plak kollular\u0131 kullanan burjuva bu fig\u00fcrlerin Thermidor\u2019da nas\u0131l d\u00fc\u015ft\u00fc\u011f\u00fcn\u00fc anlamam\u0131z\u0131 kolayla\u015ft\u0131r\u0131yor. Frans\u0131z Devrimi tarihine getirilen bu yeni bak\u0131\u015f a\u00e7\u0131s\u0131, burjuva demokrasisi ile proleter demokrasi aras\u0131ndaki temel farkl\u0131l\u0131klar\u0131 vurgulayarak \u201cfikir birikimimizi yeniden in\u015fa etmemize\u201d, \u201ce\u015fitlik ve \u00f6zg\u00fcrl\u00fck fikirlerinin gerekli sentezini\u201d yeniden d\u00fc\u015f\u00fcnmemize imk\u00e2n tan\u0131yor. Claude Guillon\u2019un \u00f6ns\u00f6z\u00fc ise kom\u00fcnist tarih\u00e7ilerden \u00e7ok sert ele\u015ftiriler alan eseri \u00e7e\u015fitli tarih\u00e7ilerin \u00e7al\u0131\u015fmalar\u0131ndan yararlanarak yirminci y\u00fczy\u0131l\u0131n ideolojik ve tarih yaz\u0131m\u0131 tart\u0131\u015fmalar\u0131 i\u00e7ine yerle\u015ftiriyor.<\/p>\n","protected":false},"excerpt":{"rendered":"<p>Daniel Gu\u00e9rin\u2019in Frans\u0131z Devrimi s\u0131ras\u0131nda Fransa\u2019daki s\u0131n\u0131f gerilimlerini inceledi\u011fi \u00e7al\u0131\u015fmas\u0131 Burjuvazi ve \u00c7\u0131plak Kollular, 31 May\u0131s 1793 y\u0131l\u0131nda Jirondenler\u2019in d\u00fc\u015fmesinden itibaren ilk modern s\u0131n\u0131f \u00e7at\u0131\u015fmas\u0131n\u0131n ortaya<span class=\"excerpt-hellip\"> [\u2026]<\/span><\/p>\n","protected":false},"featured_media":0,"template":"","meta":{"_monsterinsights_skip_tracking":false,"_monsterinsights_sitenote_active":false,"_monsterinsights_sitenote_note":"","_monsterinsights_sitenote_category":0},"product_brand":[],"product_cat":[12305,12304],"product_tag":[],"class_list":{"0":"post-764791","1":"product","2":"type-product","3":"status-publish","5":"product_cat-dunya-tarihi","6":"product_cat-tarih","7":"pa_cilt-ciltsiz","8":"pa_tur-kitap","9":"pa_yayinevi-ayrinti-yayinlari","10":"pa_yazar-daniel-guerin","12":"first","13":"instock","14":"sale","15":"shipping-taxable","16":"purchasable","17":"product-type-simple"},"_links":{"self":[{"href":"https:\/\/roveyayinevi.com.tr\/index.php\/wp-json\/wp\/v2\/product\/764791","targetHints":{"allow":["GET"]}}],"collection":[{"href":"https:\/\/roveyayinevi.com.tr\/index.php\/wp-json\/wp\/v2\/product"}],"about":[{"href":"https:\/\/roveyayinevi.com.tr\/index.php\/wp-json\/wp\/v2\/types\/product"}],"wp:attachment":[{"href":"https:\/\/roveyayinevi.com.tr\/index.php\/wp-json\/wp\/v2\/media?parent=764791"}],"wp:term":[{"taxonomy":"product_brand","embeddable":true,"href":"https:\/\/roveyayinevi.com.tr\/index.php\/wp-json\/wp\/v2\/product_brand?post=764791"},{"taxonomy":"product_cat","embeddable":true,"href":"https:\/\/roveyayinevi.com.tr\/index.php\/wp-json\/wp\/v2\/product_cat?post=764791"},{"taxonomy":"product_tag","embeddable":true,"href":"https:\/\/roveyayinevi.com.tr\/index.php\/wp-json\/wp\/v2\/product_tag?post=764791"}],"curies":[{"name":"wp","href":"https:\/\/api.w.org\/{rel}","templated":true}]}}