{"id":764788,"date":"2025-08-28T11:21:37","date_gmt":"2025-08-28T08:21:37","guid":{"rendered":"https:\/\/roveyayinevi.com.tr\/index.php\/urun\/primer\/"},"modified":"2026-04-15T03:30:28","modified_gmt":"2026-04-15T00:30:28","slug":"primer","status":"publish","type":"product","link":"https:\/\/roveyayinevi.com.tr\/index.php\/urun\/primer\/","title":{"rendered":"Primer"},"content":{"rendered":"<p>On u\u0308\u00e7 ya\u015f\u0131ndaki Ashley Rayburn, k\u00f6tu\u0308mser ge\u00e7mi\u015fine ra\u011fmen kesinlikle iyimser bir k\u0131zd\u0131r. Babas\u0131 hapisteyken, Ashley bir koruyucu aileden di\u011ferine verilirken ona yard\u0131m etmeye \u00e7al\u0131\u015fan sosyal hizmet g\u00f6revlileri i\u00e7in tam bir meydan okumad\u0131r. Ama bunun sebebi,do\u011fas\u0131 gere\u011fi, k\u00f6tu\u0308 oldu\u011fundan de\u011fil de belan\u0131n her tu\u0308rlu\u0308 onu bulmas\u0131ndand\u0131r.Ashley sevgi dolu yeni ebeveynleri, en iyi arkada\u015f\u0131 ve yarat\u0131c\u0131 yetenekleriyle hayatta bir \u00e7\u0131k\u0131\u015f yol bulmu\u015f gibidir. Onun i\u00e7in i\u015fler yolunda gitmeye ba\u015flar. Ancak, onu bir sanat\u00e7\u0131 kimli\u011finden du\u0308nyan\u0131n en yeni su\u0308per kahraman\u0131na d\u00f6nu\u0308\u015ftu\u0308ren, \u00f6zel olarak geli\u015ftirilmi\u015f vu\u0308cut boyalar\u0131yla dolu bir bavul buldu\u011funda hayat\u0131 bir anda eskisinden de karma\u015f\u0131k hale gelir. Ashley, o boyalar\u0131 ondan geri almaya \u00e7al\u0131\u015fan bir devlet kurumu taraf\u0131ndan takip edildi\u011fini fark edene kadar, hayat\u0131nda \u015fimdiye kadar olan en harika anlar\u0131 ya\u015fam\u0131\u015ft\u0131! Ama \u015fimdi yeni anne babas\u0131n\u0131 korumak ve ger\u00e7ek bir aile olman\u0131n ne demek oldu\u011funu \u00f6\u011frenmek i\u00e7in zor se\u00e7imlerle kar\u015f\u0131 kar\u015f\u0131yad\u0131r.Yazarlar Jennifer Muro (Du\u0308nya \u00dczerindeki Son \u00c7ocuklar, Netflix dizisi) ve Thomas Krajewski (Buddy Thunderstruck, Netflix dizisi) ve sanat\u00e7\u0131 Gretel Lusky\u2019den, DC evreni i\u00e7in yepyeni bir su\u0308per kahraman hik\u00e2yesi. Hem e\u011flenceli ve dramatik hem de duygusal ve harekete ge\u00e7irici.<\/p>\n","protected":false},"excerpt":{"rendered":"<p>On u\u0308\u00e7 ya\u015f\u0131ndaki Ashley Rayburn, k\u00f6tu\u0308mser ge\u00e7mi\u015fine ra\u011fmen kesinlikle iyimser bir k\u0131zd\u0131r. Babas\u0131 hapisteyken, Ashley bir koruyucu aileden di\u011ferine verilirken ona yard\u0131m etmeye \u00e7al\u0131\u015fan sosyal hizmet<span class=\"excerpt-hellip\"> [\u2026]<\/span><\/p>\n","protected":false},"featured_media":0,"template":"","meta":{"_monsterinsights_skip_tracking":false,"_monsterinsights_sitenote_active":false,"_monsterinsights_sitenote_note":"","_monsterinsights_sitenote_category":0},"product_brand":[],"product_cat":[12416,12291],"product_tag":[],"class_list":{"0":"post-764788","1":"product","2":"type-product","3":"status-publish","5":"product_cat-cizgi-roman","6":"product_cat-edebiyat","7":"pa_cilt-ciltsiz","8":"pa_tur-kitap","9":"pa_yayinevi-dinozor-cocuk","10":"pa_yazar-jennifer-muro-thomas-krajewski","12":"first","13":"instock","14":"sale","15":"shipping-taxable","16":"purchasable","17":"product-type-simple"},"_links":{"self":[{"href":"https:\/\/roveyayinevi.com.tr\/index.php\/wp-json\/wp\/v2\/product\/764788","targetHints":{"allow":["GET"]}}],"collection":[{"href":"https:\/\/roveyayinevi.com.tr\/index.php\/wp-json\/wp\/v2\/product"}],"about":[{"href":"https:\/\/roveyayinevi.com.tr\/index.php\/wp-json\/wp\/v2\/types\/product"}],"wp:attachment":[{"href":"https:\/\/roveyayinevi.com.tr\/index.php\/wp-json\/wp\/v2\/media?parent=764788"}],"wp:term":[{"taxonomy":"product_brand","embeddable":true,"href":"https:\/\/roveyayinevi.com.tr\/index.php\/wp-json\/wp\/v2\/product_brand?post=764788"},{"taxonomy":"product_cat","embeddable":true,"href":"https:\/\/roveyayinevi.com.tr\/index.php\/wp-json\/wp\/v2\/product_cat?post=764788"},{"taxonomy":"product_tag","embeddable":true,"href":"https:\/\/roveyayinevi.com.tr\/index.php\/wp-json\/wp\/v2\/product_tag?post=764788"}],"curies":[{"name":"wp","href":"https:\/\/api.w.org\/{rel}","templated":true}]}}