{"id":764785,"date":"2025-08-28T11:21:33","date_gmt":"2025-08-28T08:21:33","guid":{"rendered":"https:\/\/roveyayinevi.com.tr\/index.php\/urun\/felsefenin-baslangic-ilkeleri-2\/"},"modified":"2026-04-15T03:30:28","modified_gmt":"2026-04-15T00:30:28","slug":"felsefenin-baslangic-ilkeleri-2","status":"publish","type":"product","link":"https:\/\/roveyayinevi.com.tr\/index.php\/urun\/felsefenin-baslangic-ilkeleri-2\/","title":{"rendered":"Felsefenin Ba\u015flang\u0131\u00e7 \u0130lkeleri"},"content":{"rendered":"<p>Georges Politzer\u2019in Felsefenin Ba\u015flang\u0131\u00e7 \u0130lkeleri, sosyalizme s\u0131f\u0131rdan ba\u015flayanlar i\u00e7in, a\u015fa\u011f\u0131 yukar\u0131 doksan y\u0131ld\u0131r, yani kabaca \u00fc\u00e7 ku\u015fak boyunca e\u015fsiz bir k\u0131lavuz olmu\u015ftur. \u00d6ncelikle gen\u00e7 i\u015f\u00e7iler i\u00e7in d\u00fc\u015f\u00fcn\u00fclmesi, anlatt\u0131klar\u0131n\u0131n olabildi\u011fince berrak, kolay anla\u015f\u0131l\u0131r ve kolay ak\u0131lda tutulur olmas\u0131n\u0131 gerektirmi\u015ftir. K\u0131sa k\u0131sa b\u00f6l\u00fcmleri, anlat\u0131lacaklar\u0131n ba\u015fl\u0131klar\u0131n\u0131n her b\u00f6l\u00fcm\u00fcn ba\u015f\u0131nda sunulmas\u0131, s\u0131k s\u0131k tekrarlara, dolay\u0131s\u0131yla da hat\u0131rlatmalara gidilmesi, gerekti\u011finde ek okumalar \u00f6nerilmesi ve nihayet, soru-cevaplarla derslerin iyice \u00f6z\u00fcmlenmesinin sa\u011flanmaya \u00e7al\u0131\u015f\u0131lmas\u0131, bu kitab\u0131 e\u011fitbilim (pedagoji) a\u00e7\u0131s\u0131ndan \u00f6rnek bir \u00e7al\u0131\u015fmaya d\u00f6n\u00fc\u015ft\u00fcrm\u00fc\u015ft\u00fcr. Yordam Kitap, art\u0131k klasikle\u015fmi\u015f olan bu de\u011ferli yap\u0131t\u0131, g\u00f6zden ge\u00e7irilmi\u015f bir \u00e7eviriyle okura yeniden sunmakla bir g\u00f6rev yapt\u0131\u011f\u0131n\u0131n bilincindedir. <\/p>\n","protected":false},"excerpt":{"rendered":"<p>Georges Politzer\u2019in Felsefenin Ba\u015flang\u0131\u00e7 \u0130lkeleri, sosyalizme s\u0131f\u0131rdan ba\u015flayanlar i\u00e7in, a\u015fa\u011f\u0131 yukar\u0131 doksan y\u0131ld\u0131r, yani kabaca \u00fc\u00e7 ku\u015fak boyunca e\u015fsiz bir k\u0131lavuz olmu\u015ftur. \u00d6ncelikle gen\u00e7 i\u015f\u00e7iler i\u00e7in<span class=\"excerpt-hellip\"> [\u2026]<\/span><\/p>\n","protected":false},"featured_media":0,"template":"","meta":{"_monsterinsights_skip_tracking":false,"_monsterinsights_sitenote_active":false,"_monsterinsights_sitenote_note":"","_monsterinsights_sitenote_category":0},"product_brand":[],"product_cat":[12388,15536],"product_tag":[],"class_list":{"0":"post-764785","1":"product","2":"type-product","3":"status-publish","5":"product_cat-felsefe","6":"product_cat-siyaset-felsefesi","7":"pa_cilt-ciltsiz","8":"pa_tur-kitap","9":"pa_yayinevi-yordam-kitap","10":"pa_yazar-georges-politzer","12":"first","13":"instock","14":"sale","15":"shipping-taxable","16":"purchasable","17":"product-type-simple"},"_links":{"self":[{"href":"https:\/\/roveyayinevi.com.tr\/index.php\/wp-json\/wp\/v2\/product\/764785","targetHints":{"allow":["GET"]}}],"collection":[{"href":"https:\/\/roveyayinevi.com.tr\/index.php\/wp-json\/wp\/v2\/product"}],"about":[{"href":"https:\/\/roveyayinevi.com.tr\/index.php\/wp-json\/wp\/v2\/types\/product"}],"wp:attachment":[{"href":"https:\/\/roveyayinevi.com.tr\/index.php\/wp-json\/wp\/v2\/media?parent=764785"}],"wp:term":[{"taxonomy":"product_brand","embeddable":true,"href":"https:\/\/roveyayinevi.com.tr\/index.php\/wp-json\/wp\/v2\/product_brand?post=764785"},{"taxonomy":"product_cat","embeddable":true,"href":"https:\/\/roveyayinevi.com.tr\/index.php\/wp-json\/wp\/v2\/product_cat?post=764785"},{"taxonomy":"product_tag","embeddable":true,"href":"https:\/\/roveyayinevi.com.tr\/index.php\/wp-json\/wp\/v2\/product_tag?post=764785"}],"curies":[{"name":"wp","href":"https:\/\/api.w.org\/{rel}","templated":true}]}}