{"id":764783,"date":"2025-08-28T11:21:30","date_gmt":"2025-08-28T08:21:30","guid":{"rendered":"https:\/\/roveyayinevi.com.tr\/index.php\/urun\/yaranin-sayfalari\/"},"modified":"2026-04-15T03:30:28","modified_gmt":"2026-04-15T00:30:28","slug":"yaranin-sayfalari","status":"publish","type":"product","link":"https:\/\/roveyayinevi.com.tr\/index.php\/urun\/yaranin-sayfalari\/","title":{"rendered":"Yaran\u0131n Sayfalar\u0131"},"content":{"rendered":"<p>\u201cOn iki ya\u015f\u0131mdan beri, yapabilece\u011fim ba\u015fka bir \u015fey yoksa, \u015fiir yazar\u0131m. \u015eiirler bir \u00e7aresizlik duygusundan do\u011far. G\u00fc\u00e7lerinin kayna\u011f\u0131 da budur. &#8230; \u015eiirler ger\u00e7ekler kar\u015f\u0131s\u0131nda \u00e7aresizdirler. \u00c7aresizdirler, ama dayan\u0131ks\u0131z de\u011fillerdir, \u00e7\u00fcnk\u00fc her \u015fey onlara kar\u015f\u0131 direnir. Kararlara de\u011fil ama sonu\u00e7lara adlar bulurlar.\u201d   John Berger\u2019\u0131n \u201c\u015eiirler, \u00c7izimler, Foto\u011fraflar 1956-96\u201d alt ba\u015fl\u0131\u011f\u0131n\u0131 ta\u015f\u0131yan, ya\u015famdan, \u00f6l\u00fcmden, zaman\u0131n ge\u00e7i\u015finden, basit \u015feylerden ve basit g\u00f6r\u00fcnen \u00e7ok \u00f6nemli \u015feylerden bahseden kitab\u0131 Yaran\u0131n Sayfalar\u0131\u2019n\u0131 Cevat \u00c7apan \u00e7evirisiyle sunuyoruz:   Almakta da ustay\u0131zd\u0131r biz. \/ Y\u0131ld\u00f6n\u00fcmlerini al\u0131r\u0131z ayr\u0131l\u0131rken \/ t\u0131rna\u011f\u0131n bi\u00e7imini   uyuyan \u00e7ocu\u011fun sessizli\u011fini \/ kerevizinizin tad\u0131n\u0131 \/ ve s\u00fct i\u00e7in kulland\u0131\u011f\u0131n\u0131z s\u00f6zc\u00fc\u011f\u00fc.   Tek ki\u015filik yataklar\u0131m\u0131zda \/ \u015fiirden ne anlar\u0131z ki biz? <\/p>\n","protected":false},"excerpt":{"rendered":"<p>\u201cOn iki ya\u015f\u0131mdan beri, yapabilece\u011fim ba\u015fka bir \u015fey yoksa, \u015fiir yazar\u0131m. \u015eiirler bir \u00e7aresizlik duygusundan do\u011far. G\u00fc\u00e7lerinin kayna\u011f\u0131 da budur. &#8230; \u015eiirler ger\u00e7ekler kar\u015f\u0131s\u0131nda \u00e7aresizdirler. \u00c7aresizdirler,<span class=\"excerpt-hellip\"> [\u2026]<\/span><\/p>\n","protected":false},"featured_media":0,"template":"","meta":{"_monsterinsights_skip_tracking":false,"_monsterinsights_sitenote_active":false,"_monsterinsights_sitenote_note":"","_monsterinsights_sitenote_category":0},"product_brand":[],"product_cat":[12291,12509],"product_tag":[],"class_list":{"0":"post-764783","1":"product","2":"type-product","3":"status-publish","5":"product_cat-edebiyat","6":"product_cat-siir","7":"pa_cilt-ciltsiz","8":"pa_tur-kitap","9":"pa_yayinevi-metis-yayinlari","10":"pa_yazar-john-berger","12":"first","13":"instock","14":"sale","15":"shipping-taxable","16":"purchasable","17":"product-type-simple"},"_links":{"self":[{"href":"https:\/\/roveyayinevi.com.tr\/index.php\/wp-json\/wp\/v2\/product\/764783","targetHints":{"allow":["GET"]}}],"collection":[{"href":"https:\/\/roveyayinevi.com.tr\/index.php\/wp-json\/wp\/v2\/product"}],"about":[{"href":"https:\/\/roveyayinevi.com.tr\/index.php\/wp-json\/wp\/v2\/types\/product"}],"wp:attachment":[{"href":"https:\/\/roveyayinevi.com.tr\/index.php\/wp-json\/wp\/v2\/media?parent=764783"}],"wp:term":[{"taxonomy":"product_brand","embeddable":true,"href":"https:\/\/roveyayinevi.com.tr\/index.php\/wp-json\/wp\/v2\/product_brand?post=764783"},{"taxonomy":"product_cat","embeddable":true,"href":"https:\/\/roveyayinevi.com.tr\/index.php\/wp-json\/wp\/v2\/product_cat?post=764783"},{"taxonomy":"product_tag","embeddable":true,"href":"https:\/\/roveyayinevi.com.tr\/index.php\/wp-json\/wp\/v2\/product_tag?post=764783"}],"curies":[{"name":"wp","href":"https:\/\/api.w.org\/{rel}","templated":true}]}}