{"id":764782,"date":"2025-08-28T11:21:28","date_gmt":"2025-08-28T08:21:28","guid":{"rendered":"https:\/\/roveyayinevi.com.tr\/index.php\/urun\/cimenkus\/"},"modified":"2026-04-15T03:30:28","modified_gmt":"2026-04-15T00:30:28","slug":"cimenkus","status":"publish","type":"product","link":"https:\/\/roveyayinevi.com.tr\/index.php\/urun\/cimenkus\/","title":{"rendered":"\u00c7imenku\u015f"},"content":{"rendered":"<p>Aziz \u0130sa Elkun, bug\u00fcn d\u00fcnyan\u0131n \u00e7e\u015fitli \u00fclkelerinde ya\u015fayan Uygur T\u00fcrklerinin duygular\u0131n\u0131, yaln\u0131zl\u0131\u011f\u0131n\u0131 ve ya\u015fad\u0131\u011f\u0131 s\u0131k\u0131nt\u0131lar\u0131 \u015fiirle, nesirle anlatmaya \u00e7al\u0131\u015fm\u0131\u015ft\u0131r. Genellikle \u015fiirlerinde, Uygur T\u00fcrklerinin Diasporada ya\u015fad\u0131\u011f\u0131 s\u0131k\u0131nt\u0131, gurbet kayg\u0131s\u0131, yaln\u0131zl\u0131k, \u00e7ekilen s\u0131k\u0131nt\u0131lar ve vatan hasretini anlatmaktad\u0131r. Uygur edebiyat\u0131n\u0131n yay\u0131ld\u0131\u011f\u0131 geni\u015f sahaya, bu y\u00fczy\u0131lda yurt d\u0131\u015f\u0131nda ya\u015fayan Uygurlar\u0131n edebiyat\u0131 da eklenmi\u015f, Aziz \u0130sa Elkun de bu edebiyat\u0131n bir par\u00e7as\u0131 olarak Londra\u2019da edebi \u00fcr\u00fcnler vermi\u015ftir. Aziz \u0130sa Elkun\u2019un Uygurca ve \u0130ngilizce yazd\u0131\u011f\u0131 \u015eiirlerinden olu\u015fan \u201c\u00c7imenku\u015f\u201d adl\u0131 kitab\u0131n\u0131n T\u00fcrkiye T\u00fcrk\u00e7esine aktar\u0131larak T\u00fcrkiye\u2019de yay\u0131nlanm\u0131\u015f olmas\u0131 ba\u015fta Uygur T\u00fcrkleri olmak \u00fczere, Do\u011fu T\u00fcrkistan\u2019daki T\u00fcrk topluluklar\u0131na yap\u0131lan soyk\u0131r\u0131m\u0131, yurt d\u0131\u015f\u0131nda ya\u015fayan Do\u011fu T\u00fcrkistanl\u0131lar\u0131n s\u0131k\u0131nt\u0131lar\u0131n\u0131 T\u00fcrkiye kamuoyuna anlatmak a\u00e7\u0131s\u0131ndan olduk\u00e7a \u00f6nemlidir. Prof. Dr. Erkin Emet <\/p>\n","protected":false},"excerpt":{"rendered":"<p>Aziz \u0130sa Elkun, bug\u00fcn d\u00fcnyan\u0131n \u00e7e\u015fitli \u00fclkelerinde ya\u015fayan Uygur T\u00fcrklerinin duygular\u0131n\u0131, yaln\u0131zl\u0131\u011f\u0131n\u0131 ve ya\u015fad\u0131\u011f\u0131 s\u0131k\u0131nt\u0131lar\u0131 \u015fiirle, nesirle anlatmaya \u00e7al\u0131\u015fm\u0131\u015ft\u0131r. Genellikle \u015fiirlerinde, Uygur T\u00fcrklerinin Diasporada ya\u015fad\u0131\u011f\u0131 s\u0131k\u0131nt\u0131,<span class=\"excerpt-hellip\"> [\u2026]<\/span><\/p>\n","protected":false},"featured_media":0,"template":"","meta":{"_monsterinsights_skip_tracking":false,"_monsterinsights_sitenote_active":false,"_monsterinsights_sitenote_note":"","_monsterinsights_sitenote_category":0},"product_brand":[],"product_cat":[12291,12509],"product_tag":[],"class_list":{"0":"post-764782","1":"product","2":"type-product","3":"status-publish","5":"product_cat-edebiyat","6":"product_cat-siir","7":"pa_cilt-ciltsiz","8":"pa_tur-kitap","9":"pa_yayinevi-omca-yayinlari","10":"pa_yazar-aziz-isa-elkun","12":"first","13":"instock","14":"sale","15":"shipping-taxable","16":"purchasable","17":"product-type-simple"},"_links":{"self":[{"href":"https:\/\/roveyayinevi.com.tr\/index.php\/wp-json\/wp\/v2\/product\/764782","targetHints":{"allow":["GET"]}}],"collection":[{"href":"https:\/\/roveyayinevi.com.tr\/index.php\/wp-json\/wp\/v2\/product"}],"about":[{"href":"https:\/\/roveyayinevi.com.tr\/index.php\/wp-json\/wp\/v2\/types\/product"}],"wp:attachment":[{"href":"https:\/\/roveyayinevi.com.tr\/index.php\/wp-json\/wp\/v2\/media?parent=764782"}],"wp:term":[{"taxonomy":"product_brand","embeddable":true,"href":"https:\/\/roveyayinevi.com.tr\/index.php\/wp-json\/wp\/v2\/product_brand?post=764782"},{"taxonomy":"product_cat","embeddable":true,"href":"https:\/\/roveyayinevi.com.tr\/index.php\/wp-json\/wp\/v2\/product_cat?post=764782"},{"taxonomy":"product_tag","embeddable":true,"href":"https:\/\/roveyayinevi.com.tr\/index.php\/wp-json\/wp\/v2\/product_tag?post=764782"}],"curies":[{"name":"wp","href":"https:\/\/api.w.org\/{rel}","templated":true}]}}