{"id":764781,"date":"2025-08-28T11:21:27","date_gmt":"2025-08-28T08:21:27","guid":{"rendered":"https:\/\/roveyayinevi.com.tr\/index.php\/urun\/insanlanma\/"},"modified":"2026-04-15T03:30:28","modified_gmt":"2026-04-15T00:30:28","slug":"insanlanma","status":"publish","type":"product","link":"https:\/\/roveyayinevi.com.tr\/index.php\/urun\/insanlanma\/","title":{"rendered":"\u0130nsanlanma"},"content":{"rendered":"<p>Silikon vadisinin kurucu merkezlerinden Stanford \u00dcniversitesi&#8217;nde on y\u0131llarca bilim tarihi dersleri veren, ayr\u0131ca Acad\u00e9mie Fran\u00e7aise&#8217;in nadir filozof \u00fcyelerinden olan Michel Serres (1930-2021) gen\u00e7 ya\u015flar\u0131ndan itibaren bir ge\u00e7i\u015f d\u00f6neminde ya\u015fad\u0131\u011f\u0131m\u0131z\u0131 fark eder ve t\u00fcm \u00f6mr\u00fcn\u00fc insanl\u0131\u011f\u0131 bu ge\u00e7i\u015fin sonras\u0131na haz\u0131rlamaya vakfeder. Bug\u00fcn transh\u00fcmanizm ba\u015fl\u0131\u011f\u0131 alt\u0131nda yap\u0131lan tart\u0131\u015fmalar\u0131 kendi yaratt\u0131\u011f\u0131 insanlanma (hominescence) kavram\u0131 alt\u0131nda tart\u0131\u015ft\u0131\u011f\u0131 bu kitapta insan\u0131n gelece\u011fini bir erginlenme (adolescence) olarak, \u00e7ocukluktan yeti\u015fkinli\u011fe bir ge\u00e7i\u015f olarak betimler. \u0130nsanl\u0131\u011f\u0131n son elli y\u0131lda ya\u015fad\u0131\u011f\u0131 radikal de\u011fi\u015fimleri de\u011ferlendirirken temel d\u00f6rt konuda geri d\u00f6n\u00fc\u015fs\u00fczce yeni bir d\u00f6neme girdi\u011fimizi s\u00f6yler: \u00d6l\u00fcmle ili\u015fki, bedenlerimizle ili\u015fki, yery\u00fcz\u00fcyle ili\u015fki ve yeni ileti\u015fim a\u011flar\u0131 nedeniyle ba\u015fka insanlarla ili\u015fki. Michel Serres evrimsel d\u00fczeyde ger\u00e7ekle\u015fece\u011fini \u00f6ng\u00f6rd\u00fc\u011f\u00fc bu radikal de\u011fi\u015fimlerin \u00f6zellikle zenginler ve yoksullar aras\u0131nda yarataca\u011f\u0131 muazzam e\u015fitsizlik tehlikesine dikkat \u00e7eker ve bu sefer ad\u0131na lay\u0131k olacak ikinci bir h\u00fcmanizm \u00e7a\u011f\u0131 i\u00e7in adalet y\u00fck\u00fcml\u00fcl\u00fc\u011f\u00fcn\u00fcn alt\u0131n\u0131 \u00e7izer. Peki bu gelecek bizi co\u015fturmal\u0131 m\u0131 yoksa korkutmal\u0131 m\u0131? Michel Serres, \u0130nsanlanma\u2019da iyimser veya k\u00f6t\u00fcmser senaryolar \u00fcretmektense gelece\u011fin belirsiz \u0131\u015f\u0131\u011f\u0131n\u0131 g\u00f6rmemiz i\u00e7in bize rehberlik etmeyi tercih ediyor. <\/p>\n","protected":false},"excerpt":{"rendered":"<p>Silikon vadisinin kurucu merkezlerinden Stanford \u00dcniversitesi&#8217;nde on y\u0131llarca bilim tarihi dersleri veren, ayr\u0131ca Acad\u00e9mie Fran\u00e7aise&#8217;in nadir filozof \u00fcyelerinden olan Michel Serres (1930-2021) gen\u00e7 ya\u015flar\u0131ndan itibaren bir<span class=\"excerpt-hellip\"> [\u2026]<\/span><\/p>\n","protected":false},"featured_media":0,"template":"","meta":{"_monsterinsights_skip_tracking":false,"_monsterinsights_sitenote_active":false,"_monsterinsights_sitenote_note":"","_monsterinsights_sitenote_category":0},"product_brand":[],"product_cat":[20351,12388],"product_tag":[],"class_list":{"0":"post-764781","1":"product","2":"type-product","3":"status-publish","5":"product_cat-dusunce","6":"product_cat-felsefe","7":"pa_cilt-ciltsiz","8":"pa_tur-kitap","9":"pa_yayinevi-livera-yayinevi","10":"pa_yazar-michel-serres","12":"first","13":"instock","14":"sale","15":"shipping-taxable","16":"purchasable","17":"product-type-simple"},"_links":{"self":[{"href":"https:\/\/roveyayinevi.com.tr\/index.php\/wp-json\/wp\/v2\/product\/764781","targetHints":{"allow":["GET"]}}],"collection":[{"href":"https:\/\/roveyayinevi.com.tr\/index.php\/wp-json\/wp\/v2\/product"}],"about":[{"href":"https:\/\/roveyayinevi.com.tr\/index.php\/wp-json\/wp\/v2\/types\/product"}],"wp:attachment":[{"href":"https:\/\/roveyayinevi.com.tr\/index.php\/wp-json\/wp\/v2\/media?parent=764781"}],"wp:term":[{"taxonomy":"product_brand","embeddable":true,"href":"https:\/\/roveyayinevi.com.tr\/index.php\/wp-json\/wp\/v2\/product_brand?post=764781"},{"taxonomy":"product_cat","embeddable":true,"href":"https:\/\/roveyayinevi.com.tr\/index.php\/wp-json\/wp\/v2\/product_cat?post=764781"},{"taxonomy":"product_tag","embeddable":true,"href":"https:\/\/roveyayinevi.com.tr\/index.php\/wp-json\/wp\/v2\/product_tag?post=764781"}],"curies":[{"name":"wp","href":"https:\/\/api.w.org\/{rel}","templated":true}]}}