{"id":764778,"date":"2025-08-28T11:21:24","date_gmt":"2025-08-28T08:21:24","guid":{"rendered":"https:\/\/roveyayinevi.com.tr\/index.php\/urun\/sifira-yukselmek\/"},"modified":"2026-04-15T03:30:28","modified_gmt":"2026-04-15T00:30:28","slug":"sifira-yukselmek","status":"publish","type":"product","link":"https:\/\/roveyayinevi.com.tr\/index.php\/urun\/sifira-yukselmek\/","title":{"rendered":"S\u0131f\u0131ra Y\u00fckselmek"},"content":{"rendered":"<p>Bu \u00e7al\u0131\u015fma, \u00f6zg\u00fcr toplumsalla\u015fma yolculu\u011funda at\u0131lmas\u0131 gereken bir ilk ad\u0131ma, tarih boyunca g\u00f6z \u00f6n\u00fcnde olan ve toplumsal ya\u015fam \u00fczerinde a\u011f\u0131r bir y\u00fck olu\u015fturdu\u011fu halde \u00e7o\u011funlukla g\u00f6rmezden gelinen \u201cbildik\u201d bir konuya, erkeklik k\u00fclt\u00fcr\u00fcne mercek tutuyor. Erkeklik k\u00fclt\u00fcr\u00fc, egemen d\u00fcnya i\u00e7in dokunulmaz bir kutsall\u0131k olarak kurgulanm\u0131\u015ft\u0131r. Gelgelelim, onun yaratt\u0131\u011f\u0131 k\u00fclt\u00fcrel atmosfer i\u00e7inde boy g\u00f6steren iktidarlar y\u0131k\u0131labilir, k\u00fclt\u00fcrler ortadan kald\u0131r\u0131labilir, yeni sistemler in\u015fa edile-bilir. Elinizdeki kitap, zihniyet ve k\u00fclt\u00fcr olarak erkeklik olgusunu\u0131 irdeliyor. Din, felsefe, bilim, psikiyatri, ak\u0131l, dil gibi zihniyet olu\u015fturucu d\u00fc\u015f\u00fcnce yap\u0131lar\u0131n\u0131n erkeklik k\u00fclt\u00fcr\u00fcn\u00fc in\u015fa etme ve onu \u00fcretmedeki rolleri ile b\u00fct\u00fcn bu d\u00fc\u015f\u00fcnce yap\u0131lar\u0131na i\u00e7erilmi\u015f eril kodlar\u0131 tart\u0131\u015f\u0131yor. Erke\u011fin kendisine, kad\u0131na, ya\u015fama, \u00f6zg\u00fcrl\u00fck-a\u015fk gibi toplumsal de\u011ferlere d\u00f6n\u00fck yan\u0131lsamal\u0131 alg\u0131lar\u0131na odaklan\u0131yor. Erkeklik ideolojilerinin, kurgulanan kimlik do\u011frultusunda erke\u011fin alg\u0131s\u0131n\u0131 nas\u0131l manip\u00fcle etti\u011fini, erkek alg\u0131s\u0131nda sahte olan\u0131n nas\u0131l ger\u00e7ek olan\u0131n yerine ge\u00e7irildi\u011fini analiz ediyor. Kitap, t\u00fcm bu y\u00f6nleriyle, erkeklik \u00e7al\u0131\u015fmalar\u0131 alan\u0131nda ufuk a\u00e7\u0131c\u0131 bir eser niteli\u011finde.<\/p>\n","protected":false},"excerpt":{"rendered":"<p>Bu \u00e7al\u0131\u015fma, \u00f6zg\u00fcr toplumsalla\u015fma yolculu\u011funda at\u0131lmas\u0131 gereken bir ilk ad\u0131ma, tarih boyunca g\u00f6z \u00f6n\u00fcnde olan ve toplumsal ya\u015fam \u00fczerinde a\u011f\u0131r bir y\u00fck olu\u015fturdu\u011fu halde \u00e7o\u011funlukla g\u00f6rmezden<span class=\"excerpt-hellip\"> [\u2026]<\/span><\/p>\n","protected":false},"featured_media":0,"template":"","meta":{"_monsterinsights_skip_tracking":false,"_monsterinsights_sitenote_active":false,"_monsterinsights_sitenote_note":"","_monsterinsights_sitenote_category":0},"product_brand":[],"product_cat":[12325,12324],"product_tag":[],"class_list":{"0":"post-764778","1":"product","2":"type-product","3":"status-publish","5":"product_cat-diger-sosyoloji","6":"product_cat-sosyoloji","7":"pa_cilt-ciltsiz","8":"pa_tur-kitap","9":"pa_yayinevi-dipnot-yayinlari","10":"pa_yazar-zeki-bayhan","12":"first","13":"instock","14":"sale","15":"shipping-taxable","16":"purchasable","17":"product-type-simple"},"_links":{"self":[{"href":"https:\/\/roveyayinevi.com.tr\/index.php\/wp-json\/wp\/v2\/product\/764778","targetHints":{"allow":["GET"]}}],"collection":[{"href":"https:\/\/roveyayinevi.com.tr\/index.php\/wp-json\/wp\/v2\/product"}],"about":[{"href":"https:\/\/roveyayinevi.com.tr\/index.php\/wp-json\/wp\/v2\/types\/product"}],"wp:attachment":[{"href":"https:\/\/roveyayinevi.com.tr\/index.php\/wp-json\/wp\/v2\/media?parent=764778"}],"wp:term":[{"taxonomy":"product_brand","embeddable":true,"href":"https:\/\/roveyayinevi.com.tr\/index.php\/wp-json\/wp\/v2\/product_brand?post=764778"},{"taxonomy":"product_cat","embeddable":true,"href":"https:\/\/roveyayinevi.com.tr\/index.php\/wp-json\/wp\/v2\/product_cat?post=764778"},{"taxonomy":"product_tag","embeddable":true,"href":"https:\/\/roveyayinevi.com.tr\/index.php\/wp-json\/wp\/v2\/product_tag?post=764778"}],"curies":[{"name":"wp","href":"https:\/\/api.w.org\/{rel}","templated":true}]}}