{"id":764777,"date":"2025-08-28T11:21:24","date_gmt":"2025-08-28T08:21:24","guid":{"rendered":"https:\/\/roveyayinevi.com.tr\/index.php\/urun\/psikoloji-101-2\/"},"modified":"2026-04-15T03:30:28","modified_gmt":"2026-04-15T00:30:28","slug":"psikoloji-101-2","status":"publish","type":"product","link":"https:\/\/roveyayinevi.com.tr\/index.php\/urun\/psikoloji-101-2\/","title":{"rendered":"Psikoloji 101"},"content":{"rendered":"<p>Yale \u00dcniversitesi\u2019nin gelmi\u015f ge\u00e7mi\u015f en pop\u00fcler derslerinden birine dayanan, modern psikoloji bilimine dair ilgi \u00e7ekici ve anla\u015f\u0131l\u0131r bir k\u0131lavuz.   \u00dc\u00e7 kiloluk k\u0131vr\u0131ml\u0131 bir k\u00fctle olan beyin, zek\u00e2ya ve bilin\u00e7li deneyime nas\u0131l yol a\u00e7ar? Freud, insan do\u011fas\u0131 konusunda hakl\u0131 m\u0131yd\u0131? Bilgi nereden gelir? Dil ve d\u00fc\u015f\u00fcnce aras\u0131ndaki ili\u015fki nedir? Bizi motive eden nedir ve neden korku, i\u011frenme, merhamet gibi duygular hissederiz? Bizler rasyonel varl\u0131klar m\u0131y\u0131z? \u00dcnl\u00fc psikolog Paul Bloom, zihin bilimi hakk\u0131ndaki s\u00fcr\u00fckleyici yeni kitab\u0131 Psikoloji 101\u2019de bu sorular\u0131 ve daha fazlas\u0131n\u0131 yan\u0131tl\u0131yor. Bloom\u2019un uzun y\u0131llar profes\u00f6rl\u00fck yapt\u0131\u011f\u0131 Yale \u00dcniversitesi\u2019ndeki \u201cPsikolojiye Giri\u015f\u201d derslerinden yola \u00e7\u0131karak haz\u0131rlad\u0131\u011f\u0131 Psikoloji 101, insan do\u011fas\u0131n\u0131n en gizli sakl\u0131 taraflar\u0131na \u0131\u015f\u0131k tutmas\u0131n\u0131n yan\u0131 s\u0131ra e\u011flenceli, ilgi \u00e7ekici ve unutulmaz anekdotlarla dolu bir anlat\u0131 sunuyor. Bununla birlikte bu kitap, psikoloji alan\u0131na kapsaml\u0131 bir genel bak\u0131\u015ftan \u00e7ok daha fazlas\u0131. Bloom, komplo teorilerine duyulan inan\u00e7, insanlar aras\u0131ndaki farkl\u0131l\u0131klar\u0131 a\u00e7\u0131klamada genlerin rol\u00fc ve \u00f6nyarg\u0131 ile nefretin do\u011fas\u0131 dahil olmak \u00fczere zaman\u0131m\u0131z\u0131n \u00e7ok \u00f6nemli ahlaki ve politik sorunlar\u0131 hakk\u0131nda psikolojinin bize neler s\u00f6yleyebilece\u011fini ortaya koyuyor.<\/p>\n","protected":false},"excerpt":{"rendered":"<p>Yale \u00dcniversitesi\u2019nin gelmi\u015f ge\u00e7mi\u015f en pop\u00fcler derslerinden birine dayanan, modern psikoloji bilimine dair ilgi \u00e7ekici ve anla\u015f\u0131l\u0131r bir k\u0131lavuz. \u00dc\u00e7 kiloluk k\u0131vr\u0131ml\u0131 bir k\u00fctle olan beyin,<span class=\"excerpt-hellip\"> [\u2026]<\/span><\/p>\n","protected":false},"featured_media":0,"template":"","meta":{"_monsterinsights_skip_tracking":false,"_monsterinsights_sitenote_active":false,"_monsterinsights_sitenote_note":"","_monsterinsights_sitenote_category":0},"product_brand":[],"product_cat":[12357],"product_tag":[],"class_list":{"0":"post-764777","1":"product","2":"type-product","3":"status-publish","5":"product_cat-psikoloji","6":"pa_cilt-ciltsiz","7":"pa_tur-kitap","8":"pa_yayinevi-panama-yayincilik","9":"pa_yazar-paul-bloom","11":"first","12":"instock","13":"sale","14":"shipping-taxable","15":"purchasable","16":"product-type-simple"},"_links":{"self":[{"href":"https:\/\/roveyayinevi.com.tr\/index.php\/wp-json\/wp\/v2\/product\/764777","targetHints":{"allow":["GET"]}}],"collection":[{"href":"https:\/\/roveyayinevi.com.tr\/index.php\/wp-json\/wp\/v2\/product"}],"about":[{"href":"https:\/\/roveyayinevi.com.tr\/index.php\/wp-json\/wp\/v2\/types\/product"}],"wp:attachment":[{"href":"https:\/\/roveyayinevi.com.tr\/index.php\/wp-json\/wp\/v2\/media?parent=764777"}],"wp:term":[{"taxonomy":"product_brand","embeddable":true,"href":"https:\/\/roveyayinevi.com.tr\/index.php\/wp-json\/wp\/v2\/product_brand?post=764777"},{"taxonomy":"product_cat","embeddable":true,"href":"https:\/\/roveyayinevi.com.tr\/index.php\/wp-json\/wp\/v2\/product_cat?post=764777"},{"taxonomy":"product_tag","embeddable":true,"href":"https:\/\/roveyayinevi.com.tr\/index.php\/wp-json\/wp\/v2\/product_tag?post=764777"}],"curies":[{"name":"wp","href":"https:\/\/api.w.org\/{rel}","templated":true}]}}