{"id":764776,"date":"2025-08-28T11:21:22","date_gmt":"2025-08-28T08:21:22","guid":{"rendered":"https:\/\/roveyayinevi.com.tr\/index.php\/urun\/bagdati-ben-yaktim\/"},"modified":"2026-04-15T03:30:28","modified_gmt":"2026-04-15T00:30:28","slug":"bagdati-ben-yaktim","status":"publish","type":"product","link":"https:\/\/roveyayinevi.com.tr\/index.php\/urun\/bagdati-ben-yaktim\/","title":{"rendered":"Ba\u011fdat\u2019\u0131 Ben Yakt\u0131m"},"content":{"rendered":"<p>\u201cEy zamane genci, birka\u00e7 \u00fclke ald\u0131n diye kendini Z\u00fclkarneyn mi san\u0131rs\u0131n?\u201d Halife Mustas\u0131m i\u00e7in k\u0131yametin borusu, bu s\u00f6z\u00fcnden sonra \u00fcflendi. \u0130ki as\u0131rd\u0131r d\u00fcnyaya korku sa\u00e7an Alamut\u2019u yerle bir eden H\u00fclag\u00fc Han, demirden bir kas\u0131rga \u015feklinde Ba\u011fdat\u2019a y\u00fcr\u00fcyordu. Ba\u011fdat cihat \u00e7a\u011fr\u0131s\u0131 yapsa da kimse onlara yard\u0131m etmeye cesaret edemedi. Sonra&#8230; Tarihin durdu\u011fu g\u00fcn geldi. T\u00fcrklerin Alt\u0131n Kitap\u2019\u0131ndaki son kehanet, kanla bal\u00e7\u0131\u011fa d\u00f6nen Arap \u00e7\u00f6llerinde uyand\u0131. Bir T\u00fcrk, d\u00fcnya sessizli\u011fe g\u00f6m\u00fcld\u00fc\u011f\u00fcnde tek ba\u015f\u0131na meydan okudu! O g\u00fcn, d\u00fcnyan\u0131n \u015fah damar\u0131n\u0131n kesildi\u011fi g\u00fcnd\u00fc!<\/p>\n","protected":false},"excerpt":{"rendered":"<p>\u201cEy zamane genci, birka\u00e7 \u00fclke ald\u0131n diye kendini Z\u00fclkarneyn mi san\u0131rs\u0131n?\u201d Halife Mustas\u0131m i\u00e7in k\u0131yametin borusu, bu s\u00f6z\u00fcnden sonra \u00fcflendi. \u0130ki as\u0131rd\u0131r d\u00fcnyaya korku sa\u00e7an Alamut\u2019u<span class=\"excerpt-hellip\"> [\u2026]<\/span><\/p>\n","protected":false},"featured_media":0,"template":"","meta":{"_monsterinsights_skip_tracking":false,"_monsterinsights_sitenote_active":false,"_monsterinsights_sitenote_note":"","_monsterinsights_sitenote_category":0},"product_brand":[],"product_cat":[12291,12745],"product_tag":[],"class_list":{"0":"post-764776","1":"product","2":"type-product","3":"status-publish","5":"product_cat-edebiyat","6":"product_cat-tarihi-roman","7":"pa_cilt-ciltsiz","8":"pa_tur-kitap","9":"pa_yayinevi-panama-yayincilik","10":"pa_yazar-caglayan-yilmaz","12":"first","13":"instock","14":"sale","15":"shipping-taxable","16":"purchasable","17":"product-type-simple"},"_links":{"self":[{"href":"https:\/\/roveyayinevi.com.tr\/index.php\/wp-json\/wp\/v2\/product\/764776","targetHints":{"allow":["GET"]}}],"collection":[{"href":"https:\/\/roveyayinevi.com.tr\/index.php\/wp-json\/wp\/v2\/product"}],"about":[{"href":"https:\/\/roveyayinevi.com.tr\/index.php\/wp-json\/wp\/v2\/types\/product"}],"wp:attachment":[{"href":"https:\/\/roveyayinevi.com.tr\/index.php\/wp-json\/wp\/v2\/media?parent=764776"}],"wp:term":[{"taxonomy":"product_brand","embeddable":true,"href":"https:\/\/roveyayinevi.com.tr\/index.php\/wp-json\/wp\/v2\/product_brand?post=764776"},{"taxonomy":"product_cat","embeddable":true,"href":"https:\/\/roveyayinevi.com.tr\/index.php\/wp-json\/wp\/v2\/product_cat?post=764776"},{"taxonomy":"product_tag","embeddable":true,"href":"https:\/\/roveyayinevi.com.tr\/index.php\/wp-json\/wp\/v2\/product_tag?post=764776"}],"curies":[{"name":"wp","href":"https:\/\/api.w.org\/{rel}","templated":true}]}}