{"id":764774,"date":"2025-08-28T11:21:18","date_gmt":"2025-08-28T08:21:18","guid":{"rendered":"https:\/\/roveyayinevi.com.tr\/index.php\/urun\/sonra-konusuruz\/"},"modified":"2026-01-22T03:44:11","modified_gmt":"2026-01-22T00:44:11","slug":"sonra-konusuruz","status":"publish","type":"product","link":"https:\/\/roveyayinevi.com.tr\/index.php\/urun\/sonra-konusuruz\/","title":{"rendered":"Sonra Konu\u015furuz"},"content":{"rendered":"<p>Belki bir sincab\u0131n uykusunda dalg\u0131nca vurulmak sana. Bunlar\u0131 d\u00fc\u015f\u00fcn\u00fcyorum bir \u015fehir devrilirken. \u015eimdi bir karabataksam kendime inip \u00e7\u0131kt\u0131\u011f\u0131m. Her \u00f6l\u00fcml\u00fc gibi gelene\u011fe yaslanmak hep makul nedense Bunlar\u0131 d\u00fc\u015f\u00fcn\u00fcyorum. Kendime kazacak bir \u00e7ukuru. \u00c7\u0131kard\u0131\u011f\u0131m t\u00fcm sesleri sana ba\u011flasam diyorum. Olmad\u0131k yerde vurulmak yine kapaklanmak yine. Kendine d\u00f6nen her \u015feyin s\u00fcrekli kendinden ka\u00e7mas\u0131. Bunlar\u0131 d\u00fc\u015f\u00fcn\u00fcyorum. Terine \u00e7al\u0131\u015fmay\u0131. \u0130ndirmeyi bir ak\u015fam\u0131 y\u00fcz\u00fcnde \u0131\u015f\u0131ldayan. Balkonlar\u0131 d\u00fc\u015f\u00fcn\u00fcyorum biraz. Senin serinli\u011fine \u00e7ekilecek her bo\u015flu\u011fu. <\/p>\n","protected":false},"excerpt":{"rendered":"<p>Belki bir sincab\u0131n uykusunda dalg\u0131nca vurulmak sana. Bunlar\u0131 d\u00fc\u015f\u00fcn\u00fcyorum bir \u015fehir devrilirken. \u015eimdi bir karabataksam kendime inip \u00e7\u0131kt\u0131\u011f\u0131m. Her \u00f6l\u00fcml\u00fc gibi gelene\u011fe yaslanmak hep makul nedense<span class=\"excerpt-hellip\"> [\u2026]<\/span><\/p>\n","protected":false},"featured_media":0,"template":"","meta":{"_monsterinsights_skip_tracking":false,"_monsterinsights_sitenote_active":false,"_monsterinsights_sitenote_note":"","_monsterinsights_sitenote_category":0},"product_brand":[],"product_cat":[12291,12509],"product_tag":[],"class_list":{"0":"post-764774","1":"product","2":"type-product","3":"status-publish","5":"product_cat-edebiyat","6":"product_cat-siir","7":"pa_cilt-ciltsiz","8":"pa_tur-kitap","9":"pa_yayinevi-edebi-seyler","10":"pa_yazar-ali-ozgur-ozkarci","12":"first","13":"instock","14":"sale","15":"shipping-taxable","16":"purchasable","17":"product-type-simple"},"_links":{"self":[{"href":"https:\/\/roveyayinevi.com.tr\/index.php\/wp-json\/wp\/v2\/product\/764774","targetHints":{"allow":["GET"]}}],"collection":[{"href":"https:\/\/roveyayinevi.com.tr\/index.php\/wp-json\/wp\/v2\/product"}],"about":[{"href":"https:\/\/roveyayinevi.com.tr\/index.php\/wp-json\/wp\/v2\/types\/product"}],"wp:attachment":[{"href":"https:\/\/roveyayinevi.com.tr\/index.php\/wp-json\/wp\/v2\/media?parent=764774"}],"wp:term":[{"taxonomy":"product_brand","embeddable":true,"href":"https:\/\/roveyayinevi.com.tr\/index.php\/wp-json\/wp\/v2\/product_brand?post=764774"},{"taxonomy":"product_cat","embeddable":true,"href":"https:\/\/roveyayinevi.com.tr\/index.php\/wp-json\/wp\/v2\/product_cat?post=764774"},{"taxonomy":"product_tag","embeddable":true,"href":"https:\/\/roveyayinevi.com.tr\/index.php\/wp-json\/wp\/v2\/product_tag?post=764774"}],"curies":[{"name":"wp","href":"https:\/\/api.w.org\/{rel}","templated":true}]}}