{"id":764772,"date":"2025-08-28T11:21:14","date_gmt":"2025-08-28T08:21:14","guid":{"rendered":"https:\/\/roveyayinevi.com.tr\/index.php\/urun\/deniz-2\/"},"modified":"2026-04-08T03:27:01","modified_gmt":"2026-04-08T00:27:01","slug":"deniz-2","status":"publish","type":"product","link":"https:\/\/roveyayinevi.com.tr\/index.php\/urun\/deniz-2\/","title":{"rendered":"Deniz"},"content":{"rendered":"<p>Bugu\u0308ne dek romanlar\u0131yla tan\u0131d\u0131\u011f\u0131m\u0131z Zaven Biberyan\u2019\u0131n 1961\u2019de Getronagan Lisesi\u2019nden Yeti\u015fenler Derne\u011fi taraf\u0131ndan bas\u0131lan ve 2017\u2019de Aras Yay\u0131nc\u0131l\u0131k taraf\u0131ndan yeniden yay\u0131mlanan \u00f6yk\u00fc derlemesi Deniz ilk kez T\u00fcrk\u00e7ede! Romanlar\u0131nda oldu\u011fu gibi \u00f6yku\u0308lerini de b\u00fcy\u00fck bir ustal\u0131kla kaleme alan Biberyan, farkl\u0131 kesimlerden, \u015fehirlerden, toplumlardan karakterleriyle insan olmaya dair t\u00fcm \u00e7eli\u015fkileri g\u00f6zler \u00f6n\u00fcne seriyor. K\u00e2h bir anar\u015fiste k\u0131z vermek istemeyen baban\u0131n i\u00e7 \u00e7at\u0131\u015fmas\u0131na k\u00e2h \u0130stanbul\u2019un sokaklar\u0131n\u0131 mesken tutan Burunsuz Kadriye\u2019nin yaln\u0131zl\u0131\u011f\u0131na k\u00e2h idam cezas\u0131n\u0131n onanmamas\u0131n\u0131 \u00e7aresizce \u00fcmit eden mahpusun i\u00e7 d\u00fcnyas\u0131na tan\u0131k oluyoruz. Biberyan\u2019la birlikte s\u0131radan insanlar\u0131n h\u00fcz\u00fcnlerine, meraklar\u0131na, sevin\u00e7lerine ve hayal k\u0131r\u0131kl\u0131klar\u0131na ortak oluyoruz. 12 \u00f6yk\u00fcden olu\u015fan Deniz, ya\u015fam\u0131n t\u00fcrl\u00fc hallerini incelikli bir \u015fekilde resmederken, Biberyan\u2019\u0131n edebi ki\u015fili\u011fini de daha yak\u0131ndan tan\u0131mam\u0131z\u0131 sa\u011fl\u0131yor. <\/p>\n","protected":false},"excerpt":{"rendered":"<p>Bugu\u0308ne dek romanlar\u0131yla tan\u0131d\u0131\u011f\u0131m\u0131z Zaven Biberyan\u2019\u0131n 1961\u2019de Getronagan Lisesi\u2019nden Yeti\u015fenler Derne\u011fi taraf\u0131ndan bas\u0131lan ve 2017\u2019de Aras Yay\u0131nc\u0131l\u0131k taraf\u0131ndan yeniden yay\u0131mlanan \u00f6yk\u00fc derlemesi Deniz ilk kez T\u00fcrk\u00e7ede!<span class=\"excerpt-hellip\"> [\u2026]<\/span><\/p>\n","protected":false},"featured_media":0,"template":"","meta":{"_monsterinsights_skip_tracking":false,"_monsterinsights_sitenote_active":false,"_monsterinsights_sitenote_note":"","_monsterinsights_sitenote_category":0},"product_brand":[],"product_cat":[12291,12711],"product_tag":[],"class_list":{"0":"post-764772","1":"product","2":"type-product","3":"status-publish","5":"product_cat-edebiyat","6":"product_cat-roman-oyku","7":"pa_cilt-ciltsiz","8":"pa_tur-kitap","9":"pa_yayinevi-aras-yayinlari","10":"pa_yazar-zaven-biberyan","12":"first","13":"instock","14":"sale","15":"shipping-taxable","16":"purchasable","17":"product-type-simple"},"_links":{"self":[{"href":"https:\/\/roveyayinevi.com.tr\/index.php\/wp-json\/wp\/v2\/product\/764772","targetHints":{"allow":["GET"]}}],"collection":[{"href":"https:\/\/roveyayinevi.com.tr\/index.php\/wp-json\/wp\/v2\/product"}],"about":[{"href":"https:\/\/roveyayinevi.com.tr\/index.php\/wp-json\/wp\/v2\/types\/product"}],"wp:attachment":[{"href":"https:\/\/roveyayinevi.com.tr\/index.php\/wp-json\/wp\/v2\/media?parent=764772"}],"wp:term":[{"taxonomy":"product_brand","embeddable":true,"href":"https:\/\/roveyayinevi.com.tr\/index.php\/wp-json\/wp\/v2\/product_brand?post=764772"},{"taxonomy":"product_cat","embeddable":true,"href":"https:\/\/roveyayinevi.com.tr\/index.php\/wp-json\/wp\/v2\/product_cat?post=764772"},{"taxonomy":"product_tag","embeddable":true,"href":"https:\/\/roveyayinevi.com.tr\/index.php\/wp-json\/wp\/v2\/product_tag?post=764772"}],"curies":[{"name":"wp","href":"https:\/\/api.w.org\/{rel}","templated":true}]}}