{"id":764771,"date":"2025-08-28T11:21:12","date_gmt":"2025-08-28T08:21:12","guid":{"rendered":"https:\/\/roveyayinevi.com.tr\/index.php\/urun\/zanzibar-istifi\/"},"modified":"2026-04-15T03:30:28","modified_gmt":"2026-04-15T00:30:28","slug":"zanzibar-istifi","status":"publish","type":"product","link":"https:\/\/roveyayinevi.com.tr\/index.php\/urun\/zanzibar-istifi\/","title":{"rendered":"Zanzibar \u0130stifi"},"content":{"rendered":"<p>\u00c7evrilmesi en zor bilimkurgu romanlar\u0131ndan biri kabul edilen Zanzibar \u0130stifi ilk kez T\u00fcrk\u00e7ede.   Hugo En \u0130yi Roman \u00d6d\u00fcl\u00fc   \u201cZanzibar \u0130stifi, \u00e7\u0131\u011f\u0131r a\u00e7\u0131c\u0131 bir bilimkurgu eseri. Mu\u0308thi\u015f ve korkutucu bir distopya.\u201d \u2014Jonathan Nolan   \u201cBU K\u0130TABIN KAPA\u011eINI A\u00c7MAKLA O SU\u00c7LARDAN B\u0130R\u0130N\u0130 \u0130\u015eLEM\u0130\u015e OLDUNUZ. DEVAM ED\u0130N. TEK UMUDUMUZ BU.\u201d   Bilimkurgu yaz\u0131n\u0131n\u0131n ba\u015fl\u0131ca k\u00e2hinlerinden biri olan John Brunner, ayn\u0131 zamanda tu\u0308ru\u0308n en deneysel ve yenilik\u00e7i eserlerine imza atm\u0131\u015f bir yazar. \u201cYeni Dalga\u201d bilimkurgunun bir u\u0308ru\u0308nu\u0308 olan Zanzibar \u0130stifi ise, yaln\u0131zca bilimkurgu adas\u0131na s\u0131\u011famayacak kadar bu\u0308yu\u0308k ve 60\u2019lardan gu\u0308nu\u0308mu\u0308ze seslenen bir ba\u015fyap\u0131t.   2010 y\u0131l\u0131nda du\u0308nya, a\u015f\u0131r\u0131 nu\u0308fus art\u0131\u015f\u0131 yu\u0308zu\u0308nden kaynaklar\u0131n\u0131 tu\u0308ketme noktas\u0131na gelmi\u015ftir. Devletler genetik mu\u0308hendislik, do\u011fum kontrolu\u0308 ve bask\u0131c\u0131 politikalarla hakimiyeti ellerinde tutmaya \u00e7al\u0131\u015f\u0131rken bireyler bu yeni du\u0308zenin i\u00e7inde var olma sava\u015f\u0131 vermektedir.   Tu\u0308m bunlar olup biterken New York\u2019ta iki oda arkada\u015f\u0131 du\u0308nyan\u0131n kaderini belirleyecek iki farkl\u0131 g\u00f6reve g\u00f6nderilirler. Norman, neredeyse her \u015feyi u\u0308reten ve du\u0308nyan\u0131n en ak\u0131ll\u0131 bilgisayar\u0131 \u015ealmaneser\u2019in de sahibi General Technics \u015firketinde y\u00f6neticidir. Mu\u0308slu\u0308man bir Afram olan Norman, Beninya adl\u0131 kurgusal Afrika u\u0308lkesine yap\u0131lacak devasa bir yat\u0131r\u0131m\u0131n dan\u0131\u015fmanl\u0131\u011f\u0131yla g\u00f6revlendirilir.   Oda arkada\u015f\u0131 Donald Hogan ise bir \u201cprofesyonel\u201d u\u0308niversite \u00f6\u011frencisidir. Hu\u0308ku\u0308met taraf\u0131ndan sentezci olmas\u0131 i\u00e7in gizlice i\u015fe al\u0131nan Donald, gu\u0308nu\u0308nu\u0308n \u00e7o\u011funu ku\u0308tu\u0308phanede gu\u0308ncel olaylar\u0131 okuyarak ve g\u00f6ru\u0308nu\u0308\u015fte ilgisiz olaylar aras\u0131nda ba\u011flant\u0131lar kurarak ge\u00e7irmektedir. Fakat Hogan asl\u0131nda bir casustur ve du\u0308nyay\u0131 de\u011fi\u015ftirecek bir teknolojinin pe\u015finden Yatakang\u2019a gidecektir.   Zanzibar \u0130stifi, toplumsal \u00e7\u00f6ku\u0308\u015fu\u0308n g\u00f6zlem odas\u0131.   Bruce Sterling\u2019in \u00f6ns\u00f6zu\u0308yle<\/p>\n","protected":false},"excerpt":{"rendered":"<p>\u00c7evrilmesi en zor bilimkurgu romanlar\u0131ndan biri kabul edilen Zanzibar \u0130stifi ilk kez T\u00fcrk\u00e7ede. Hugo En \u0130yi Roman \u00d6d\u00fcl\u00fc \u201cZanzibar \u0130stifi, \u00e7\u0131\u011f\u0131r a\u00e7\u0131c\u0131 bir bilimkurgu eseri. Mu\u0308thi\u015f<span class=\"excerpt-hellip\"> [\u2026]<\/span><\/p>\n","protected":false},"featured_media":0,"template":"","meta":{"_monsterinsights_skip_tracking":false,"_monsterinsights_sitenote_active":false,"_monsterinsights_sitenote_note":"","_monsterinsights_sitenote_category":0},"product_brand":[],"product_cat":[12540,12291],"product_tag":[],"class_list":{"0":"post-764771","1":"product","2":"type-product","3":"status-publish","5":"product_cat-bilim-kurgu","6":"product_cat-edebiyat","7":"pa_cilt-ciltsiz","8":"pa_tur-kitap","9":"pa_yayinevi-ithaki-yayinlari","10":"pa_yazar-john-brunner","12":"first","13":"instock","14":"sale","15":"shipping-taxable","16":"purchasable","17":"product-type-simple"},"_links":{"self":[{"href":"https:\/\/roveyayinevi.com.tr\/index.php\/wp-json\/wp\/v2\/product\/764771","targetHints":{"allow":["GET"]}}],"collection":[{"href":"https:\/\/roveyayinevi.com.tr\/index.php\/wp-json\/wp\/v2\/product"}],"about":[{"href":"https:\/\/roveyayinevi.com.tr\/index.php\/wp-json\/wp\/v2\/types\/product"}],"wp:attachment":[{"href":"https:\/\/roveyayinevi.com.tr\/index.php\/wp-json\/wp\/v2\/media?parent=764771"}],"wp:term":[{"taxonomy":"product_brand","embeddable":true,"href":"https:\/\/roveyayinevi.com.tr\/index.php\/wp-json\/wp\/v2\/product_brand?post=764771"},{"taxonomy":"product_cat","embeddable":true,"href":"https:\/\/roveyayinevi.com.tr\/index.php\/wp-json\/wp\/v2\/product_cat?post=764771"},{"taxonomy":"product_tag","embeddable":true,"href":"https:\/\/roveyayinevi.com.tr\/index.php\/wp-json\/wp\/v2\/product_tag?post=764771"}],"curies":[{"name":"wp","href":"https:\/\/api.w.org\/{rel}","templated":true}]}}