{"id":764770,"date":"2025-08-28T11:21:11","date_gmt":"2025-08-28T08:21:11","guid":{"rendered":"https:\/\/roveyayinevi.com.tr\/index.php\/urun\/oze-donus-4\/"},"modified":"2026-04-15T03:30:28","modified_gmt":"2026-04-15T00:30:28","slug":"oze-donus-4","status":"publish","type":"product","link":"https:\/\/roveyayinevi.com.tr\/index.php\/urun\/oze-donus-4\/","title":{"rendered":"\u00d6z&#8217;e D\u00f6n\u00fc\u015f"},"content":{"rendered":"<p>\u0130nsan\u0131n fiziksel, zihinsel ve ruhsal a\u00e7\u0131dan sa\u011fl\u0131kl\u0131 olabilece\u011fi tek yer, \u00f6z\u00fcd\u00fcr, yani merkezidir. \u00d6z\u00fcnden sapan ya da buradaki dengesini yitiren insan, hastalan\u0131r ve yard\u0131ma ihtiya\u00e7 duyar. Dolay\u0131s\u0131yla ger\u00e7ek iyile\u015fme, ancak \u00f6ze geri d\u00f6n\u00fc\u015fle m\u00fcmk\u00fcnd\u00fcr.   Ge\u00e7mi\u015ften gelen yaralar, hayal k\u0131r\u0131kl\u0131klar\u0131, travmalar, stres, korku ve a\u015f\u0131r\u0131 kayg\u0131, insan\u0131 \u00f6z\u00fcnden koparan \u00e7ok g\u00fc\u00e7l\u00fc fakt\u00f6rlerdir.    Depresyon, duygu durum de\u011fi\u015fiklikleri, davran\u0131\u015f bozukluklar\u0131, ba\u011f\u0131ml\u0131l\u0131k, duygusal a\u00e7l\u0131k, sa\u011fl\u0131ks\u0131z ili\u015fkiler, tatminsizlik, isteksizlik ve t\u00fckenmi\u015flik gibi ya\u015fam kalitesini hayli d\u00fc\u015f\u00fcren zorlay\u0131c\u0131 sorunlar, \u00f6zden kopu\u015fun ac\u0131kl\u0131 sonu\u00e7lar\u0131d\u0131r.   Psikolog Thema Bryant\u2019\u0131n kaleme ald\u0131\u011f\u0131 \u00d6ze D\u00f6n\u00fc\u015f, ya\u015famla daha anlaml\u0131 bir ili\u015fki kurmak ve \u00f6z\u00fcn\u00fcze d\u00f6nmek i\u00e7in kullanabilece\u011finiz b\u00fct\u00fcn ge\u00e7erli yollar\u0131 a\u00e7\u0131kl\u0131yor.   <\/p>\n","protected":false},"excerpt":{"rendered":"<p>\u0130nsan\u0131n fiziksel, zihinsel ve ruhsal a\u00e7\u0131dan sa\u011fl\u0131kl\u0131 olabilece\u011fi tek yer, \u00f6z\u00fcd\u00fcr, yani merkezidir. \u00d6z\u00fcnden sapan ya da buradaki dengesini yitiren insan, hastalan\u0131r ve yard\u0131ma ihtiya\u00e7 duyar.<span class=\"excerpt-hellip\"> [\u2026]<\/span><\/p>\n","protected":false},"featured_media":0,"template":"","meta":{"_monsterinsights_skip_tracking":false,"_monsterinsights_sitenote_active":false,"_monsterinsights_sitenote_note":"","_monsterinsights_sitenote_category":0},"product_brand":[],"product_cat":[12364,12376],"product_tag":[],"class_list":{"0":"post-764770","1":"product","2":"type-product","3":"status-publish","5":"product_cat-genel-konular","6":"product_cat-kisisel-gelisim","7":"pa_cilt-ciltsiz","8":"pa_tur-kitap","9":"pa_yayinevi-destek-yayinlari","10":"pa_yazar-thema-bryant","12":"first","13":"instock","14":"sale","15":"shipping-taxable","16":"purchasable","17":"product-type-simple"},"_links":{"self":[{"href":"https:\/\/roveyayinevi.com.tr\/index.php\/wp-json\/wp\/v2\/product\/764770","targetHints":{"allow":["GET"]}}],"collection":[{"href":"https:\/\/roveyayinevi.com.tr\/index.php\/wp-json\/wp\/v2\/product"}],"about":[{"href":"https:\/\/roveyayinevi.com.tr\/index.php\/wp-json\/wp\/v2\/types\/product"}],"wp:attachment":[{"href":"https:\/\/roveyayinevi.com.tr\/index.php\/wp-json\/wp\/v2\/media?parent=764770"}],"wp:term":[{"taxonomy":"product_brand","embeddable":true,"href":"https:\/\/roveyayinevi.com.tr\/index.php\/wp-json\/wp\/v2\/product_brand?post=764770"},{"taxonomy":"product_cat","embeddable":true,"href":"https:\/\/roveyayinevi.com.tr\/index.php\/wp-json\/wp\/v2\/product_cat?post=764770"},{"taxonomy":"product_tag","embeddable":true,"href":"https:\/\/roveyayinevi.com.tr\/index.php\/wp-json\/wp\/v2\/product_tag?post=764770"}],"curies":[{"name":"wp","href":"https:\/\/api.w.org\/{rel}","templated":true}]}}