{"id":764769,"date":"2025-08-28T11:21:09","date_gmt":"2025-08-28T08:21:09","guid":{"rendered":"https:\/\/roveyayinevi.com.tr\/index.php\/urun\/bu-hayatimda-aile-reisi-olacagim-1\/"},"modified":"2026-04-15T03:30:28","modified_gmt":"2026-04-15T00:30:28","slug":"bu-hayatimda-aile-reisi-olacagim-1","status":"publish","type":"product","link":"https:\/\/roveyayinevi.com.tr\/index.php\/urun\/bu-hayatimda-aile-reisi-olacagim-1\/","title":{"rendered":"Bu Hayat\u0131mda Aile Reisi Olaca\u011f\u0131m 1"},"content":{"rendered":"<p>Herkesten \u00e7ok benim Lombardi oldu\u011fum ger\u00e7e\u011fini \u00f6nceki hayat\u0131mda ac\u0131 bir \u015fekilde anlad\u0131m.   &#8220;B\u0130R KEZ DENEYEY\u0130M. BEN A\u0130LE RE\u0130S\u0130 OLACA\u011eIM.&#8221; <\/p>\n","protected":false},"excerpt":{"rendered":"<p>Herkesten \u00e7ok benim Lombardi oldu\u011fum ger\u00e7e\u011fini \u00f6nceki hayat\u0131mda ac\u0131 bir \u015fekilde anlad\u0131m. &#8220;B\u0130R KEZ DENEYEY\u0130M. BEN A\u0130LE RE\u0130S\u0130 OLACA\u011eIM.&#8221;<\/p>\n","protected":false},"featured_media":0,"template":"","meta":{"_monsterinsights_skip_tracking":false,"_monsterinsights_sitenote_active":false,"_monsterinsights_sitenote_note":"","_monsterinsights_sitenote_category":0},"product_brand":[],"product_cat":[12416,12291],"product_tag":[],"class_list":{"0":"post-764769","1":"product","2":"type-product","3":"status-publish","5":"product_cat-cizgi-roman","6":"product_cat-edebiyat","7":"pa_cilt-ciltsiz","8":"pa_tur-kitap","9":"pa_yayinevi-athica-yayinlari","10":"pa_yazar-roah-kim","12":"first","13":"instock","14":"sale","15":"shipping-taxable","16":"purchasable","17":"product-type-simple"},"_links":{"self":[{"href":"https:\/\/roveyayinevi.com.tr\/index.php\/wp-json\/wp\/v2\/product\/764769","targetHints":{"allow":["GET"]}}],"collection":[{"href":"https:\/\/roveyayinevi.com.tr\/index.php\/wp-json\/wp\/v2\/product"}],"about":[{"href":"https:\/\/roveyayinevi.com.tr\/index.php\/wp-json\/wp\/v2\/types\/product"}],"wp:attachment":[{"href":"https:\/\/roveyayinevi.com.tr\/index.php\/wp-json\/wp\/v2\/media?parent=764769"}],"wp:term":[{"taxonomy":"product_brand","embeddable":true,"href":"https:\/\/roveyayinevi.com.tr\/index.php\/wp-json\/wp\/v2\/product_brand?post=764769"},{"taxonomy":"product_cat","embeddable":true,"href":"https:\/\/roveyayinevi.com.tr\/index.php\/wp-json\/wp\/v2\/product_cat?post=764769"},{"taxonomy":"product_tag","embeddable":true,"href":"https:\/\/roveyayinevi.com.tr\/index.php\/wp-json\/wp\/v2\/product_tag?post=764769"}],"curies":[{"name":"wp","href":"https:\/\/api.w.org\/{rel}","templated":true}]}}