{"id":764768,"date":"2025-08-28T11:21:07","date_gmt":"2025-08-28T08:21:07","guid":{"rendered":"https:\/\/roveyayinevi.com.tr\/index.php\/urun\/kalibre-mavi-vatan\/"},"modified":"2026-04-15T03:30:28","modified_gmt":"2026-04-15T00:30:28","slug":"kalibre-mavi-vatan","status":"publish","type":"product","link":"https:\/\/roveyayinevi.com.tr\/index.php\/urun\/kalibre-mavi-vatan\/","title":{"rendered":"Kalibre &#8211; Mavi Vatan"},"content":{"rendered":"<p>\u015e\u0130MD\u0130 YILLARDIR VER\u0130LEN EME\u011e\u0130N KAR\u015eILI\u011eINI ALMA ZAMANI! Bir yanda ABD\u2019nin T\u00fcrkiye\u2019yi i\u015fgal plan\u0131, di\u011fer yanda T\u00fcrkiye\u2019nin sald\u0131r\u0131y\u0131 bertaraf edip ABD\u2019yi bu b\u00f6lgeden atma \u00e7abas\u0131, modern sava\u015f makineleri, sava\u015f kabiliyeti ve kimsenin bilmedi\u011fi PARS timleri. Tabii yat\u0131r\u0131mlar\u0131n\u0131n meyvesini toplamak isteyen sadece T\u00fcrkiye de\u011fildi. ABD de son y\u0131llarda b\u00fct\u00fcn mesaisini bu b\u00f6lgeye harcad\u0131. G\u00fcneyde PYD, bat\u0131da Yunanistan silahland\u0131r\u0131ld\u0131. Rusya-Ukrayna Sava\u015f\u0131 bahanesiyle sevk\u0131yatlar art\u0131r\u0131ld\u0131. Silahland\u0131r\u0131lmas\u0131 yasak olan adalara askeri havalimanlar\u0131 in\u015fa edildi. Dedea\u011fa\u00e7 Liman\u0131\u2019na NATO tatbikat\u0131 bahanesiyle binlerce z\u0131rhl\u0131 ara\u00e7 getirilip Yunanistan\u2019a hibe edildi. Ancak ABD ordusu hi\u00e7 beklemedi\u011fi bir g\u00fc\u00e7le kar\u015f\u0131 kar\u015f\u0131ya kalmak \u00fczereydi. Zira T\u00fcrkiye, son y\u0131llarda geli\u015ftirdi\u011fi teknolojinin yar\u0131s\u0131n\u0131 bile a\u00e7\u0131klamam\u0131\u015ft\u0131. Elinizdeki bir roman olsa da okurken kurguyla ger\u00e7e\u011fi ay\u0131rt edemeyeceksiniz. Bilmeniz gerek tek \u015fey, bahsi ge\u00e7en t\u00fcm silah sistemlerinin ve askeri ara\u00e7lar\u0131n ger\u00e7ekten var oldu\u011fu. Zira T\u00fcrkiye hen\u00fcz en b\u00fcy\u00fck kozunu oynamad\u0131! <\/p>\n","protected":false},"excerpt":{"rendered":"<p>\u015e\u0130MD\u0130 YILLARDIR VER\u0130LEN EME\u011e\u0130N KAR\u015eILI\u011eINI ALMA ZAMANI! Bir yanda ABD\u2019nin T\u00fcrkiye\u2019yi i\u015fgal plan\u0131, di\u011fer yanda T\u00fcrkiye\u2019nin sald\u0131r\u0131y\u0131 bertaraf edip ABD\u2019yi bu b\u00f6lgeden atma \u00e7abas\u0131, modern sava\u015f<span class=\"excerpt-hellip\"> [\u2026]<\/span><\/p>\n","protected":false},"featured_media":0,"template":"","meta":{"_monsterinsights_skip_tracking":false,"_monsterinsights_sitenote_active":false,"_monsterinsights_sitenote_note":"","_monsterinsights_sitenote_category":0},"product_brand":[],"product_cat":[12291,12711],"product_tag":[],"class_list":{"0":"post-764768","1":"product","2":"type-product","3":"status-publish","5":"product_cat-edebiyat","6":"product_cat-roman-oyku","7":"pa_cilt-ciltsiz","8":"pa_tur-kitap","9":"pa_yayinevi-destek-yayinlari","10":"pa_yazar-oguzhan-atik","12":"first","13":"instock","14":"sale","15":"shipping-taxable","16":"purchasable","17":"product-type-simple"},"_links":{"self":[{"href":"https:\/\/roveyayinevi.com.tr\/index.php\/wp-json\/wp\/v2\/product\/764768","targetHints":{"allow":["GET"]}}],"collection":[{"href":"https:\/\/roveyayinevi.com.tr\/index.php\/wp-json\/wp\/v2\/product"}],"about":[{"href":"https:\/\/roveyayinevi.com.tr\/index.php\/wp-json\/wp\/v2\/types\/product"}],"wp:attachment":[{"href":"https:\/\/roveyayinevi.com.tr\/index.php\/wp-json\/wp\/v2\/media?parent=764768"}],"wp:term":[{"taxonomy":"product_brand","embeddable":true,"href":"https:\/\/roveyayinevi.com.tr\/index.php\/wp-json\/wp\/v2\/product_brand?post=764768"},{"taxonomy":"product_cat","embeddable":true,"href":"https:\/\/roveyayinevi.com.tr\/index.php\/wp-json\/wp\/v2\/product_cat?post=764768"},{"taxonomy":"product_tag","embeddable":true,"href":"https:\/\/roveyayinevi.com.tr\/index.php\/wp-json\/wp\/v2\/product_tag?post=764768"}],"curies":[{"name":"wp","href":"https:\/\/api.w.org\/{rel}","templated":true}]}}