{"id":764767,"date":"2025-08-28T11:21:05","date_gmt":"2025-08-28T08:21:05","guid":{"rendered":"https:\/\/roveyayinevi.com.tr\/index.php\/urun\/gece-gecen-gemi\/"},"modified":"2026-04-15T03:30:28","modified_gmt":"2026-04-15T00:30:28","slug":"gece-gecen-gemi","status":"publish","type":"product","link":"https:\/\/roveyayinevi.com.tr\/index.php\/urun\/gece-gecen-gemi\/","title":{"rendered":"Gece Ge\u00e7en Gemi"},"content":{"rendered":"<p>Bazen ba\u015f\u0131m\u0131za pat diye gelenleri, apans\u0131z \u00f6\u011frendiklerimize b\u00f6lsek; b\u00f6l\u00fcm hayret, kalan a\u015fk. \u0130stanbul, Atina, Kuzey Afrika. D\u00f6rt benzemez karakter, d\u00f6rt benzemez a\u015fk.   Bir eliyle bo\u011fdu\u011fu i\u00e7in di\u011fer eliyle helva da\u011f\u0131tanlar, sevdi\u011fini yumu\u015fak karn\u0131nda saklayanlar, bir yere k\u00f6k salamay\u0131nca k\u00f6k\u00fcn\u00fc kendi i\u00e7ine salanlar, kap\u0131lar\u0131 i\u00e7eriden kilitleyenler, yaras\u0131n\u0131n \u00fcst\u00fcne beton d\u00f6kenler, t\u00fcm hak edenlerin kurtulu\u015fa kavu\u015ftu\u011funu sananlar, d\u00fcmd\u00fcz ziyan olanlar, kendini yekten bilmeyen adamlar, namuslar\u0131n\u0131 de\u011fil dengelerini korumak i\u00e7in ya\u015fayan kad\u0131nlar, b\u00fcy\u00fck bir g\u00fcr\u00fclt\u00fcyle birbirinden kopan k\u0131talar ve gerilla deniz k\u0131zlar\u0131&#8230;   \u00c7\u00fcnk\u00fc hi\u00e7bir \u015fey uzun s\u00fcre g\u00f6rmezden gelinen ac\u0131lardan daha g\u00fc\u00e7l\u00fc de\u011fil.\u00c7\u00fcnk\u00fc b\u00fct\u00fcn cinayetler kazayla ve isteyerek i\u015flenir.   P\u0131nar E\u011filmez\u2019in usta ve ak\u0131c\u0131 kaleminden \u015fehirli insan\u0131n y\u00fcz\u00fcne \u00e7arpmay\u0131 bekleyen ger\u00e7ekler enfes bir kurgunun i\u00e7ine gizlenmi\u015f olarak sizi bekliyor. \u2013Kaan Sekban   Bir insan\u0131n aile miras\u0131 bazen sadece travmalar\u0131 olabilir. P\u0131nar E\u011filmez\u2019in kalemi sayesinde bir \u00e7\u00f6k\u00fc\u015f\u00fc bile g\u00fcl\u00fcmseyerek okuyacaks\u0131n\u0131z. \u2013 Sinem Sal <\/p>\n","protected":false},"excerpt":{"rendered":"<p>Bazen ba\u015f\u0131m\u0131za pat diye gelenleri, apans\u0131z \u00f6\u011frendiklerimize b\u00f6lsek; b\u00f6l\u00fcm hayret, kalan a\u015fk. \u0130stanbul, Atina, Kuzey Afrika. D\u00f6rt benzemez karakter, d\u00f6rt benzemez a\u015fk. Bir eliyle bo\u011fdu\u011fu i\u00e7in<span class=\"excerpt-hellip\"> [\u2026]<\/span><\/p>\n","protected":false},"featured_media":0,"template":"","meta":{"_monsterinsights_skip_tracking":false,"_monsterinsights_sitenote_active":false,"_monsterinsights_sitenote_note":"","_monsterinsights_sitenote_category":0},"product_brand":[],"product_cat":[12291,12711],"product_tag":[],"class_list":{"0":"post-764767","1":"product","2":"type-product","3":"status-publish","5":"product_cat-edebiyat","6":"product_cat-roman-oyku","7":"pa_cilt-ciltsiz","8":"pa_tur-kitap","9":"pa_yayinevi-kara-karga-yayinlari","10":"pa_yazar-pinar-egilmez","12":"first","13":"instock","14":"sale","15":"shipping-taxable","16":"purchasable","17":"product-type-simple"},"_links":{"self":[{"href":"https:\/\/roveyayinevi.com.tr\/index.php\/wp-json\/wp\/v2\/product\/764767","targetHints":{"allow":["GET"]}}],"collection":[{"href":"https:\/\/roveyayinevi.com.tr\/index.php\/wp-json\/wp\/v2\/product"}],"about":[{"href":"https:\/\/roveyayinevi.com.tr\/index.php\/wp-json\/wp\/v2\/types\/product"}],"wp:attachment":[{"href":"https:\/\/roveyayinevi.com.tr\/index.php\/wp-json\/wp\/v2\/media?parent=764767"}],"wp:term":[{"taxonomy":"product_brand","embeddable":true,"href":"https:\/\/roveyayinevi.com.tr\/index.php\/wp-json\/wp\/v2\/product_brand?post=764767"},{"taxonomy":"product_cat","embeddable":true,"href":"https:\/\/roveyayinevi.com.tr\/index.php\/wp-json\/wp\/v2\/product_cat?post=764767"},{"taxonomy":"product_tag","embeddable":true,"href":"https:\/\/roveyayinevi.com.tr\/index.php\/wp-json\/wp\/v2\/product_tag?post=764767"}],"curies":[{"name":"wp","href":"https:\/\/api.w.org\/{rel}","templated":true}]}}