{"id":764766,"date":"2025-08-28T11:21:04","date_gmt":"2025-08-28T08:21:04","guid":{"rendered":"https:\/\/roveyayinevi.com.tr\/index.php\/urun\/kalbi-iyi-olanin-yolu-zordur\/"},"modified":"2026-04-11T03:28:31","modified_gmt":"2026-04-11T00:28:31","slug":"kalbi-iyi-olanin-yolu-zordur","status":"publish","type":"product","link":"https:\/\/roveyayinevi.com.tr\/index.php\/urun\/kalbi-iyi-olanin-yolu-zordur\/","title":{"rendered":"Kalbi \u0130yi Olan\u0131n Yolu Zordur"},"content":{"rendered":"<p>Biliyorum \u00e7ok yoruldun, bilinmedi de\u011ferin.Yapt\u0131\u011f\u0131n fedak\u00e2rl\u0131\u011f\u0131n, g\u00f6sterdi\u011fin insanl\u0131\u011f\u0131n ve t\u00fcm bunlar\u0131n kar\u015f\u0131l\u0131\u011f\u0131nda u\u011frad\u0131\u011f\u0131n haks\u0131zl\u0131\u011f\u0131n da haddi hesab\u0131 yok. Anlatamad\u0131n kendini, anla\u015f\u0131lmad\u0131n ve biliyorum hep tek ba\u015f\u0131na kald\u0131n. T\u00fcm iyi niyetine ra\u011fmen ya\u015fad\u0131\u011f\u0131n bu yaln\u0131zl\u0131\u011f\u0131n da mant\u0131kl\u0131 bir a\u00e7\u0131klamas\u0131 yok. Ne hevesle \u00e7\u0131kt\u0131\u011f\u0131n yollar\u0131n, sadece senin \u00e7abanla g\u00fczelle\u015fen hayatlar\u0131n ve menfaatleri u\u011fruna sana a\u00e7\u0131lan kollar\u0131n, ikiy\u00fczl\u00fc insanlar\u0131n sonras\u0131 yok.Biliyorum \u00e7ok k\u0131rg\u0131ns\u0131n ve \u00e7ok yaral\u0131.Ama ge\u00e7mi\u015fin pi\u015fmanl\u0131klar\u0131yla gelece\u011fini karartman\u0131n da birfaydas\u0131 yok. \u00dcz\u00fclme s\u0131\u011f\u0131nacak bir liman\u0131m, bir anlayan\u0131m yok diye. Bilmez misin, iyi bir kalbin y\u00fck\u00fc her zaman a\u011f\u0131r olur.Yolu do\u011fru olanlar\u0131n bu d\u00fcnyada sefas\u0131 yok. \u0130stesen de k\u00f6t\u00fc olamazs\u0131n sen, hi\u00e7 kimsenin can\u0131n\u0131 bile bile yakamazs\u0131n.Ba\u015ftan a\u015fa\u011f\u0131 iyi niyetli, sen ba\u015ftan a\u015fa\u011f\u0131 insans\u0131n.B\u0131rak herkes hak etti\u011fini ve ya\u015fatt\u0131\u011f\u0131n\u0131 ya\u015fas\u0131n.G\u00fczel insanlar\u0131n bu d\u00fcnyada bundan ba\u015fka duas\u0131 yok.<\/p>\n","protected":false},"excerpt":{"rendered":"<p>Biliyorum \u00e7ok yoruldun, bilinmedi de\u011ferin.Yapt\u0131\u011f\u0131n fedak\u00e2rl\u0131\u011f\u0131n, g\u00f6sterdi\u011fin insanl\u0131\u011f\u0131n ve t\u00fcm bunlar\u0131n kar\u015f\u0131l\u0131\u011f\u0131nda u\u011frad\u0131\u011f\u0131n haks\u0131zl\u0131\u011f\u0131n da haddi hesab\u0131 yok. Anlatamad\u0131n kendini, anla\u015f\u0131lmad\u0131n ve biliyorum hep tek ba\u015f\u0131na<span class=\"excerpt-hellip\"> [\u2026]<\/span><\/p>\n","protected":false},"featured_media":0,"template":"","meta":{"_monsterinsights_skip_tracking":false,"_monsterinsights_sitenote_active":false,"_monsterinsights_sitenote_note":"","_monsterinsights_sitenote_category":0},"product_brand":[],"product_cat":[12364,12376],"product_tag":[],"class_list":{"0":"post-764766","1":"product","2":"type-product","3":"status-publish","5":"product_cat-genel-konular","6":"product_cat-kisisel-gelisim","7":"pa_cilt-ciltsiz","8":"pa_tur-kitap","9":"pa_yayinevi-indigo-kitap","10":"pa_yazar-mirac-cagri-aktas","12":"first","13":"instock","14":"sale","15":"shipping-taxable","16":"purchasable","17":"product-type-simple"},"_links":{"self":[{"href":"https:\/\/roveyayinevi.com.tr\/index.php\/wp-json\/wp\/v2\/product\/764766","targetHints":{"allow":["GET"]}}],"collection":[{"href":"https:\/\/roveyayinevi.com.tr\/index.php\/wp-json\/wp\/v2\/product"}],"about":[{"href":"https:\/\/roveyayinevi.com.tr\/index.php\/wp-json\/wp\/v2\/types\/product"}],"wp:attachment":[{"href":"https:\/\/roveyayinevi.com.tr\/index.php\/wp-json\/wp\/v2\/media?parent=764766"}],"wp:term":[{"taxonomy":"product_brand","embeddable":true,"href":"https:\/\/roveyayinevi.com.tr\/index.php\/wp-json\/wp\/v2\/product_brand?post=764766"},{"taxonomy":"product_cat","embeddable":true,"href":"https:\/\/roveyayinevi.com.tr\/index.php\/wp-json\/wp\/v2\/product_cat?post=764766"},{"taxonomy":"product_tag","embeddable":true,"href":"https:\/\/roveyayinevi.com.tr\/index.php\/wp-json\/wp\/v2\/product_tag?post=764766"}],"curies":[{"name":"wp","href":"https:\/\/api.w.org\/{rel}","templated":true}]}}