{"id":764765,"date":"2025-08-28T11:21:02","date_gmt":"2025-08-28T08:21:02","guid":{"rendered":"https:\/\/roveyayinevi.com.tr\/index.php\/urun\/mahkum\/"},"modified":"2026-04-15T03:30:28","modified_gmt":"2026-04-15T00:30:28","slug":"mahkum","status":"publish","type":"product","link":"https:\/\/roveyayinevi.com.tr\/index.php\/urun\/mahkum\/","title":{"rendered":"Mahk\u00fcm"},"content":{"rendered":"<p>Mahk\u00fbmlar\u0131n doldurdu\u011fu konferans salonunda tam bir duygu patlamas\u0131 ya\u015fan\u0131yordu. G\u00f6zler nemli, g\u00f6n\u00fcller mahzun ve y\u00fcrekler alev alevdi. Herkesin kendini sorgulad\u0131\u011f\u0131 o anda; iri yap\u0131l\u0131, asi duru\u015flu ve sald\u0131rgan bir delikanl\u0131 f\u0131rlay\u0131p ba\u011f\u0131rmaya ba\u015flad\u0131: \u201cBana bak,\u201d dedi, \u201cbenim Allah\u2019a da, peygambere de ihtiyac\u0131m yok. Git sen o nasihatlerini gerici ve yobazlara anlat. E\u011fer senin anlatt\u0131\u011f\u0131n o sevecen Allah olsayd\u0131, biz burada olmazd\u0131k! Bana m\u00fcebbet hapis verilip bu zindana at\u0131l\u0131rken neredeydi o Allah\u2019\u0131n\u0131z? \u015eimdi de kar\u015f\u0131ma ge\u00e7mi\u015f, Allah\u2019\u0131n ne kadar merhametli oldu\u011fundan bahsediyorsun, \u00f6yle mi!\u201d Gardiyanlar, delikanl\u0131n\u0131n a\u011fz\u0131n\u0131 kapatmaya \u00e7al\u0131\u015f\u0131rken; \u00d6yle bir \u00f6fke kusuyordu ki her kelimesi birer ate\u015f topu gibi y\u00fcre\u011fimize d\u00fc\u015f\u00fcyordu. Salon bir anda buz kesmi\u015f, herkes \u015fa\u015fk\u0131nl\u0131k i\u00e7inde birbirine bak\u0131yordu. Kimdi bu delikanl\u0131? <\/p>\n","protected":false},"excerpt":{"rendered":"<p>Mahk\u00fbmlar\u0131n doldurdu\u011fu konferans salonunda tam bir duygu patlamas\u0131 ya\u015fan\u0131yordu. G\u00f6zler nemli, g\u00f6n\u00fcller mahzun ve y\u00fcrekler alev alevdi. Herkesin kendini sorgulad\u0131\u011f\u0131 o anda; iri yap\u0131l\u0131, asi duru\u015flu<span class=\"excerpt-hellip\"> [\u2026]<\/span><\/p>\n","protected":false},"featured_media":0,"template":"","meta":{"_monsterinsights_skip_tracking":false,"_monsterinsights_sitenote_active":false,"_monsterinsights_sitenote_note":"","_monsterinsights_sitenote_category":0},"product_brand":[],"product_cat":[12291,12711],"product_tag":[],"class_list":{"0":"post-764765","1":"product","2":"type-product","3":"status-publish","5":"product_cat-edebiyat","6":"product_cat-roman-oyku","7":"pa_cilt-ciltsiz","8":"pa_tur-kitap","9":"pa_yayinevi-nesil-yayinlari","10":"pa_yazar-halit-ertugrul","12":"first","13":"instock","14":"sale","15":"shipping-taxable","16":"purchasable","17":"product-type-simple"},"_links":{"self":[{"href":"https:\/\/roveyayinevi.com.tr\/index.php\/wp-json\/wp\/v2\/product\/764765","targetHints":{"allow":["GET"]}}],"collection":[{"href":"https:\/\/roveyayinevi.com.tr\/index.php\/wp-json\/wp\/v2\/product"}],"about":[{"href":"https:\/\/roveyayinevi.com.tr\/index.php\/wp-json\/wp\/v2\/types\/product"}],"wp:attachment":[{"href":"https:\/\/roveyayinevi.com.tr\/index.php\/wp-json\/wp\/v2\/media?parent=764765"}],"wp:term":[{"taxonomy":"product_brand","embeddable":true,"href":"https:\/\/roveyayinevi.com.tr\/index.php\/wp-json\/wp\/v2\/product_brand?post=764765"},{"taxonomy":"product_cat","embeddable":true,"href":"https:\/\/roveyayinevi.com.tr\/index.php\/wp-json\/wp\/v2\/product_cat?post=764765"},{"taxonomy":"product_tag","embeddable":true,"href":"https:\/\/roveyayinevi.com.tr\/index.php\/wp-json\/wp\/v2\/product_tag?post=764765"}],"curies":[{"name":"wp","href":"https:\/\/api.w.org\/{rel}","templated":true}]}}