{"id":764764,"date":"2025-08-28T11:21:00","date_gmt":"2025-08-28T08:21:00","guid":{"rendered":"https:\/\/roveyayinevi.com.tr\/index.php\/urun\/kafamda-sesler-var\/"},"modified":"2026-04-15T03:30:28","modified_gmt":"2026-04-15T00:30:28","slug":"kafamda-sesler-var","status":"publish","type":"product","link":"https:\/\/roveyayinevi.com.tr\/index.php\/urun\/kafamda-sesler-var\/","title":{"rendered":"Kafamda Sesler Var"},"content":{"rendered":"<p>Ard\u0131 s\u0131ra fikirlerimi gizemli bir dehliz i\u00e7erisinde gezercesine yazd\u0131m. Bu dehliz benim zihnim. Ben zamanla oldu\u011fu kadar, zihnim ile de kavgal\u0131y\u0131m. Kavgam ya\u015f\u0131m ilerledik\u00e7e, deneyimim artt\u0131k\u00e7a, g\u00f6rd\u00fck\u00e7e, \u00f6\u011frendik\u00e7e b\u00fcy\u00fcyor. Bu yazd\u0131klar\u0131m okudu\u011fum kitaplar sonucunda ortaya \u00e7\u0131km\u0131\u015f fikirler de\u011fil, bilakis zihnim ile olan kavgamdan \u00e7\u0131km\u0131\u015f a\u011f\u0131r d\u00fc\u015f\u00fcnceler. B\u00fcy\u00fck c\u00fcmleler kurup, iddial\u0131 s\u00f6zler s\u00f6ylemenin hakk\u0131m oldu\u011funa inan\u0131yorum. Susan milyonlar i\u00e7erisinde, g\u00f6r\u00fcnt\u00fcn\u00fcn konu\u015ftu\u011fu g\u00fcnlerimizde, ben yazmak istedim.          Sen de oku istedim\u2026 Sorular\u0131m\u0131, \u00e7\u0131rp\u0131n\u0131\u015flar\u0131m\u0131, dertlerimi, hayallerimi ve kafam\u0131n i\u00e7indeki sesleri\u2026 H\u00e2s\u0131l\u0131; alt\u0131patlara kur\u015fun dizer gibi s\u00f6yledim s\u00f6zlerimi, sana kalkans\u0131z bir okumak d\u00fc\u015ft\u00fc. Geceler, g\u00fcnd\u00fczler, aylar, belki y\u0131llarca&#8230;   <\/p>\n","protected":false},"excerpt":{"rendered":"<p>Ard\u0131 s\u0131ra fikirlerimi gizemli bir dehliz i\u00e7erisinde gezercesine yazd\u0131m. Bu dehliz benim zihnim. Ben zamanla oldu\u011fu kadar, zihnim ile de kavgal\u0131y\u0131m. Kavgam ya\u015f\u0131m ilerledik\u00e7e, deneyimim artt\u0131k\u00e7a,<span class=\"excerpt-hellip\"> [\u2026]<\/span><\/p>\n","protected":false},"featured_media":0,"template":"","meta":{"_monsterinsights_skip_tracking":false,"_monsterinsights_sitenote_active":false,"_monsterinsights_sitenote_note":"","_monsterinsights_sitenote_category":0},"product_brand":[],"product_cat":[12777,12291],"product_tag":[],"class_list":{"0":"post-764764","1":"product","2":"type-product","3":"status-publish","5":"product_cat-deneme","6":"product_cat-edebiyat","7":"pa_cilt-ciltsiz","8":"pa_tur-kitap","9":"pa_yayinevi-nesil-yayinlari","10":"pa_yazar-erhan-keklik","12":"first","13":"instock","14":"sale","15":"shipping-taxable","16":"purchasable","17":"product-type-simple"},"_links":{"self":[{"href":"https:\/\/roveyayinevi.com.tr\/index.php\/wp-json\/wp\/v2\/product\/764764","targetHints":{"allow":["GET"]}}],"collection":[{"href":"https:\/\/roveyayinevi.com.tr\/index.php\/wp-json\/wp\/v2\/product"}],"about":[{"href":"https:\/\/roveyayinevi.com.tr\/index.php\/wp-json\/wp\/v2\/types\/product"}],"wp:attachment":[{"href":"https:\/\/roveyayinevi.com.tr\/index.php\/wp-json\/wp\/v2\/media?parent=764764"}],"wp:term":[{"taxonomy":"product_brand","embeddable":true,"href":"https:\/\/roveyayinevi.com.tr\/index.php\/wp-json\/wp\/v2\/product_brand?post=764764"},{"taxonomy":"product_cat","embeddable":true,"href":"https:\/\/roveyayinevi.com.tr\/index.php\/wp-json\/wp\/v2\/product_cat?post=764764"},{"taxonomy":"product_tag","embeddable":true,"href":"https:\/\/roveyayinevi.com.tr\/index.php\/wp-json\/wp\/v2\/product_tag?post=764764"}],"curies":[{"name":"wp","href":"https:\/\/api.w.org\/{rel}","templated":true}]}}