{"id":764763,"date":"2025-08-28T11:20:59","date_gmt":"2025-08-28T08:20:59","guid":{"rendered":"https:\/\/roveyayinevi.com.tr\/index.php\/urun\/dil-belasi\/"},"modified":"2026-04-15T03:30:28","modified_gmt":"2026-04-15T00:30:28","slug":"dil-belasi","status":"publish","type":"product","link":"https:\/\/roveyayinevi.com.tr\/index.php\/urun\/dil-belasi\/","title":{"rendered":"Dil Belas\u0131"},"content":{"rendered":"<p>\u201c\u0130nsan\u0131n, dilini kulland\u0131\u011f\u0131nda \u00f6v\u00fclece\u011fi veya k\u0131nanaca\u011f\u0131 hususlar\u0131 bilmesi \u00e7ok zor bir meseledir. Dilin yarat\u0131l\u0131\u015f gayesine g\u00f6re hareket etmeyi bilen ki\u015fiye ise bu \u015fartlara uymak \u00e7ok a\u011f\u0131r gelir. \u0130nsana en \u00e7ok kar\u015f\u0131 koyan azas\u0131 dilidir. \u00c7\u00fcnk\u00fc dil yorulmak bilmez, kullanmak i\u00e7in cephaneye ihtiya\u00e7 duymaz, insanlar ise \u00e7o\u011fu kez dilin zararlar\u0131ndan ve tuzaklar\u0131ndan sak\u0131nmakta dikkatsiz davranm\u0131\u015flard\u0131r. H\u00e2lbuki \u015feytan\u0131n insan\u0131 yoldan \u00e7\u0131karmak i\u00e7in en b\u00fcy\u00fck kozu dildir. Allah\u2019\u0131n izniyle dilin b\u00fct\u00fcn bu afetlerini detayl\u0131 bir \u015fekilde izah edece\u011fiz. B\u00fct\u00fcn bu afetlerin tek tek zararlar\u0131n\u0131, s\u0131n\u0131rlar\u0131n\u0131 ve sebeplerini anlataca\u011f\u0131z. Yine bu afetlerden sak\u0131nabilme yollar\u0131n\u0131 tan\u0131t\u0131p, dilin bu y\u00f6n\u00fcn\u00fc k\u0131nayan b\u00fct\u00fcn hadis ve haberleri burada sizlerle payla\u015faca\u011f\u0131z.\u201d Asr\u0131n\u0131n m\u00fcceddidi H\u00fcccet\u00fc\u2019l-\u0130slam \u0130mam Gazal\u00ee bu kitab\u0131nda \u201cdilin afetlerini, malayani, bo\u015f ve faydas\u0131z konu\u015fman\u0131n insana zararlar\u0131n\u0131\u201d merkeze al\u0131yor. Bu konular\u0131n mahiyetini, \u00f6zelli\u011fini, kime ve neye nas\u0131l y\u00f6nlendirilmesi gerekti\u011fini a\u00e7\u0131kl\u0131yor. <\/p>\n","protected":false},"excerpt":{"rendered":"<p>\u201c\u0130nsan\u0131n, dilini kulland\u0131\u011f\u0131nda \u00f6v\u00fclece\u011fi veya k\u0131nanaca\u011f\u0131 hususlar\u0131 bilmesi \u00e7ok zor bir meseledir. Dilin yarat\u0131l\u0131\u015f gayesine g\u00f6re hareket etmeyi bilen ki\u015fiye ise bu \u015fartlara uymak \u00e7ok a\u011f\u0131r<span class=\"excerpt-hellip\"> [\u2026]<\/span><\/p>\n","protected":false},"featured_media":0,"template":"","meta":{"_monsterinsights_skip_tracking":false,"_monsterinsights_sitenote_active":false,"_monsterinsights_sitenote_note":"","_monsterinsights_sitenote_category":0},"product_brand":[],"product_cat":[12718,12719],"product_tag":[],"class_list":{"0":"post-764763","1":"product","2":"type-product","3":"status-publish","5":"product_cat-din","6":"product_cat-islam","7":"pa_cilt-ciltsiz","8":"pa_tur-kitap","9":"pa_yayinevi-nesil-yayinlari","10":"pa_yazar-imam-gazali","12":"first","13":"instock","14":"sale","15":"shipping-taxable","16":"purchasable","17":"product-type-simple"},"_links":{"self":[{"href":"https:\/\/roveyayinevi.com.tr\/index.php\/wp-json\/wp\/v2\/product\/764763","targetHints":{"allow":["GET"]}}],"collection":[{"href":"https:\/\/roveyayinevi.com.tr\/index.php\/wp-json\/wp\/v2\/product"}],"about":[{"href":"https:\/\/roveyayinevi.com.tr\/index.php\/wp-json\/wp\/v2\/types\/product"}],"wp:attachment":[{"href":"https:\/\/roveyayinevi.com.tr\/index.php\/wp-json\/wp\/v2\/media?parent=764763"}],"wp:term":[{"taxonomy":"product_brand","embeddable":true,"href":"https:\/\/roveyayinevi.com.tr\/index.php\/wp-json\/wp\/v2\/product_brand?post=764763"},{"taxonomy":"product_cat","embeddable":true,"href":"https:\/\/roveyayinevi.com.tr\/index.php\/wp-json\/wp\/v2\/product_cat?post=764763"},{"taxonomy":"product_tag","embeddable":true,"href":"https:\/\/roveyayinevi.com.tr\/index.php\/wp-json\/wp\/v2\/product_tag?post=764763"}],"curies":[{"name":"wp","href":"https:\/\/api.w.org\/{rel}","templated":true}]}}