{"id":764761,"date":"2025-08-28T11:20:54","date_gmt":"2025-08-28T08:20:54","guid":{"rendered":"https:\/\/roveyayinevi.com.tr\/index.php\/urun\/hayatin-kaynagindan-hayata-yansimalar\/"},"modified":"2026-04-15T03:30:28","modified_gmt":"2026-04-15T00:30:28","slug":"hayatin-kaynagindan-hayata-yansimalar","status":"publish","type":"product","link":"https:\/\/roveyayinevi.com.tr\/index.php\/urun\/hayatin-kaynagindan-hayata-yansimalar\/","title":{"rendered":"Hayat\u0131n Kayna\u011f\u0131ndan Hayata Yans\u0131malar"},"content":{"rendered":"<p>\u0130nsanl\u0131\u011fa rol-model olarak g\u00f6nderilen Peygamber Efendimiz Hz. Muhammed (S.A.V) imtihan i\u00e7in d\u00fcnyaya g\u00f6nderilen insan\u0131n d\u00fcnya hayat\u0131 ile ba\u011flant\u0131s\u0131n\u0131: \u201cBen bu d\u00fcnyada bir a\u011fac\u0131n alt\u0131nda g\u00f6lgelenen, sonra da oradan kalk\u0131p giden binitli bir yolcu gibiyim\u201d buyurarak ifade etmi\u015ftir.  (Tirmiz\u00ee, Z\u00fchd 44 ) Atalar\u0131m\u0131z da hayat\u0131: \u201cHayat, silgi kullan\u0131lmadan yap\u0131lan bir resim, tekrar\u0131 olmayan bir filim, ikmali olmayan bir s\u0131navd\u0131r.\u201d \u015feklinde tasvir etmi\u015flerdir. E\u011fer hayat d\u00f6n\u00fc\u015f\u00fc olmayan ve ebediyete uzanan bir yolculuk ise, bize d\u00fc\u015fen hayat\u0131n hakikatine vak\u0131f olup, d\u00fcnya ile ahiret, ruhla beden aras\u0131nda dengeyi kurup, bize tahsis edilen zaman kredisi ile d\u00fcnyam\u0131z\u0131 imar edip, ahiretimize yat\u0131r\u0131m yapmakt\u0131r.              <\/p>\n","protected":false},"excerpt":{"rendered":"<p>\u0130nsanl\u0131\u011fa rol-model olarak g\u00f6nderilen Peygamber Efendimiz Hz. Muhammed (S.A.V) imtihan i\u00e7in d\u00fcnyaya g\u00f6nderilen insan\u0131n d\u00fcnya hayat\u0131 ile ba\u011flant\u0131s\u0131n\u0131: \u201cBen bu d\u00fcnyada bir a\u011fac\u0131n alt\u0131nda g\u00f6lgelenen, sonra<span class=\"excerpt-hellip\"> [\u2026]<\/span><\/p>\n","protected":false},"featured_media":0,"template":"","meta":{"_monsterinsights_skip_tracking":false,"_monsterinsights_sitenote_active":false,"_monsterinsights_sitenote_note":"","_monsterinsights_sitenote_category":0},"product_brand":[],"product_cat":[12291,12711],"product_tag":[],"class_list":{"0":"post-764761","1":"product","2":"type-product","3":"status-publish","5":"product_cat-edebiyat","6":"product_cat-roman-oyku","7":"pa_cilt-ciltsiz","8":"pa_tur-kitap","9":"pa_yayinevi-kitap-muptelasi-yayinlari","10":"pa_yazar-yasar-akyay","12":"first","13":"instock","14":"sale","15":"shipping-taxable","16":"purchasable","17":"product-type-simple"},"_links":{"self":[{"href":"https:\/\/roveyayinevi.com.tr\/index.php\/wp-json\/wp\/v2\/product\/764761","targetHints":{"allow":["GET"]}}],"collection":[{"href":"https:\/\/roveyayinevi.com.tr\/index.php\/wp-json\/wp\/v2\/product"}],"about":[{"href":"https:\/\/roveyayinevi.com.tr\/index.php\/wp-json\/wp\/v2\/types\/product"}],"wp:attachment":[{"href":"https:\/\/roveyayinevi.com.tr\/index.php\/wp-json\/wp\/v2\/media?parent=764761"}],"wp:term":[{"taxonomy":"product_brand","embeddable":true,"href":"https:\/\/roveyayinevi.com.tr\/index.php\/wp-json\/wp\/v2\/product_brand?post=764761"},{"taxonomy":"product_cat","embeddable":true,"href":"https:\/\/roveyayinevi.com.tr\/index.php\/wp-json\/wp\/v2\/product_cat?post=764761"},{"taxonomy":"product_tag","embeddable":true,"href":"https:\/\/roveyayinevi.com.tr\/index.php\/wp-json\/wp\/v2\/product_tag?post=764761"}],"curies":[{"name":"wp","href":"https:\/\/api.w.org\/{rel}","templated":true}]}}