{"id":764760,"date":"2025-08-28T11:20:52","date_gmt":"2025-08-28T08:20:52","guid":{"rendered":"https:\/\/roveyayinevi.com.tr\/index.php\/urun\/utancin-ve-umudun-kitabi\/"},"modified":"2026-04-15T03:30:27","modified_gmt":"2026-04-15T00:30:27","slug":"utancin-ve-umudun-kitabi","status":"publish","type":"product","link":"https:\/\/roveyayinevi.com.tr\/index.php\/urun\/utancin-ve-umudun-kitabi\/","title":{"rendered":"Utanc\u0131n Ve Umudun Kitab\u0131"},"content":{"rendered":"<p>\u201cUtan\u00e7\u201d ve \u201cumut\u201d kavramlar\u0131, asl\u0131nda hepimizin tan\u0131d\u0131\u011f\u0131, ancak \u00fczerine bir yorum yapmam\u0131z veya tan\u0131mlamam\u0131z istendi\u011finde birka\u00e7 \u00f6rneklendirmeden ba\u015fka bir cevap veremeyece\u011fimiz kavramlar. Bu kavramlar \u00fczerine o kadar \u00e7ok konu\u015fulmu\u015f ki, ancak neredeyse hi\u00e7bir \u015fey yaz\u0131lmam\u0131\u015f! Yazar bu kitapta tam da bu nokta \u00fczerinden kavramlar\u0131n k\u00f6kenlerini, tarih boyunca ele al\u0131n\u0131\u015f\u0131n\u0131, bunlar hakk\u0131nda yap\u0131lan tart\u0131\u015fmalar\u0131 ayr\u0131nt\u0131l\u0131 bir \u015fekilde kaleme al\u0131yor. Utanc\u0131n umut ile ili\u015fkisini derinlemesine sorguluyor, hatta bu iki duygunun birbiriyle ili\u015fkili olabilece\u011fini savunuyor. \u201cNe utan\u00e7 tamamen k\u00f6t\u00fc ve tamamen kurtulmam\u0131z gereken bir duyguydu ne de umut tamamen olumlu, hayat\u0131m\u0131z\u0131n oda\u011f\u0131nda yer almas\u0131 gereken, amac\u0131m\u0131z olabilecek bir duyguydu. Her ikisinin de dereceleri vard\u0131 ve her ikisinin de i\u015flevsel olup, i\u015flev bozabilece\u011fi senaryolar\u0131 d\u00fc\u015f\u00fcnmek m\u00fcmk\u00fcnd\u00fc.\u201d Biz insanlar, ancak utan\u00e7 ve umut duygular\u0131n\u0131 i\u00e7imizde belirli bir dengede tutabilirsek psikolojimizi sa\u011fl\u0131kl\u0131 olarak nitelendirilebiliriz. Pek \u00e7ok sosyal ili\u015fkiyi d\u00fczenliyor bu duygular, hatta kendimizle ili\u015fkimize dahi y\u00f6n veriyor. Utanc\u0131n a\u015f\u0131r\u0131s\u0131 veya umudun eksikli\u011fi ile ilgili ya\u015fayabilece\u011fimiz sorunlar, hayata uyum sa\u011flamam\u0131z \u00fczerinde de olduk\u00e7a etkili. Yazar, t\u00fcm bunlar i\u00e7in okurlar\u0131na etkinlik alanlar\u0131 sunuyor, okurun kendi kendini sorgulamas\u0131na, cevaplar bulmas\u0131na ve uygulamal\u0131 olarak \u00f6\u011frenebilmesine olanak tan\u0131yor. <\/p>\n","protected":false},"excerpt":{"rendered":"<p>\u201cUtan\u00e7\u201d ve \u201cumut\u201d kavramlar\u0131, asl\u0131nda hepimizin tan\u0131d\u0131\u011f\u0131, ancak \u00fczerine bir yorum yapmam\u0131z veya tan\u0131mlamam\u0131z istendi\u011finde birka\u00e7 \u00f6rneklendirmeden ba\u015fka bir cevap veremeyece\u011fimiz kavramlar. Bu kavramlar \u00fczerine o<span class=\"excerpt-hellip\"> [\u2026]<\/span><\/p>\n","protected":false},"featured_media":0,"template":"","meta":{"_monsterinsights_skip_tracking":false,"_monsterinsights_sitenote_active":false,"_monsterinsights_sitenote_note":"","_monsterinsights_sitenote_category":0},"product_brand":[],"product_cat":[12364,12376],"product_tag":[],"class_list":{"0":"post-764760","1":"product","2":"type-product","3":"status-publish","5":"product_cat-genel-konular","6":"product_cat-kisisel-gelisim","7":"pa_cilt-ciltsiz","8":"pa_tur-kitap","9":"pa_yayinevi-ucuncu-goz","10":"pa_yazar-i-volkan-gulum","12":"first","13":"instock","14":"sale","15":"shipping-taxable","16":"purchasable","17":"product-type-simple"},"_links":{"self":[{"href":"https:\/\/roveyayinevi.com.tr\/index.php\/wp-json\/wp\/v2\/product\/764760","targetHints":{"allow":["GET"]}}],"collection":[{"href":"https:\/\/roveyayinevi.com.tr\/index.php\/wp-json\/wp\/v2\/product"}],"about":[{"href":"https:\/\/roveyayinevi.com.tr\/index.php\/wp-json\/wp\/v2\/types\/product"}],"wp:attachment":[{"href":"https:\/\/roveyayinevi.com.tr\/index.php\/wp-json\/wp\/v2\/media?parent=764760"}],"wp:term":[{"taxonomy":"product_brand","embeddable":true,"href":"https:\/\/roveyayinevi.com.tr\/index.php\/wp-json\/wp\/v2\/product_brand?post=764760"},{"taxonomy":"product_cat","embeddable":true,"href":"https:\/\/roveyayinevi.com.tr\/index.php\/wp-json\/wp\/v2\/product_cat?post=764760"},{"taxonomy":"product_tag","embeddable":true,"href":"https:\/\/roveyayinevi.com.tr\/index.php\/wp-json\/wp\/v2\/product_tag?post=764760"}],"curies":[{"name":"wp","href":"https:\/\/api.w.org\/{rel}","templated":true}]}}